{"id":1036,"date":"2022-04-17T19:42:24","date_gmt":"2022-04-17T17:42:24","guid":{"rendered":"https:\/\/talencegymnastique.fr\/?page_id=1036"},"modified":"2022-05-02T14:17:37","modified_gmt":"2022-05-02T12:17:37","slug":"region-equipe-federal-a-gam-gaf-poitiers-02-03-avril","status":"publish","type":"page","link":"https:\/\/talencegymnastique.fr\/?page_id=1036","title":{"rendered":"R\u00e9gion \u00c9quipe F\u00e9d\u00e9ral A GAM\/GAF Poitiers 02\/03 Avril"},"content":{"rendered":"\n<p class=\"has-text-align-center has-luminous-vivid-amber-color has-black-background-color has-text-color has-background has-medium-font-size\"><strong>R\u00e9sultats<\/strong><\/p>\n\n\n\n<p class=\"has-text-align-center has-background has-normal-font-size\" style=\"background-color:#ea14bc\"><strong>GAF &#8211; POITIERS<\/strong><\/p>\n\n\n\n<figure class=\"wp-block-table is-style-stripes\"><table class=\"has-background\" style=\"background:linear-gradient(135deg,rgb(236,4,193) 0%,rgb(0,209,190) 100%)\"><tbody><tr><td><em>\u00c9quipe<\/em><\/td><td class=\"has-text-align-left\" data-align=\"left\"><em>R\u00e9sultat<\/em><\/td><td class=\"has-text-align-center\" data-align=\"center\"><em>Total point<\/em><\/td><td class=\"has-text-align-center\" data-align=\"center\"><em>D\u00e9tail<\/em><\/td><\/tr><tr><td>F\u00e9d\u00e9ral A 14 ans et + <\/td><td class=\"has-text-align-left\" data-align=\"left\">7\/23<\/td><td class=\"has-text-align-center\" data-align=\"center\">143.352<\/td><td class=\"has-text-align-center\" data-align=\"center\"><a href=\"https:\/\/talencegymnastique.fr\/wp-content\/uploads\/2022\/04\/FEDA14.pdf\">Voir<\/a> <\/td><\/tr><\/tbody><\/table><\/figure>\n\n\n\n<p class=\"has-text-align-center has-background has-normal-font-size\" style=\"background-color:#ea14bc\"><strong>GAM &#8211; POITIERS<\/strong><\/p>\n\n\n\n<figure class=\"wp-block-table is-style-stripes\"><table class=\"has-background\" style=\"background:linear-gradient(135deg,rgb(236,4,193) 0%,rgb(0,209,190) 100%)\"><tbody><tr><td><em>\u00c9quipe<\/em><\/td><td class=\"has-text-align-left\" data-align=\"left\"><em>R\u00e9sultat<\/em><\/td><td class=\"has-text-align-center\" data-align=\"center\"><em>Total point<\/em><\/td><td class=\"has-text-align-center\" data-align=\"center\"><em>D\u00e9tail<\/em><\/td><\/tr><tr><td>F\u00e9d\u00e9ral A 10-15 ans<\/td><td class=\"has-text-align-left\" data-align=\"left\">3\/8<\/td><td class=\"has-text-align-center\" data-align=\"center\">166.083<\/td><td class=\"has-text-align-center\" data-align=\"center\"><a href=\"https:\/\/talencegymnastique.fr\/wp-content\/uploads\/2022\/04\/FEDAGAM.pdf\">Voir<\/a> <\/td><\/tr><\/tbody><\/table><\/figure>\n\n\n\n<p class=\"has-text-align-center has-luminous-vivid-amber-color has-black-background-color has-text-color has-background has-medium-font-size\"><strong>Photos de la comp\u00e9tition<\/strong><\/p>\n\n\n\n<script src=\"https:\/\/cdn.jsdelivr.net\/npm\/publicalbum@latest\/embed-ui.min.js\" async><\/script>\n<div class=\"pa-carousel-widget\" style=\"width:100%; height:480px; display:none;\"\n  data-link=\"https:\/\/photos.app.goo.gl\/avdbQ4hZJpJgP1wy6\"\n  data-title=\"R\u00e9gion Fed A 2\/3 Avril Poitiers\"\n  data-description=\"32 new items added to shared album\">\n  <object data=\"https:\/\/lh3.googleusercontent.com\/5tM3yH5lZmF6yHnCusrDYsmIYeiviw91mwV8GOz6nC28LDenXvUOLzfyFR6IQnU4JIWQg45iGSmopeYArMS9LY3a_YnXVDleqWbQ72mA7wt21vAN_txJA24hDpzXCU1DN3kE-EkEtQ=w1920-h1080\"><\/object>\n  <object data=\"https:\/\/lh3.googleusercontent.com\/bIUu3IgxO7uhCUAlnPU-xtu3gQp_kmZDeCD0IWG90fb9WOzvLkAlqqNk0ZwD5i-uqDog5UviDsuU-AwifOKITSoB4qPxfug6JVDIkR4zLEC6zEXrkVV1sGjgui2bgoZW_oW4BprPmA=w1920-h1080\"><\/object>\n  <object data=\"https:\/\/lh3.googleusercontent.com\/7r1QF-8p7Wh-xCKkxuKd2lHpCpLbVpXABS9qakLpvz9wfCXyQ7korQiGs62eJJvDiG_DzOQLY7Dx59keolh9Fi0UN8CjGc7nL_DiiI29jm8-J1vQmwM2kOILuM9P-phpk30nb_U8mg=w1920-h1080\"><\/object>\n  <object data=\"https:\/\/lh3.googleusercontent.com\/rMpQMUMnKbLJY5dTIlSP2257ysHbL376vIUsFOnUS1GXyH8RB-RIsxmXb07r-A0ITs3l7ryU7oHO1K1IMyVwVjcn0iyQRKrPNS7jhRQrkjvEdD3gjX1RaEs1Am6oAJ51ZQbqRDvxtg=w1920-h1080\"><\/object>\n  <object data=\"https:\/\/lh3.googleusercontent.com\/gpF6uCPoj2bzAhFGnMNtB6-Xk_Sp0kyrehvIhjMaGWtAat-yY2iY5VaSGwfJbJT7Q6YhBCdGNDvU8mHyNVQmAbmpOe6qJtsxHTKZXVsV0B8SkcRgp6_OFfyTAhj1fWwF0xJbdmBP2w=w1920-h1080\"><\/object>\n  <object data=\"https:\/\/lh3.googleusercontent.com\/yoDy4epRH6Sv5rgmQ9GwrMGYkZPdwu20ZNZuK9Gi8y078xNauje4ol2ZaGFcNT5KFryfUepmQUyBEr7mw_HlYBdeLSy-hciBWfcJUspwDJpp8i_xUKNjfa1pxKoZRWcrmvJnWDJc0w=w1920-h1080\"><\/object>\n  <object data=\"https:\/\/lh3.googleusercontent.com\/Z-l9FYGFkP-QQQchFUkpTBPWkqzXgNaJqGlpO2B_wnXsF4xmcoeVarYbmEgZAWYFGLisVrdJvgQCuxxKFHDuQln6QmYZJDsx1yzXbGVrehzg3rbj_1xzSTqgR2fY5mq0WXnoNALa0w=w1920-h1080\"><\/object>\n  <object data=\"https:\/\/lh3.googleusercontent.com\/H9so8r0thR-mkKDq4KVuchv9WtKaD7dUDWarn6fkf3b-7nWjqmyWjuH7pCD-35wQqIMKhXLvbbVjlr1XWNqfz_XO2kdxcyFch_j65pprb-nLjCpgS_VtqMCMyqMEBnCevnZdhjmmpA=w1920-h1080\"><\/object>\n  <object data=\"https:\/\/lh3.googleusercontent.com\/UWaLdhexy376ZPrSBOda7Csmb0OjA141-VMG4mSz4Kdf_BiiONPBdBRCV01Rxf2dk2S_UG2RUEVhzhk10FUhBZUrzACbdYXy8AUlo3HspjmsNLUenq21H-eQdSLQkxMNl-0mPLuElQ=w1920-h1080\"><\/object>\n  <object data=\"https:\/\/lh3.googleusercontent.com\/NVB3XxDQC2GYJ0SMFkHJdAkdS9dmtX8YqMs4W290i8rq9KuN1U1BS-kkdiJDPgAvc0hXEHWjvicO6UOILNJ3kajENY0Ng2I7zQcfZjiZnejTsH7Ac8BarfuXRRL4-rGJaLDjJdtLCA=w1920-h1080\"><\/object>\n  <object data=\"https:\/\/lh3.googleusercontent.com\/UrSXEGqfWjPht1k2rYixiDw-PhIj7l16egntK8b0i6ahqm5TJxhRH1gk7j6rGX_OHolVgCdDm5ORDdAXKmvYqnAeIyU_n2R6q3Vw4JfgDEIYgknNd7GSYWXLFaGrkIdUz_TWOcfNHQ=w1920-h1080\"><\/object>\n  <object data=\"https:\/\/lh3.googleusercontent.com\/9Qzc5okLJc2JUauU_bhWhB6JlOD5S1nguhf1KTtmF-GE3u8y2JDrfiGc9CzXbakNqasl0TDHynal3V5cyTz0E_U0HYtdXhZpGUdL9u5Q-kd_QmkTBCohraJmHVwSL8_cctaW-dpObw=w1920-h1080\"><\/object>\n  <object data=\"https:\/\/lh3.googleusercontent.com\/A0NLSr4H-oGX2SQNAUsQ6akkp_k2JvnzMjX9pVzU3ZAHUkshzs6V2Wh_Nvy1oNIeE2pWD2faBKbwvSBIBg30Zc87ziaeWIHDB7f0CHuxzGkzaKknrq7XbC_aWjp8dX2mg3wM_xfmcg=w1920-h1080\"><\/object>\n  <object data=\"https:\/\/lh3.googleusercontent.com\/qILIwkCXHbjmyDvOco35_beur2wnUnoXkB1pKlzhBY9KvK7sk4ZUkY1lp6-d8LE-9B_FDsgt1RPE9coh-B2XnyA31zrsEyWSGGj6vIdFe72hhYDXcTNv6yavdLFtFhyFsTfgwr7IVw=w1920-h1080\"><\/object>\n  <object data=\"https:\/\/lh3.googleusercontent.com\/RM45ddLtRvdI_IutlVNjC_PeqNqaYn3foiXXHY-BH2vMfv9CrR0ZMKyBKaAllWqfk0GfqGZ4WOCI-STKYFWcC1mH1gAG7bx0HNm2uTfuwVw_-5bmGLVshuauIpeQGh-E6pu7N5L76Q=w1920-h1080\"><\/object>\n  <object data=\"https:\/\/lh3.googleusercontent.com\/hAsUQ6Cr4ck3kfvvBEAmUYEhR8_2xkTRfOrHfDA7p8-r_VV9rOyGbgJHT-Kk08etzWJ_oRC0U4v5NO_M-BCRny538hgJanZxpWriF-nxeWP_cC8S2043nPSxfLfIw6s3OWcF07xoBw=w1920-h1080\"><\/object>\n  <object data=\"https:\/\/lh3.googleusercontent.com\/RJjLjty0xyPQpssJ1mOsw6DxytfxOpttlt-8Ce-o5Tm3u2HSS7Yq11dwyGWyOvmmWoR01Gnuv7jK47kPOMyKKh1QW0q3iXlwmNgLDZ4x3mlTM9Kx1R3zGDGy4ItdZO0mzzp-8Y5VYg=w1920-h1080\"><\/object>\n  <object data=\"https:\/\/lh3.googleusercontent.com\/MLvxjV3PuTJoZZy8FeSxQdqIWU-Iw48lNObBPLOMmi-f1N2Aml7eGuZSZpCUhhO3cqWzio4d_f3g0ACpGlhqkLJ_v48fb2CDL1CQBOsoKEV-tKJqvUZmjpDC7pJetlaiidv15mKRGg=w1920-h1080\"><\/object>\n  <object data=\"https:\/\/lh3.googleusercontent.com\/IZJFyd5jy1TfUbDkoej1uXZV0QWTmSVFXh2ZRP-6DRWLIReUh59vdSUwYINODfXvBI1YezXDZm_ZRlkFCvDOzyxYE656JvgdG9gCgcf_NW903BF7LwxcccSgdW9x7KUPb5MZ_1OjKQ=w1920-h1080\"><\/object>\n  <object data=\"https:\/\/lh3.googleusercontent.com\/LWLKKZxZxkFnVpcxTA-bcHeJVq73wih14oyYRKqNgVtXyhYi5Zx2WS_1gGEtoItF8tZgyu5qjPcCTejtJ-djyakezdc3Sl3frTLQlaKh6qH3vjH2C1Hq6InV9As2yI1Tjlo_wNmn9w=w1920-h1080\"><\/object>\n  <object data=\"https:\/\/lh3.googleusercontent.com\/1exiKJ3nDc7PAVi1SO_bUppz7VTnNihdP2NVKeBRpCTOeVGR4R_aQwwDgifmZETCYpG5yfqSEaFrCU277aH0JClz9hf3UeZjXgsQ4-YakmFhvE5bHI36LzR7fL-7zSit5GiH8-EnIA=w1920-h1080\"><\/object>\n  <object data=\"https:\/\/lh3.googleusercontent.com\/qJodv6B3PzN8Btxr8q1BvyLJfUqX2SYbD3-ZXvADk77lanip6HgCWcn8GiwMVS36rdDJLT96_crFVTAxgCNHEAfc7CPEax6tuluWf_RbK3ztahMJFom6um2XyHUKALVvKqC_kfwwAA=w1920-h1080\"><\/object>\n  <object data=\"https:\/\/lh3.googleusercontent.com\/1jkDFeaAvrNjsb7d3QthncY-DLvJal29EaVVhgaBGq2oeLzLLyogyMAWXj9wgPhxB_7R1b3S3t2hvoWqQdDZp5FQOTh087YxTQ217EvDjJuWS-hV1OJYxAcW9pjhfBHwaz9KBn50Qw=w1920-h1080\"><\/object>\n  <object data=\"https:\/\/lh3.googleusercontent.com\/j980E9DZ7a9F4TNnTo5Ud_Zg_vwK2Gttkct2CxAU5gYnGNu9XTz9BmNxeB7JznxGwm8acr_MpxTYnnba51SjA9CsuZB556Fqv0NPDtM2eqWXAQ3JUuk7y59E9ncViDB8T0yav7Hx5A=w1920-h1080\"><\/object>\n  <object data=\"https:\/\/lh3.googleusercontent.com\/FjKTonk2dB_bER53Msbu7GrfNS6mGH9kc2wIXE91VM2V9GQpcJ2DUyu5OkVDmcxrY8mo9--yxAf2YK5G10iyzehmPdbZh1IVNveaFMl8NR06vrCEZz3Ykiu_PNpNmLM2-AM_85lJWQ=w1920-h1080\"><\/object>\n  <object data=\"https:\/\/lh3.googleusercontent.com\/Sq445TZ-kHS9wXbQNi3zwfmZYmMnjh8joiPuWweUddMHUdaRt88djnnzSeQOAYGK67CK3UK5mWTFzETrBRKytqc0ErSFUxrkHV8KWVvM-2wg6q2TeezKnD9yXIRw0DBrREWRVtAcng=w1920-h1080\"><\/object>\n  <object data=\"https:\/\/lh3.googleusercontent.com\/5CYW-TtEFtFocKO3UsyVH00Jx6FlVDGX3ncMtNIKWN_2d5lc0mT05f8TVJpzOURFWPr_ZyhljsAwWIpTpmOL1DbtSUl3x7ZB8AccR0b8Kkn7BazgWLY5c8uxSEIR-zBvJZgpfRseWw=w1920-h1080\"><\/object>\n  <object data=\"https:\/\/lh3.googleusercontent.com\/_yAQks7CEICY60sUOtQOtaYlgYCKojjgO9fmiKbxYEO2vZugLgfrbbEQEpOaBTZofgP3ZgXqy2Hd5Vc1vRZLTJlUHnY12HqApgLtEmu1NuuwV-ukkoReTJH_eo5rRZyPxIlID61vmQ=w1920-h1080\"><\/object>\n  <object data=\"https:\/\/lh3.googleusercontent.com\/uTCn4ep5LqnJbdFPBEetvfmaTxE31zYp97phO9IE5usW7xSYFZzgAC81RJZGODc4whhSfubSXtNo0n8y1OijLApf6BeoZ-2qI2pFYsMiauS3--9pj1-uZODZu9IiZ1ZHW1HKY7LTyQ=w1920-h1080\"><\/object>\n  <object data=\"https:\/\/lh3.googleusercontent.com\/pzSWWNBZxm-pfQoKEF2RqDG--ffKhngb4ORuVLNUjW0qdqepVEqpuhkshvwq4i56AWeiiRWwuwUpxbQ4RCPKE-RQvzNQaBlcQK1BUctNOwdCnr4xO7ZYMjuVrZ0iMf4oqtvNsuACIw=w1920-h1080\"><\/object>\n  <object data=\"https:\/\/lh3.googleusercontent.com\/MGqzKa1HP38zRe1yaarziNXbfp8O3-NgBVOxG0AwfIOH3XcJhjpDNAUxiNRLcfL26dQmMm6zFp0Oc4UCMMbb09SyvTB9T0u_AxKSbVlqRMR7rbvGGH3XGzNi159kqqVo5uNhnHkVWw=w1920-h1080\"><\/object>\n  <object data=\"https:\/\/lh3.googleusercontent.com\/MSh_XRReUTqFTWG-Y1coifINEKqyCWYUgFptXMBJlDiaPwWKEk9M2w00ZBcErXttS9M7REoGgLAEGe2Bo_Ott8I0AQTBjnYuV1-ZzjHbSepk0QHDSx7ruk9W9XsPQwvAF7PSK11igA=w1920-h1080\"><\/object>\n<\/div>\n\n","protected":false},"excerpt":{"rendered":"<p>R\u00e9sultats GAF &#8211; POITIERS \u00c9quipe R\u00e9sultat Total point D\u00e9tail F\u00e9d\u00e9ral A 14 ans et + 7\/23 143.352 Voir GAM &#8211; POITIERS \u00c9quipe R\u00e9sultat Total point D\u00e9tail F\u00e9d\u00e9ral A 10-15 ans 3\/8 166.083 Voir Photos de la comp\u00e9tition<\/p>\n","protected":false},"author":1,"featured_media":0,"parent":352,"menu_order":0,"comment_status":"closed","ping_status":"closed","template":"","meta":{"footnotes":""},"class_list":["post-1036","page","type-page","status-publish","hentry"],"jetpack_sharing_enabled":true,"_links":{"self":[{"href":"https:\/\/talencegymnastique.fr\/index.php?rest_route=\/wp\/v2\/pages\/1036","targetHints":{"allow":["GET"]}}],"collection":[{"href":"https:\/\/talencegymnastique.fr\/index.php?rest_route=\/wp\/v2\/pages"}],"about":[{"href":"https:\/\/talencegymnastique.fr\/index.php?rest_route=\/wp\/v2\/types\/page"}],"author":[{"embeddable":true,"href":"https:\/\/talencegymnastique.fr\/index.php?rest_route=\/wp\/v2\/users\/1"}],"replies":[{"embeddable":true,"href":"https:\/\/talencegymnastique.fr\/index.php?rest_route=%2Fwp%2Fv2%2Fcomments&post=1036"}],"version-history":[{"count":3,"href":"https:\/\/talencegymnastique.fr\/index.php?rest_route=\/wp\/v2\/pages\/1036\/revisions"}],"predecessor-version":[{"id":1073,"href":"https:\/\/talencegymnastique.fr\/index.php?rest_route=\/wp\/v2\/pages\/1036\/revisions\/1073"}],"up":[{"embeddable":true,"href":"https:\/\/talencegymnastique.fr\/index.php?rest_route=\/wp\/v2\/pages\/352"}],"wp:attachment":[{"href":"https:\/\/talencegymnastique.fr\/index.php?rest_route=%2Fwp%2Fv2%2Fmedia&parent=1036"}],"curies":[{"name":"wp","href":"https:\/\/api.w.org\/{rel}","templated":true}]}}