{"id":1042,"date":"2022-04-17T20:58:45","date_gmt":"2022-04-17T18:58:45","guid":{"rendered":"https:\/\/talencegymnastique.fr\/?page_id=1042"},"modified":"2022-05-02T14:48:06","modified_gmt":"2022-05-02T12:48:06","slug":"interdepartement-individuel-perf-fed-gam-gaf-la-teste-boulazac-9-avril","status":"publish","type":"page","link":"https:\/\/talencegymnastique.fr\/?page_id=1042","title":{"rendered":"InterD\u00e9partement Individuel Perf\/Fed GAM\/GAF La Teste\/Boulazac 9 Avril"},"content":{"rendered":"\n<p class=\"has-text-align-center has-luminous-vivid-amber-color has-black-background-color has-text-color has-background has-medium-font-size\"><strong>R\u00e9sultats<\/strong><\/p>\n\n\n\n<p class=\"has-text-align-center has-background has-normal-font-size\" style=\"background-color:#ea14bc\"><strong>GAF<\/strong><\/p>\n\n\n\n<figure class=\"wp-block-table is-style-stripes\"><table class=\"has-background\" style=\"background:linear-gradient(135deg,rgb(236,4,193) 0%,rgb(0,184,209) 100%)\"><tbody><tr><td><em>Gymnaste<\/em><\/td><td>Cat\u00e9gorie<\/td><td class=\"has-text-align-left\" data-align=\"left\"><em>R\u00e9sultat<\/em><\/td><td class=\"has-text-align-center\" data-align=\"center\"><em>Total point<\/em><\/td><td class=\"has-text-align-center\" data-align=\"center\"><em>D\u00e9tail<\/em><\/td><\/tr><tr><td>VARICHON Julie<\/td><td>Nationale 21 ans et +<\/td><td class=\"has-text-align-left\" data-align=\"left\">3\/5<\/td><td class=\"has-text-align-center\" data-align=\"center\">43.800<\/td><td class=\"has-text-align-center\" data-align=\"center\"><a href=\"https:\/\/talencegymnastique.fr\/wp-content\/uploads\/2022\/04\/Nat21.pdf\">Voir<\/a><\/td><\/tr><tr><td>DAMIANS Mathilde<\/td><td>Nationale 21 ans et +<\/td><td class=\"has-text-align-left\" data-align=\"left\">5\/5<\/td><td class=\"has-text-align-center\" data-align=\"center\">5.900<\/td><td class=\"has-text-align-center\" data-align=\"center\"><a href=\"https:\/\/talencegymnastique.fr\/wp-content\/uploads\/2022\/04\/Nat21.pdf\">Voir<\/a> <\/td><\/tr><tr><td>KONAN Naomi<\/td><td>Nationale 18-20 ans<\/td><td class=\"has-text-align-left\" data-align=\"left\">7\/7<\/td><td class=\"has-text-align-center\" data-align=\"center\">36.850<\/td><td class=\"has-text-align-center\" data-align=\"center\"><a href=\"https:\/\/talencegymnastique.fr\/wp-content\/uploads\/2022\/04\/Nat18-20.pdf\">Voir<\/a> <\/td><\/tr><\/tbody><\/table><\/figure>\n\n\n\n<p class=\"has-text-align-center has-background has-normal-font-size\" style=\"background-color:#ea14bc\"><strong>GAM<\/strong><\/p>\n\n\n\n<figure class=\"wp-block-table is-style-stripes\"><table class=\"has-background\" style=\"background:linear-gradient(135deg,rgb(236,4,193) 0%,rgb(0,184,209) 100%)\"><tbody><tr><td><em>Gymnaste<\/em><\/td><td>Cat\u00e9gorie<\/td><td class=\"has-text-align-left\" data-align=\"left\"><em>R\u00e9sultat<\/em><\/td><td class=\"has-text-align-center\" data-align=\"center\"><em>Total point<\/em><\/td><td class=\"has-text-align-center\" data-align=\"center\"><em>D\u00e9tail<\/em><\/td><\/tr><tr><td>BOTTIN Elouan<\/td><td>F\u00e9d\u00e9ral A 12-13 ans<\/td><td class=\"has-text-align-left\" data-align=\"left\">3\/7<\/td><td class=\"has-text-align-center\" data-align=\"center\">54.050<\/td><td class=\"has-text-align-center\" data-align=\"center\"><a href=\"https:\/\/talencegymnastique.fr\/wp-content\/uploads\/2022\/04\/FEDA12-13.pdf\">Voir<\/a><\/td><\/tr><tr><td>BENSILUM Paul<\/td><td>Nationale A 11 ans<\/td><td class=\"has-text-align-left\" data-align=\"left\">2\/2<\/td><td class=\"has-text-align-center\" data-align=\"center\">53.200<\/td><td class=\"has-text-align-center\" data-align=\"center\"><a href=\"https:\/\/talencegymnastique.fr\/wp-content\/uploads\/2022\/04\/Nat11GAM.pdf\" data-type=\"URL\" data-id=\"https:\/\/talencegymnastique.fr\/wp-content\/uploads\/2022\/04\/Nat11GAM.pdf\">Voir<\/a> <\/td><\/tr><tr><td>DE MORAIS Oscar<\/td><td>Performance r\u00e9gionale 10 ans<\/td><td class=\"has-text-align-left\" data-align=\"left\">2\/8<\/td><td class=\"has-text-align-center\" data-align=\"center\">64.382<\/td><td class=\"has-text-align-center\" data-align=\"center\"><a href=\"https:\/\/talencegymnastique.fr\/wp-content\/uploads\/2022\/04\/PerfReg10ans.pdf\">Voir<\/a> <\/td><\/tr><tr><td>DOURTRELOUX Marin<\/td><td>Performance r\u00e9gionale 10 ans<\/td><td class=\"has-text-align-left\" data-align=\"left\">8\/8<\/td><td class=\"has-text-align-center\" data-align=\"center\">51.132<\/td><td class=\"has-text-align-center\" data-align=\"center\"><a href=\"https:\/\/talencegymnastique.fr\/wp-content\/uploads\/2022\/04\/PerfReg10ans.pdf\">Voir<\/a><\/td><\/tr><\/tbody><\/table><\/figure>\n\n\n\n<p class=\"has-text-align-center has-luminous-vivid-amber-color has-black-background-color has-text-color has-background has-medium-font-size\"><strong>Photos de la comp\u00e9tition<\/strong><\/p>\n\n\n\n<script src=\"https:\/\/cdn.jsdelivr.net\/npm\/publicalbum@latest\/embed-ui.min.js\" async=\"\"><\/script>\n<div class=\"pa-carousel-widget\" style=\"width:100%; height:480px; display:none;\" data-link=\"https:\/\/photos.app.goo.gl\/FLSMqZ2XcnW5Ftrt8\" data-title=\"ID indiv GAM\/GAF La Teste\/Boulazac 09\/10 Avril\" data-description=\"36 new items added to shared album\">\n  <object data=\"https:\/\/lh3.googleusercontent.com\/96P4vqYDHmMpRLG-ECk6RO-9WxxD1hKGjx2qT-CC7Fam5TMtlOzO3bNmjmvhL9nPxUSL7G9wcZBaavgXVEKJgDAh7ZhUbMSBIf-QtY9_zVq5ToVmcBbsAhvajmh309ynDW4qGDm-fA=w1920-h1080\"><\/object>\n  <object data=\"https:\/\/lh3.googleusercontent.com\/JO45zAeLEhKMaBNI7oX6jq2EchnXNBGHxuBr7Ai6UxJCXxI0DtsmNtj_Qh-3Qd0cmZIybF1BOSlLu9sYsAZOlPwD4rcijfIqV6jtl_iejuhZLL1aqmK1Xx3xObLHuRPp_lc5-QVnsg=w1920-h1080\"><\/object>\n  <object data=\"https:\/\/lh3.googleusercontent.com\/gw6TW8Su2PQgTfG_rnw2rX_eriDYcQOGbctpulUz1vDHG2YCHqH_X2AYiNTwUelQTU36uZDVJYo9BRMeIVz9DXXmCS97JbKjgMOfQZFenlICPNfPbbGXOpY5rSf7IRWdfT8f-5rWEQ=w1920-h1080\"><\/object>\n  <object data=\"https:\/\/lh3.googleusercontent.com\/9-d6eJmDFRLOQ1q1wnmyUbyLhyXEntq5n2wqy5uO35BS079OsMHef5YhBYHlICf6WLsd8a9qudwCiRU27HkCp_zh4wrTE6vDBU2fRAEfd9nSzRGqTrnz5MqxHoP-PdxxDGQ0McvC4Q=w1920-h1080\"><\/object>\n  <object data=\"https:\/\/lh3.googleusercontent.com\/j6P7fN-_HaZ7YW7TIYVFFDBWnfssAKRbgbEs4fPKIu0pskxxBxflmuzyVwBSRtXFvGLdR_TSBPzDmGdvbrBqA_mukGzcRz_Nf3OAIBZIR_MRV96YWwAHzjLGIZdRdLCJZ0Q3kh4aiQ=w1920-h1080\"><\/object>\n  <object data=\"https:\/\/lh3.googleusercontent.com\/FU3AOTn5hm0BS7iJE4LamNSxJpw10bGKoAEQ35VQ0tP8AB4KPPi6OgkhfmonTXR4YZmlKfuwk0J_9Mxe9uqEHLAV_rwmTYHctnn3ciCmaQiZuU72NG41UpaMDRGP7SKS09gTuHB_nQ=w1920-h1080\"><\/object>\n  <object data=\"https:\/\/lh3.googleusercontent.com\/nTIceM3j_qrK7l92yLW-Tm5YJMBu9wNADkPuFDMzn-deMtND7kzz6xwi2Wvv3w_qGoy3kk8wewQEcrSqSgRt_nz_PQOxSF3F3xYm1TPWd-CXyluc60DDZvh4aG1h0gpv00C7GdbawQ=w1920-h1080\"><\/object>\n  <object data=\"https:\/\/lh3.googleusercontent.com\/68X6dI5SClJm1XWI7___Q6ljjxb9ZJzgOW49xVXO7etRJodP_41-50ZaENcsbz4EEyTi8UFus1v-1E4WhDncwe5m3cSeqHPSAEEvUe6LjHmt-za-ureMCGorUXuAgjNE6SYmfbxA2g=w1920-h1080\"><\/object>\n  <object data=\"https:\/\/lh3.googleusercontent.com\/aqV5Qjo342eTkTQDFAynz9ZKP2YBDErHDU71gigh-gesdxdIA0Oo8ZR6TWyuptJ5B-mCwZvSFeew-R930spf8UsfPDqN9ERD9-Bcmm0jHdibtd2EugQBJk7AK_SBjN5MUMSP3ztMEQ=w1920-h1080\"><\/object>\n  <object data=\"https:\/\/lh3.googleusercontent.com\/qBAVtbFojQK8SHdy3otAJmB8X7_gWGazZFeeXknf2O8forofWRghA-DjtlDpw_MqQauhsgUaX6Wm-OacHflD-2rk6n45f3LOUBiQ511p8jbH1FSUxK4w3myNsemw5k3c0Rd5cGDibQ=w1920-h1080\"><\/object>\n  <object data=\"https:\/\/lh3.googleusercontent.com\/ZQSHDVj9Pywi7ndIYwpk42ySBviwQ4YdofkCc6cwfUtMHABjRqJ77aA9qslsleXgpAyynX_uQG6QhZgyKCRg_uTURAyodBXwbuz0Ve3ALDjieEzyXVK-vlGsdTE0fZCQ5ZbPvdFgMQ=w1920-h1080\"><\/object>\n  <object data=\"https:\/\/lh3.googleusercontent.com\/bXSb18N9yk6eyDsQYB5hjRLq0Wc3SN8NHTim7gwZnb5BCmJblSS-p0JU5-G-OA1_YpdW_V9cYPoRG7IQnIHjW7iOR942DzNMEqrJiqk72iv666avHtxZslgXKBFMms1e_EuXIKts6Q=w1920-h1080\"><\/object>\n  <object data=\"https:\/\/lh3.googleusercontent.com\/N5XVEDknt6RXTgDQJxXPT2FMcQxgX5uBDmGHzG-DsXh3NGpUPXBAsdnqa7lGmRpAHNx9iU6AR0C51d3epcbmPsGPfQ4OGhEutmq3br3pzTmdldaxTj-T7lUUNrT5X0XDOad1L5Cwew=w1920-h1080\"><\/object>\n  <object data=\"https:\/\/lh3.googleusercontent.com\/XcUlhOirh2bmDko2JNiIKyoqAPwaJtK8YPGqBfDx8NZpVVYaNfuJ6jfRBj4TiexeXT35VL5gIrDZE0k4uxAh5AMItvO3oJX70fAJ289c1J3TNrohNdF2PcLsAC1NxPqBcbxGWsl-qw=w1920-h1080\"><\/object>\n  <object data=\"https:\/\/lh3.googleusercontent.com\/NSGpqx_e0CIRCh_ERn8e8Ij4w9mUeweXKcLd6HMLka-P--q00c9OTAYXhI_Nz9CUKKF7Xj3ZJG9xekBWaVgR7AW1LjwasbamuY77m4xWxzmjZ4E7KbAVIROXVbLYCaUMmy_BfX7jNA=w1920-h1080\"><\/object>\n  <object data=\"https:\/\/lh3.googleusercontent.com\/sT3VcIQjAv2XPEh9nChhxiuOjivALDEAK3FrSDK4ZacP6om6NidROjx3lr7xtv8_woGwQXzHhlXtjtVXb4fevF8moN0wdFzB1aAiR2JyHf-KYob-AuEy7Ul5V3qWvKoLatC4IctwjA=w1920-h1080\"><\/object>\n  <object data=\"https:\/\/lh3.googleusercontent.com\/UgSojQ1-MV96H2iKm-r68j4ZFWq-vofJwt4cQbeEecNZNG-PG81IFE5Y5fZHZDbv1hO7f3ROLxCA-F_k-0kz87pfDwBuJHJDhaL78aoHYx5ijxWYa1MeZm8hHSL60kgnK3X-IaRlfw=w1920-h1080\"><\/object>\n  <object data=\"https:\/\/lh3.googleusercontent.com\/EXzhG6Soiv530QGc47VYOPJM1xqcA1h3MjZTH5N7YJg-lktTPONTMlruKGBOs9W3Vo-oYvrkhEfVnbbe4PiqJvD75AvBgK521aHvlXmLB1rU4CDAko0IUxeGoL06150_fMqBoWTt4Q=w1920-h1080\"><\/object>\n  <object data=\"https:\/\/lh3.googleusercontent.com\/ly5fQbJDukXLqIpg7bMxk_tThmJeNMUc4T7_2NZWHh_bRu_u9ua8asCe3wtlUeRsPBE8kn47Cvy9TtlEnw6R_wZFCJOcvrRGgyXiwqavKHOlkEThRxfZfcah0WoaDd-7q1bOa6xHlA=w1920-h1080\"><\/object>\n  <object data=\"https:\/\/lh3.googleusercontent.com\/zK6E9rWl8ex0-9b_jP7BTqonHFfxaW5t0-oE7v2NdFOrqvQ9gYqv9Nf7cPlaJS9eFHK2TRlD96RBXLPYeSz8Sdf_HvJXD_aIqcGySsXDzjA47B5F2a7qPtV2_7vrXa4vXe1x21mbig=w1920-h1080\"><\/object>\n  <object data=\"https:\/\/lh3.googleusercontent.com\/Gc8ztEl7ylwwcXFRxTQ2DnrR7DFgJ1XA7MRWjhHG1AqMFVlJiOAuu4Ad2E9_PZuzXoP67327UZ9eI9ej4SEuK4pnCH7kAO333UfEHq-VjI-EDyqFXqVlH9omi41dvX_o1NCtKFFWVQ=w1920-h1080\"><\/object>\n  <object data=\"https:\/\/lh3.googleusercontent.com\/Y291S2ok8gmhq9aF8G7iE-TTN4SwgeiKKQng2DhDh9QWl84ZFCRUkmHjTaozcg2_KKrmyWz_UUiOlSQPs-vsNHsY3SsRT4LxEBpOmeXsBjtGW555vYTb1iQtOZ37uKvYtKgVYf7hNQ=w1920-h1080\"><\/object>\n  <object data=\"https:\/\/lh3.googleusercontent.com\/4rCGvYREq2xqeqBHLgzojVEHw0nA65L73A1146Lq6Ys6Xp6BQKkO4-P23HiAQWvGvvYDJ2lIuRpYGOAJIIJw0hhcaYU4ApYH3hMNSbIFU34X2TK4gsUbn-5QMSe_8grVg7_9HG36PA=w1920-h1080\"><\/object>\n  <object data=\"https:\/\/lh3.googleusercontent.com\/QMlL_uQ88AyVFmkQtvEpkhpj5BXKOEUgceFwMlqpztx7OHzaGrrMsWacnm1VASp0CvZecuKIqY_N5BUs3kR9u0zN5oQDkWdl3yV9xNguch6XSL18VVc2w6X8n0uuRCzPv1Pkx66pDA=w1920-h1080\"><\/object>\n  <object data=\"https:\/\/lh3.googleusercontent.com\/E4yOdJ-QkFNYTVSoc0VAW52nnG1PdGbvY7EubGjHLWEq_Aa6MrMrpkfWYmkGLa5QodMBU16DE8vO9OAiJMUKIpbnO2IsF9fVDlk6qJuOPTEnK9sZU_ypj4ItdxQvni8wVxUmlbmPfA=w1920-h1080\"><\/object>\n  <object data=\"https:\/\/lh3.googleusercontent.com\/0AYW4QwmUuW4YfPKAkJlwTwZYme_6dE5d0VFPP-l31irkM_ZuL0ALvAF_gRODweVYo4imuXv9Rgp3H8wCDOaxxqtURO7t-7UueWy5nEjYQQDMlj-Q1Gh6vT1gZExL1QxihbGbE5KsA=w1920-h1080\"><\/object>\n  <object data=\"https:\/\/lh3.googleusercontent.com\/fCZzCUELg00ZVtcWxBSW2xWqC8_xBoYw5RhbAO6-epwmMl75waIikwOp5lAly9EPzIw5zJQDovYG5pzPmV5mWc0RQ8-hKobGHedTphIathFVtHIs6E_aCdNm6TzJQTRUKwF8R40v8Q=w1920-h1080\"><\/object>\n  <object data=\"https:\/\/lh3.googleusercontent.com\/cBMdrNpK-40amdV5o3mB5T-xvbUKAs2bx8rqs9piBY6Js9d7IJvCbXeYf_GAvWIP_68san9aBK2BCmgw-GmNesP6CK0DPqW9CtCou_H4u74FA-o9WXSojzVewDZORcIBiq69qrxx7w=w1920-h1080\"><\/object>\n  <object data=\"https:\/\/lh3.googleusercontent.com\/G6b1I_QzIm-1w_0HNaZOEuQyHDBfQR35JvdribAIFZJziqAEmNBiBlY1Fevr-SEefoNlgFwRjPYKTiw5hnrxU31g4DeyCdxEPQR7QDBDVI_-eAU9W8ZGSuil6sR7eZQ-2vA-aJfgxQ=w1920-h1080\"><\/object>\n  <object data=\"https:\/\/lh3.googleusercontent.com\/UFW6V-a3SjCxmfZJCrY48WEbB18PXUBx55Ac76DU2LWLsEvDdcmklURST71T_AEwo56JfhWP1-_wUYeEQZHpW5fG-e0mLi6ua8MUuc_EkAE-YMBtuUAUbbA5p9rCKWY7wWbA6rNBZg=w1920-h1080\"><\/object>\n  <object data=\"https:\/\/lh3.googleusercontent.com\/5Di4IJ7iTyl1mV6XbXAyr9Tem2-EQxpxKinV86C4RwUt2SxoREr9HwUnv7-rkyu_HuuTg6buwZ8lSAmtVXTBh5i5lBdrLVt1VzrWh98hvsIw1xSocSH16V5SLJm97Ix4iTZLSEg84Q=w1920-h1080\"><\/object>\n  <object data=\"https:\/\/lh3.googleusercontent.com\/x7eBOyZ0DNvQfHwmEtH-qU_hD63YUcGduFbLdhWtGmzMWcoX8MCxrefqI0KkVn6vxeUyOEfv6S6cq8mFpBCs_p6eklEaq88c38CJRKPQDklcqvWmwnDl7vXrIR-vRT-bxJGsK-nHGQ=w1920-h1080\"><\/object>\n  <object data=\"https:\/\/lh3.googleusercontent.com\/Funorvane2rdwdviS1Jmiz7YJP9c_R9N9DxdYobJOZ_VnxF8YW1D90jrnDSrbOL5Ky7yYR3fSMh8Txbh36_ltVMq0RyUfHD1w9n0phJAgpn6IVR68uL6H1FYH87eY_Ne4IonozTm6g=w1920-h1080\"><\/object>\n  <object data=\"https:\/\/lh3.googleusercontent.com\/6OguECOh_5OYg5SaNQTdmyiFOqstbm-9ofNc2RSmLCe5d-VFE6apOyQZDhnRGymOyN_JFYK-FrO2UcT494Rk9ZeLfbYfdEhqfSzHWy9FDBtJ4T4TB1lL-FZkPmU87UeQkOq75rZxHQ=w1920-h1080\"><\/object>\n  <object data=\"https:\/\/lh3.googleusercontent.com\/BMzs7qMsnH0LvGvWqmBB5lfx4Kqo094m82rENe18UvUurFGWJuYP8zC2o-1G2eh6QTY4R5u0EL9L-7KSwzrBGdtOD1Qu6W2ohihMV28pLipPdQJMoReIDT-nv6_8ctiu06UFsqmr9w=w1920-h1080\"><\/object>\n  <object data=\"https:\/\/lh3.googleusercontent.com\/IcDAERGPWcnzRvgy5gbJcq8OdYsibl_3uVBw0RbFQKuAZs3Rn58HL_UdhxlQicwUZCEvuI_JoJXsxrSgjWPyatx_cOhdj1Is6c6xrAylSG75NpHLLSb6i71lLlmGiGph8GHnwy3zgQ=w1920-h1080\"><\/object>\n<\/div>\n","protected":false},"excerpt":{"rendered":"<p>R\u00e9sultats GAF Gymnaste Cat\u00e9gorie R\u00e9sultat Total point D\u00e9tail VARICHON Julie Nationale 21 ans et + 3\/5 43.800 Voir DAMIANS Mathilde Nationale 21 ans et + 5\/5 5.900 Voir KONAN Naomi Nationale 18-20 ans 7\/7 36.850 Voir GAM Gymnaste Cat\u00e9gorie R\u00e9sultat Total point D\u00e9tail BOTTIN Elouan F\u00e9d\u00e9ral A 12-13 ans 3\/7 54.050 Voir BENSILUM Paul Nationale &hellip; <\/p>\n","protected":false},"author":1,"featured_media":0,"parent":352,"menu_order":0,"comment_status":"closed","ping_status":"closed","template":"","meta":{"footnotes":""},"class_list":["post-1042","page","type-page","status-publish","hentry"],"jetpack_sharing_enabled":true,"_links":{"self":[{"href":"https:\/\/talencegymnastique.fr\/index.php?rest_route=\/wp\/v2\/pages\/1042","targetHints":{"allow":["GET"]}}],"collection":[{"href":"https:\/\/talencegymnastique.fr\/index.php?rest_route=\/wp\/v2\/pages"}],"about":[{"href":"https:\/\/talencegymnastique.fr\/index.php?rest_route=\/wp\/v2\/types\/page"}],"author":[{"embeddable":true,"href":"https:\/\/talencegymnastique.fr\/index.php?rest_route=\/wp\/v2\/users\/1"}],"replies":[{"embeddable":true,"href":"https:\/\/talencegymnastique.fr\/index.php?rest_route=%2Fwp%2Fv2%2Fcomments&post=1042"}],"version-history":[{"count":4,"href":"https:\/\/talencegymnastique.fr\/index.php?rest_route=\/wp\/v2\/pages\/1042\/revisions"}],"predecessor-version":[{"id":1084,"href":"https:\/\/talencegymnastique.fr\/index.php?rest_route=\/wp\/v2\/pages\/1042\/revisions\/1084"}],"up":[{"embeddable":true,"href":"https:\/\/talencegymnastique.fr\/index.php?rest_route=\/wp\/v2\/pages\/352"}],"wp:attachment":[{"href":"https:\/\/talencegymnastique.fr\/index.php?rest_route=%2Fwp%2Fv2%2Fmedia&parent=1042"}],"curies":[{"name":"wp","href":"https:\/\/api.w.org\/{rel}","templated":true}]}}