{"id":1083,"date":"2022-05-02T14:55:50","date_gmt":"2022-05-02T12:55:50","guid":{"rendered":"https:\/\/talencegymnastique.fr\/?page_id=1083"},"modified":"2022-05-02T15:14:08","modified_gmt":"2022-05-02T13:14:08","slug":"finale-regionale-individuel-gam-fed-perf-1-mai-poitiers","status":"publish","type":"page","link":"https:\/\/talencegymnastique.fr\/?page_id=1083","title":{"rendered":"Finale R\u00e9gionale individuel GAM Fed\/Perf 1 Mai Poitiers"},"content":{"rendered":"\n<p class=\"has-text-align-center has-luminous-vivid-amber-color has-black-background-color has-text-color has-background has-medium-font-size\"><strong>R\u00e9sultats<\/strong><\/p>\n\n\n\n<figure class=\"wp-block-table is-style-stripes\"><table class=\"has-background\" style=\"background:linear-gradient(135deg,rgb(236,4,193) 0%,rgb(0,184,209) 100%)\"><tbody><tr><td><em>Gymnaste<\/em><\/td><td>Cat\u00e9gorie<\/td><td class=\"has-text-align-left\" data-align=\"left\"><em>R\u00e9sultat<\/em><\/td><td class=\"has-text-align-center\" data-align=\"center\"><em>Total point<\/em><\/td><td class=\"has-text-align-center\" data-align=\"center\"><em>D\u00e9tail<\/em><\/td><\/tr><tr><td>BOTTIN Elouan<\/td><td>F\u00e9d\u00e9ral A 12-13 ans<\/td><td class=\"has-text-align-left\" data-align=\"left\">9\/16<\/td><td class=\"has-text-align-center\" data-align=\"center\">54.782<\/td><td class=\"has-text-align-center\" data-align=\"center\"><a href=\"https:\/\/talencegymnastique.fr\/wp-content\/uploads\/2022\/05\/FEDA12-13.pdf\">Voir<\/a><\/td><\/tr><tr><td>RANGEARD Eliott<\/td><td>F\u00e9d\u00e9ral A 14-15 ans<\/td><td class=\"has-text-align-left\" data-align=\"left\">10\/18<\/td><td class=\"has-text-align-center\" data-align=\"center\">53.182<\/td><td class=\"has-text-align-center\" data-align=\"center\"><a href=\"https:\/\/talencegymnastique.fr\/wp-content\/uploads\/2022\/05\/FEDA14-15.pdf\">Voir<\/a> <\/td><\/tr><tr><td>DE MORAIS Oscar<\/td><td>Performance r\u00e9gionale 10 ans<\/td><td class=\"has-text-align-left\" data-align=\"left\">9\/15<\/td><td class=\"has-text-align-center\" data-align=\"center\">65.850<\/td><td class=\"has-text-align-center\" data-align=\"center\"><a href=\"https:\/\/talencegymnastique.fr\/wp-content\/uploads\/2022\/05\/PerfReg10.pdf\">Voir<\/a> <\/td><\/tr><\/tbody><\/table><\/figure>\n\n\n\n<p class=\"has-text-align-center has-luminous-vivid-amber-color has-black-background-color has-text-color has-background has-medium-font-size\"><strong>Photos de la comp\u00e9tition<\/strong><\/p>\n\n\n\n<script src=\"https:\/\/cdn.jsdelivr.net\/npm\/publicalbum@latest\/embed-ui.min.js\" async><\/script>\n<div class=\"pa-carousel-widget\" style=\"width:100%; height:480px; display:none;\"\n  data-link=\"https:\/\/photos.app.goo.gl\/sYZTnoa1jq2fQkBU9\"\n  data-title=\"Finale R\u00e9gionale individuelle GAM 1 Mai Poitiers\"\n  data-description=\"14 new items added to shared album\">\n  <object data=\"https:\/\/lh3.googleusercontent.com\/uSljD1vb0eiqBOOOqA6uFAJcTsbiIIPNwsRfuibqgzxSAeoByqJHth6Y0Zj0wHRqnOekxNmiUggU9O8ywfH6p0N7RCooyxIUVcPQOxeTE9PQaUCxZXF9srlVCGqBro9ylAivW_ZaHg=w1920-h1080\"><\/object>\n  <object data=\"https:\/\/lh3.googleusercontent.com\/MV5zX_jeRWqxJhRKyDyCotADIh-iw0z53K5uLxwTSC8Wc9LL5j35jmciRjXkUCnnAmrBdPp1_nvzBP5vV0W0DkHd5AeuuWWJTcjNldS0a-Rgx_vHZqbSBiF1s3jbcNRHMcDPVxKjZA=w1920-h1080\"><\/object>\n  <object data=\"https:\/\/lh3.googleusercontent.com\/bx0edkAjtMTOsKfdxrXak5K35BSyfPliwZ7GZm5LWGQW7YIzj7kWMqjzRqlU7JWJ8xqI-myFiQo0zh1ZQCDeNFg_zR-jmV8_5AEvEjy3apTTJdbqbCj7Yd0JRD3qLAIqHeUuaG-C2A=w1920-h1080\"><\/object>\n  <object data=\"https:\/\/lh3.googleusercontent.com\/_9CPisxpfUdC0hMHdzLrhMcGhFjh54R8hjfd6m9499KG32Grv3d1z9xdgFNPIsMgZ_6VkJrKo2cu8HI90ixNEMzx5F8h5PGctdvB_l72OYiNea4DGTrChbPed4wfAGkN7VrOK1TF4w=w1920-h1080\"><\/object>\n  <object data=\"https:\/\/lh3.googleusercontent.com\/CUokZU-iwUcX3HdoZ7yGUBGmVU3SWsA3k8YvqXfDC-DHEz7aJvHDulh-wCCAJMHu36rZpN8r7eWe-rPcwFi2cNHXeSo04LRneJHzux1alHJJd39LWRxX7HYEGTFJ9RiNlVAanwQ6nQ=w1920-h1080\"><\/object>\n  <object data=\"https:\/\/lh3.googleusercontent.com\/pys-W4BMXXczokW-OJRuFSH3h0wkE2usDG3XLbNRhJfeccz_02C9We0UrLtBA-E40uKXR_U6M7d9qsYezjv04iKbgaXDvPd3axP4UZ_9HwJdiWYd6ZNaCBDk4O2VbavmAJQoyJfQHg=w1920-h1080\"><\/object>\n  <object data=\"https:\/\/lh3.googleusercontent.com\/1sbVwtLoKJHOrdwYZjL4F-riCe86ek4I4rE717JLDlQ1W5G9ax2Nsgwt69x5zYWn17CNgvKcHOQcDlPrJ_mn1VmfqvKEQyOqqwLeb9rEJyTsO4UbWp8UEOnCx-fQvaRJTpRHtE0bTQ=w1920-h1080\"><\/object>\n  <object data=\"https:\/\/lh3.googleusercontent.com\/MkoKYe-2cvU3W6jgGN-pt5BUWUq4UZOR45pz2D--zTG8EgPGA9MmZYgYITTCeXysqargIrKBm7m0w6P75uREatRBFGIzA1i_jbb715EwPVJ86kEllgdCIlRSVyFluPP8VPaZJGFI-A=w1920-h1080\"><\/object>\n  <object data=\"https:\/\/lh3.googleusercontent.com\/pjDt_6dgx8nUIxquWuVEgaH94Zn6IaJ9L03N8I5kq7mJeAfqm5Sl0gaZd_J9napWqacXPNJorhNUDqQmpr3952a8rQeQdHE1aMmdwAYpyY7IAaQe4ZZ_e0HMoqHF4nKbzmsJLAzLGQ=w1920-h1080\"><\/object>\n  <object data=\"https:\/\/lh3.googleusercontent.com\/wW4BjUUIpEZbh-bXtew2Ze1qrS4DivHke-hc6Ayycds9yfkVoW3D0zYjO1NY2HcOkCVYMhZjBspZ1ryy9mgco1VQvdM9Cl1Ci4eB3Ue48nlfzeBBcoaAFu_RiVNSHn8h3fVNXppomw=w1920-h1080\"><\/object>\n  <object data=\"https:\/\/lh3.googleusercontent.com\/EfE93Y6Nb5HZ1NP28Lj6Nl9u1VgC0Pm7sDuySi79Cd1gAJAoEC0osfm7pnE2KYam7XeGQxE3Miqbgb3F0YpoPajqMDd5PGfwPcpfYMUIPQ-qDICEhReM49XtXJCjM1aJvSaQ2bRC5Q=w1920-h1080\"><\/object>\n  <object data=\"https:\/\/lh3.googleusercontent.com\/4cw3BbzMaSY9CETv-qYzpTYUwoSBOlxs4dmXqB4r9lKivNRSxBAiHsSsNsP0AdMosEoLJ0-U3JkA5bQRyfs6se6AAvb33cKrYTPHC9f-0k53OrupTqu4_dOmOMs6HNuRgD-hWCeT4Q=w1920-h1080\"><\/object>\n  <object data=\"https:\/\/lh3.googleusercontent.com\/wPgxcpfIPs5CzQ5mIEOvDXXZTGv22ZffuGUSl_uueF4KmrUilslYVXWSi6xFG5r-ny9Eb5OcOHUlDAs2GlPT03_wPek9ZmgUeUZBQZoTXPWRiJpVVTEs2DSMpjCdW9x8eK97ZKWoQA=w1920-h1080\"><\/object>\n  <object data=\"https:\/\/lh3.googleusercontent.com\/vJo9Gbsl5u2Cnj5aFGqGuTWZ9NChSzJPwr5dOR4vmcKfyo5JnGVJYn4-411CPxCxs3nqtAzQFv1RP0LkffQfGJEAikfe-OWYthqyW5MxsaGHDBKW7FABFmhTa3P_C_T7URfNWoN1Ew=w1920-h1080\"><\/object>\n<\/div>\n\n","protected":false},"excerpt":{"rendered":"<p>R\u00e9sultats Gymnaste Cat\u00e9gorie R\u00e9sultat Total point D\u00e9tail BOTTIN Elouan F\u00e9d\u00e9ral A 12-13 ans 9\/16 54.782 Voir RANGEARD Eliott F\u00e9d\u00e9ral A 14-15 ans 10\/18 53.182 Voir DE MORAIS Oscar Performance r\u00e9gionale 10 ans 9\/15 65.850 Voir Photos de la comp\u00e9tition<\/p>\n","protected":false},"author":1,"featured_media":0,"parent":352,"menu_order":0,"comment_status":"closed","ping_status":"closed","template":"","meta":{"footnotes":""},"class_list":["post-1083","page","type-page","status-publish","hentry"],"jetpack_sharing_enabled":true,"_links":{"self":[{"href":"https:\/\/talencegymnastique.fr\/index.php?rest_route=\/wp\/v2\/pages\/1083","targetHints":{"allow":["GET"]}}],"collection":[{"href":"https:\/\/talencegymnastique.fr\/index.php?rest_route=\/wp\/v2\/pages"}],"about":[{"href":"https:\/\/talencegymnastique.fr\/index.php?rest_route=\/wp\/v2\/types\/page"}],"author":[{"embeddable":true,"href":"https:\/\/talencegymnastique.fr\/index.php?rest_route=\/wp\/v2\/users\/1"}],"replies":[{"embeddable":true,"href":"https:\/\/talencegymnastique.fr\/index.php?rest_route=%2Fwp%2Fv2%2Fcomments&post=1083"}],"version-history":[{"count":3,"href":"https:\/\/talencegymnastique.fr\/index.php?rest_route=\/wp\/v2\/pages\/1083\/revisions"}],"predecessor-version":[{"id":1092,"href":"https:\/\/talencegymnastique.fr\/index.php?rest_route=\/wp\/v2\/pages\/1083\/revisions\/1092"}],"up":[{"embeddable":true,"href":"https:\/\/talencegymnastique.fr\/index.php?rest_route=\/wp\/v2\/pages\/352"}],"wp:attachment":[{"href":"https:\/\/talencegymnastique.fr\/index.php?rest_route=%2Fwp%2Fv2%2Fmedia&parent=1083"}],"curies":[{"name":"wp","href":"https:\/\/api.w.org\/{rel}","templated":true}]}}