{"id":11,"date":"2020-04-01T21:08:30","date_gmt":"2020-04-01T19:08:30","guid":{"rendered":"http:\/\/talencegymnastique.fr\/?page_id=11"},"modified":"2020-06-05T16:37:22","modified_gmt":"2020-06-05T14:37:22","slug":"comment-venir-au-club","status":"publish","type":"page","link":"https:\/\/talencegymnastique.fr\/?page_id=11","title":{"rendered":"Comment venir au club ?"},"content":{"rendered":"\n<p class=\"has-text-color has-background has-very-light-gray-color has-very-dark-gray-background-color\"><strong>Notre SALLE PRINCIPALE (activit\u00e9s GAF \/  TEAMGYM  \/ GAM  \/ BABYGYM Mercredi  \/ VITAGYM ) <\/strong>est situ\u00e9e dans l&rsquo;enceinte du&nbsp;Coll\u00e8ge Notre Dame S\u00e9vign\u00e9 \u00e0 TALENCE.<\/p>\n\n\n\n<hr class=\"wp-block-separator is-style-dots\"\/>\n\n\n\n<p>ADRESSE :&nbsp;40 All\u00e9e du 7\u00e8me art, 33400 Talence, France &nbsp;&#8211; &#8211; -&gt;&gt;&gt;&gt; EN FACE du Cin\u00e9ma GAUMONT TALENCE.<\/p>\n\n\n\n<p>Google Maps : <a href=\"https:\/\/www.google.com\/maps\/place\/Ecole+Notre+Dame+Sevigne\/@44.8114595,-0.5928883,15z\/data=!4m5!3m4!1s0x0:0x1d4c2de782d7929a!8m2!3d44.8114595!4d-0.5928883\" target=\"_blank\" rel=\"noreferrer noopener\">Cliquez ici<\/a><\/p>\n\n\n\n<p>Pour acc\u00e9der \u00e0 la salle&nbsp;&nbsp;:&nbsp; Arrivez <strong>au rond point entre &nbsp;l&rsquo;All\u00e9e du 7\u00e8me art &nbsp;et la rue du HAUT CARRE<\/strong> , tournez \u00e0 droite sur le parking du coll\u00e8ge et du cin\u00e9ma , garez vous , Passez le PORTAIL avec le PANNEAU TALENCE GYMNASTIQUE , remontez ensuite \u00e0 pieds le terrain d&rsquo;athl\u00e9tisme , arrivez tout au bout et descendez les marches \u00e0 droite &nbsp;&#8211; &#8212; &gt;&gt;&gt; VOUS Y ETES !&nbsp;<\/p>\n\n\n\n<div class=\"wp-block-image\"><figure class=\"aligncenter size-large is-resized\"><img loading=\"lazy\" decoding=\"async\" src=\"http:\/\/talencegymnastique.fr\/wp-content\/uploads\/2020\/05\/Affiche-Comment-trouver-la-salle-SITE-scaled.jpg\" alt=\"\" class=\"wp-image-344\" width=\"643\" height=\"454\" srcset=\"https:\/\/talencegymnastique.fr\/wp-content\/uploads\/2020\/05\/Affiche-Comment-trouver-la-salle-SITE-scaled.jpg 2560w, https:\/\/talencegymnastique.fr\/wp-content\/uploads\/2020\/05\/Affiche-Comment-trouver-la-salle-SITE-300x212.jpg 300w\" sizes=\"auto, (max-width: 643px) 100vw, 643px\" \/><\/figure><\/div>\n\n\n\n<hr class=\"wp-block-separator has-text-color has-background has-vivid-cyan-blue-background-color has-vivid-cyan-blue-color is-style-wide\"\/>\n\n\n\n<p class=\"has-text-color has-background has-very-light-gray-color has-very-dark-gray-background-color\"><strong>Notre SALLE SECONDAIRE (activit\u00e9 BABYGYM Samedi )<\/strong> est situ\u00e9e Salle Felix , proche de l&rsquo;\u00e9cole GAMBETTA  \/  Arr\u00eat de Tram B St Genes. <\/p>\n\n\n\n<hr class=\"wp-block-separator is-style-dots\"\/>\n\n\n\n<p>ADRESSE :&nbsp;Rue Jean Iriquin , 33400 Talence, France <\/p>\n\n\n\n<p>Google Maps : <a rel=\"noreferrer noopener\" href=\"https:\/\/www.google.com\/maps\/place\/Krav+Maga+Talence\/@44.8198325,-0.5850872,15z\/data=!4m8!1m2!2m1!1ssalle+Felix++,+rue+jean+iriquin+talence!3m4!1s0x0:0x87eb8b6fa8893679!8m2!3d44.8197732!4d-0.5850863\" target=\"_blank\">Cliquez ici<\/a><\/p>\n\n\n\n<div class=\"wp-block-image\"><figure class=\"aligncenter size-large is-resized\"><img loading=\"lazy\" decoding=\"async\" src=\"https:\/\/talencegymnastique.fr\/wp-content\/uploads\/2020\/06\/39504822_10154908324697168_2437907695878012928_o.jpg\" alt=\"\" class=\"wp-image-444\" width=\"475\" height=\"316\" srcset=\"https:\/\/talencegymnastique.fr\/wp-content\/uploads\/2020\/06\/39504822_10154908324697168_2437907695878012928_o.jpg 1024w, https:\/\/talencegymnastique.fr\/wp-content\/uploads\/2020\/06\/39504822_10154908324697168_2437907695878012928_o-300x200.jpg 300w, https:\/\/talencegymnastique.fr\/wp-content\/uploads\/2020\/06\/39504822_10154908324697168_2437907695878012928_o-768x512.jpg 768w, https:\/\/talencegymnastique.fr\/wp-content\/uploads\/2020\/06\/39504822_10154908324697168_2437907695878012928_o-450x300.jpg 450w, https:\/\/talencegymnastique.fr\/wp-content\/uploads\/2020\/06\/39504822_10154908324697168_2437907695878012928_o-90x60.jpg 90w\" sizes=\"auto, (max-width: 475px) 100vw, 475px\" \/><\/figure><\/div>\n","protected":false},"excerpt":{"rendered":"<p>Notre SALLE PRINCIPALE (activit\u00e9s GAF \/ TEAMGYM \/ GAM \/ BABYGYM Mercredi \/ VITAGYM ) est situ\u00e9e dans l&rsquo;enceinte du&nbsp;Coll\u00e8ge Notre Dame S\u00e9vign\u00e9 \u00e0 TALENCE. ADRESSE :&nbsp;40 All\u00e9e du 7\u00e8me art, 33400 Talence, France &nbsp;&#8211; &#8211; -&gt;&gt;&gt;&gt; EN FACE du Cin\u00e9ma GAUMONT TALENCE. Google Maps : Cliquez ici Pour acc\u00e9der \u00e0 la salle&nbsp;&nbsp;:&nbsp; Arrivez au &hellip; <\/p>\n","protected":false},"author":1,"featured_media":0,"parent":0,"menu_order":0,"comment_status":"closed","ping_status":"closed","template":"","meta":{"footnotes":""},"class_list":["post-11","page","type-page","status-publish","hentry"],"jetpack_sharing_enabled":true,"_links":{"self":[{"href":"https:\/\/talencegymnastique.fr\/index.php?rest_route=\/wp\/v2\/pages\/11","targetHints":{"allow":["GET"]}}],"collection":[{"href":"https:\/\/talencegymnastique.fr\/index.php?rest_route=\/wp\/v2\/pages"}],"about":[{"href":"https:\/\/talencegymnastique.fr\/index.php?rest_route=\/wp\/v2\/types\/page"}],"author":[{"embeddable":true,"href":"https:\/\/talencegymnastique.fr\/index.php?rest_route=\/wp\/v2\/users\/1"}],"replies":[{"embeddable":true,"href":"https:\/\/talencegymnastique.fr\/index.php?rest_route=%2Fwp%2Fv2%2Fcomments&post=11"}],"version-history":[{"count":7,"href":"https:\/\/talencegymnastique.fr\/index.php?rest_route=\/wp\/v2\/pages\/11\/revisions"}],"predecessor-version":[{"id":446,"href":"https:\/\/talencegymnastique.fr\/index.php?rest_route=\/wp\/v2\/pages\/11\/revisions\/446"}],"wp:attachment":[{"href":"https:\/\/talencegymnastique.fr\/index.php?rest_route=%2Fwp%2Fv2%2Fmedia&parent=11"}],"curies":[{"name":"wp","href":"https:\/\/api.w.org\/{rel}","templated":true}]}}