{"id":1111,"date":"2025-09-04T20:50:06","date_gmt":"2025-09-04T18:50:06","guid":{"rendered":"https:\/\/talencegymnastique.fr\/?page_id=1111"},"modified":"2025-09-05T09:52:21","modified_gmt":"2025-09-05T07:52:21","slug":"inscription-saison-2025-2026","status":"publish","type":"page","link":"https:\/\/talencegymnastique.fr\/?page_id=1111","title":{"rendered":"Inscription Saison 2025\/2026"},"content":{"rendered":"\n<p class=\"has-vivid-red-color has-text-color\"><strong><em>Derni\u00e8re NEWS 4 septembre 2025 : <\/em><\/strong> Vous trouverez sur cette page les documents d&rsquo;inscription mis \u00e0 jour pour cette saison 2025\/2026. N&rsquo;h\u00e9sitez pas \u00e0 nous poser vos questions par mail : talencegym@gmail.com<\/p>\n\n\n\n<p class=\"has-text-align-center has-luminous-vivid-amber-color has-very-dark-gray-background-color has-text-color has-background\"><strong>P<\/strong>our faire un essai au club : <\/p>\n\n\n\n<p><em>Une place \u00e0 l&rsquo;essai doit \u00eatre r\u00e9serv\u00e9e \u00e0 l&rsquo;avance : vous devez d\u00e9poser un dossier complet au bureau des inscriptions. Le dossier vous serait rendu si jamais l&rsquo;essai n&rsquo;\u00e9tait pas concluant. <\/em><\/p>\n\n\n\n<p class=\"has-text-align-center has-vivid-red-color has-text-color\"><strong>UN DOSSIER COMPLET = UNE PLACE\/UN ESSAI RESERVE(E)<\/strong><\/p>\n\n\n\n<p class=\"has-text-align-center has-luminous-vivid-amber-color has-very-dark-gray-background-color has-text-color has-background\"><strong>Permanences inscriptions<\/strong><\/p>\n\n\n<div class=\"wp-block-image\">\n<figure class=\"aligncenter size-large\"><img loading=\"lazy\" decoding=\"async\" width=\"814\" height=\"1024\" src=\"https:\/\/talencegymnastique.fr\/wp-content\/uploads\/2025\/09\/Capture-decran-2025-09-04-a-18.28.01-814x1024.png\" alt=\"\" class=\"wp-image-1817\" srcset=\"https:\/\/talencegymnastique.fr\/wp-content\/uploads\/2025\/09\/Capture-decran-2025-09-04-a-18.28.01-814x1024.png 814w, https:\/\/talencegymnastique.fr\/wp-content\/uploads\/2025\/09\/Capture-decran-2025-09-04-a-18.28.01-238x300.png 238w, https:\/\/talencegymnastique.fr\/wp-content\/uploads\/2025\/09\/Capture-decran-2025-09-04-a-18.28.01-768x966.png 768w, https:\/\/talencegymnastique.fr\/wp-content\/uploads\/2025\/09\/Capture-decran-2025-09-04-a-18.28.01-600x755.png 600w, https:\/\/talencegymnastique.fr\/wp-content\/uploads\/2025\/09\/Capture-decran-2025-09-04-a-18.28.01.png 1008w\" sizes=\"auto, (max-width: 814px) 100vw, 814px\" \/><\/figure>\n<\/div>\n\n\n<p style=\"font-size:16px\">Pour d\u00e9couvrir notre offre d&rsquo;activit\u00e9s au sein de l&rsquo;association h\u00e9sitez pas \u00e0 visitez notre page :  <a href=\"http:\/\/talencegymnastique.fr\/?page_id=37\">Activit\u00e9s au club<\/a><\/p>\n\n\n\n<p style=\"font-size:17px\">Pour plus de renseignements concernant les horaires de cours pour le SECTEUR COMP\u00c9TITION veuillez vous rapprocher de l&rsquo;entraineur r\u00e9f\u00e9rent du groupe ou nous envoyer un mail.<\/p>\n\n\n\n<p class=\"has-text-align-center has-luminous-vivid-amber-color has-very-dark-gray-background-color has-text-color has-background has-medium-font-size\"><strong>DOCUMENTS \u00e0 CONSULTER, \u00e0 REMPLIR et \u00e0 VENIR D\u00c9POSER  au bureau des inscriptions<\/strong><\/p>\n\n\n\n<p class=\"has-text-align-center has-very-dark-gray-color has-luminous-vivid-amber-background-color has-text-color has-background\" style=\"font-size:12px\"><strong>1. <\/strong>Consultez notre r\u00e8glement int\u00e9rieur et notre offre d&rsquo;abonnement (DOC1 \u00e0 conserver)  \/  <strong>2.<\/strong> Remplissez le Bulletin d&rsquo;adh\u00e9sion (DOC2) &#8211; la fiche contact (DOC3) &#8211; la fiche autorisation de sortie (DOC4) \/ <strong>3.<\/strong> RDV \u00e0 la salle avec ces 3 documents et les pi\u00e8ces \u00e0 fournir (Certificat m\u00e9dical OU Questionnaire de sant\u00e9 ET paiement) <\/p>\n\n\n\n<figure class=\"wp-block-table is-style-regular\"><table><tbody><tr><td>Doc 1 &#8211; Tarifs &amp; R\u00e8glement<\/td><td><a href=\"https:\/\/talencegymnastique.fr\/wp-content\/uploads\/2025\/09\/DOC1-INSCRIPTIONS-TALENCE-GYM-S25-26.pdf\">Cliquez <\/a><a href=\"https:\/\/talencegymnastique.fr\/wp-content\/uploads\/2025\/09\/Licencies-mineurs-Questionnaire-de-sante-et-attestation-FFG-2025-2026.pdf\">ici<\/a><\/td><td>A conserver<\/td><\/tr><tr><td>Doc 2 &#8211; Bulletin d\u2019adh\u00e9sion<\/td><td><a href=\"https:\/\/talencegymnastique.fr\/wp-content\/uploads\/2025\/09\/DOC2-INSCRIPTIONS-TALENCE-GYM-S25-26-V2.pdf\">Cliquez ici<\/a><\/td><td>A nous retourner<\/td><\/tr><tr><td>Doc 3 &#8211; Fiche Contact<\/td><td><a href=\"https:\/\/talencegymnastique.fr\/wp-content\/uploads\/2025\/09\/DOC3-INSCRIPTIONS-TALENCE-GYM-S25-26.pdf\">Cliquez ici<\/a><\/td><td>A nous retourner<\/td><\/tr><tr><td>Doc 4 &#8211; Autorisation de sortie en fin d&rsquo;entrainement<\/td><td><a href=\"https:\/\/talencegymnastique.fr\/wp-content\/uploads\/2025\/09\/DOC4-AUTORISATION-SORTIE-TALENCE-GYM-S25-26-V2.pdf\">Cliquez<\/a><a href=\"https:\/\/talencegymnastique.fr\/wp-content\/uploads\/2024\/06\/DOC4-AUTORISATION-SORTIE-TALENCE-GYM-S24-25.pdf\"> ici<\/a><\/td><td>A nous retourner<\/td><\/tr><tr><td>Doc 5 &#8211; Questionnaire de sant\u00e9 <br>(rempla\u00e7ant le certificat m\u00e9dical) &#8211; ADH\u00c9RENT MINEUR<\/td><td><a href=\"https:\/\/talencegymnastique.fr\/wp-content\/uploads\/2025\/09\/Licencies-mineurs-Questionnaire-de-sante-et-attestation-FFG-2025-2026.pdf\">Cliquez <\/a><a href=\"https:\/\/talencegymnastique.fr\/wp-content\/uploads\/2024\/06\/Licencies-mineurs-Questionnaire-de-sante-et-attestation-FFG-2024-2025.pdf\">ici<\/a><\/td><td>A nous retourner<\/td><\/tr><\/tbody><\/table><\/figure>\n\n\n\n<p class=\"has-text-align-center has-luminous-vivid-amber-color has-very-dark-gray-background-color has-text-color has-background\"><strong>PAIEMENT EN LIGNE UNE FOIS LA PLACE CONFIRM\u00c9E PAR LE CLUB<\/strong><\/p>\n\n\n<p><iframe id=\"haWidget\" allowtransparency=\"true\" src=\"https:\/\/www.helloasso.com\/associations\/talence-gymnastique\/adhesions\/inscription-talence-gymnastique-saison-2025-2026\/widget-vignette-horizontale\" style=\"width:800px;height:400px;border:none;\"><\/iframe><\/p>\n\n\n<div class=\"wp-block-image\">\n<figure class=\"aligncenter size-large\"><img loading=\"lazy\" decoding=\"async\" width=\"1024\" height=\"544\" src=\"http:\/\/talencegymnastique.fr\/wp-content\/uploads\/2020\/04\/Logofed-LogoInstit-1024x544.jpg\" alt=\"\" class=\"wp-image-241\" srcset=\"https:\/\/talencegymnastique.fr\/wp-content\/uploads\/2020\/04\/Logofed-LogoInstit-1024x544.jpg 1024w, https:\/\/talencegymnastique.fr\/wp-content\/uploads\/2020\/04\/Logofed-LogoInstit-300x159.jpg 300w, https:\/\/talencegymnastique.fr\/wp-content\/uploads\/2020\/04\/Logofed-LogoInstit-768x408.jpg 768w, https:\/\/talencegymnastique.fr\/wp-content\/uploads\/2020\/04\/Logofed-LogoInstit-1536x816.jpg 1536w, https:\/\/talencegymnastique.fr\/wp-content\/uploads\/2020\/04\/Logofed-LogoInstit-113x60.jpg 113w, https:\/\/talencegymnastique.fr\/wp-content\/uploads\/2020\/04\/Logofed-LogoInstit-600x319.jpg 600w, https:\/\/talencegymnastique.fr\/wp-content\/uploads\/2020\/04\/Logofed-LogoInstit.jpg 1990w\" sizes=\"auto, (max-width: 1024px) 100vw, 1024px\" \/><\/figure>\n<\/div>","protected":false},"excerpt":{"rendered":"<p>Derni\u00e8re NEWS 4 septembre 2025 : Vous trouverez sur cette page les documents d&rsquo;inscription mis \u00e0 jour pour cette saison 2025\/2026. N&rsquo;h\u00e9sitez pas \u00e0 nous poser vos questions par mail : talencegym@gmail.com Pour faire un essai au club : Une place \u00e0 l&rsquo;essai doit \u00eatre r\u00e9serv\u00e9e \u00e0 l&rsquo;avance : vous devez d\u00e9poser un dossier complet &hellip; <\/p>\n","protected":false},"author":1,"featured_media":0,"parent":0,"menu_order":0,"comment_status":"closed","ping_status":"closed","template":"","meta":{"footnotes":""},"class_list":["post-1111","page","type-page","status-publish","hentry"],"jetpack_sharing_enabled":true,"_links":{"self":[{"href":"https:\/\/talencegymnastique.fr\/index.php?rest_route=\/wp\/v2\/pages\/1111","targetHints":{"allow":["GET"]}}],"collection":[{"href":"https:\/\/talencegymnastique.fr\/index.php?rest_route=\/wp\/v2\/pages"}],"about":[{"href":"https:\/\/talencegymnastique.fr\/index.php?rest_route=\/wp\/v2\/types\/page"}],"author":[{"embeddable":true,"href":"https:\/\/talencegymnastique.fr\/index.php?rest_route=\/wp\/v2\/users\/1"}],"replies":[{"embeddable":true,"href":"https:\/\/talencegymnastique.fr\/index.php?rest_route=%2Fwp%2Fv2%2Fcomments&post=1111"}],"version-history":[{"count":33,"href":"https:\/\/talencegymnastique.fr\/index.php?rest_route=\/wp\/v2\/pages\/1111\/revisions"}],"predecessor-version":[{"id":1861,"href":"https:\/\/talencegymnastique.fr\/index.php?rest_route=\/wp\/v2\/pages\/1111\/revisions\/1861"}],"wp:attachment":[{"href":"https:\/\/talencegymnastique.fr\/index.php?rest_route=%2Fwp%2Fv2%2Fmedia&parent=1111"}],"curies":[{"name":"wp","href":"https:\/\/api.w.org\/{rel}","templated":true}]}}