{"id":267,"date":"2020-04-28T17:47:35","date_gmt":"2020-04-28T15:47:35","guid":{"rendered":"http:\/\/talencegymnastique.fr\/?page_id=267"},"modified":"2025-09-12T18:55:42","modified_gmt":"2025-09-12T16:55:42","slug":"contact","status":"publish","type":"page","link":"https:\/\/talencegymnastique.fr\/?page_id=267","title":{"rendered":"Contact"},"content":{"rendered":"\n<p class=\"has-text-align-center\">Pour nous contacter : privil\u00e9gier le mail <strong><em>talencegym@gmail.com <\/em><\/strong><\/p>\n\n\n\n<p class=\"has-text-align-center\">T\u00e9l\u00e9phone : 07 61 82 40 02<\/p>\n\n\n\n<p class=\"has-text-align-center\">Talence Gymnastique : 40 all\u00e9e du 7\u00e8me art &#8211; 33400 Talence (au fond du stade)<\/p>\n\n\n<div class=\"wp-block-image\">\n<figure class=\"aligncenter size-full\"><img loading=\"lazy\" decoding=\"async\" width=\"1024\" height=\"1024\" src=\"https:\/\/talencegymnastique.fr\/wp-content\/uploads\/2025\/09\/680ce7b7-cfbc-43f0-8c1b-8c5ae91cce0f-2.jpeg\" alt=\"\" class=\"wp-image-1871\" srcset=\"https:\/\/talencegymnastique.fr\/wp-content\/uploads\/2025\/09\/680ce7b7-cfbc-43f0-8c1b-8c5ae91cce0f-2.jpeg 1024w, https:\/\/talencegymnastique.fr\/wp-content\/uploads\/2025\/09\/680ce7b7-cfbc-43f0-8c1b-8c5ae91cce0f-2-300x300.jpeg 300w, https:\/\/talencegymnastique.fr\/wp-content\/uploads\/2025\/09\/680ce7b7-cfbc-43f0-8c1b-8c5ae91cce0f-2-150x150.jpeg 150w, https:\/\/talencegymnastique.fr\/wp-content\/uploads\/2025\/09\/680ce7b7-cfbc-43f0-8c1b-8c5ae91cce0f-2-768x768.jpeg 768w, https:\/\/talencegymnastique.fr\/wp-content\/uploads\/2025\/09\/680ce7b7-cfbc-43f0-8c1b-8c5ae91cce0f-2-435x435.jpeg 435w, https:\/\/talencegymnastique.fr\/wp-content\/uploads\/2025\/09\/680ce7b7-cfbc-43f0-8c1b-8c5ae91cce0f-2-600x600.jpeg 600w\" sizes=\"auto, (max-width: 1024px) 100vw, 1024px\" \/><\/figure>\n<\/div>","protected":false},"excerpt":{"rendered":"<p>Pour nous contacter : privil\u00e9gier le mail talencegym@gmail.com T\u00e9l\u00e9phone : 07 61 82 40 02 Talence Gymnastique : 40 all\u00e9e du 7\u00e8me art &#8211; 33400 Talence (au fond du stade)<\/p>\n","protected":false},"author":2,"featured_media":0,"parent":0,"menu_order":0,"comment_status":"closed","ping_status":"closed","template":"","meta":{"footnotes":""},"class_list":["post-267","page","type-page","status-publish","hentry"],"jetpack_sharing_enabled":true,"_links":{"self":[{"href":"https:\/\/talencegymnastique.fr\/index.php?rest_route=\/wp\/v2\/pages\/267","targetHints":{"allow":["GET"]}}],"collection":[{"href":"https:\/\/talencegymnastique.fr\/index.php?rest_route=\/wp\/v2\/pages"}],"about":[{"href":"https:\/\/talencegymnastique.fr\/index.php?rest_route=\/wp\/v2\/types\/page"}],"author":[{"embeddable":true,"href":"https:\/\/talencegymnastique.fr\/index.php?rest_route=\/wp\/v2\/users\/2"}],"replies":[{"embeddable":true,"href":"https:\/\/talencegymnastique.fr\/index.php?rest_route=%2Fwp%2Fv2%2Fcomments&post=267"}],"version-history":[{"count":9,"href":"https:\/\/talencegymnastique.fr\/index.php?rest_route=\/wp\/v2\/pages\/267\/revisions"}],"predecessor-version":[{"id":1872,"href":"https:\/\/talencegymnastique.fr\/index.php?rest_route=\/wp\/v2\/pages\/267\/revisions\/1872"}],"wp:attachment":[{"href":"https:\/\/talencegymnastique.fr\/index.php?rest_route=%2Fwp%2Fv2%2Fmedia&parent=267"}],"curies":[{"name":"wp","href":"https:\/\/api.w.org\/{rel}","templated":true}]}}