{"id":35,"date":"2020-04-01T21:51:54","date_gmt":"2020-04-01T19:51:54","guid":{"rendered":"http:\/\/talencegymnastique.fr\/?page_id=35"},"modified":"2022-01-26T12:24:43","modified_gmt":"2022-01-26T11:24:43","slug":"histoire-du-club","status":"publish","type":"page","link":"https:\/\/talencegymnastique.fr\/?page_id=35","title":{"rendered":"Histoire du club"},"content":{"rendered":"\n<p>Cr\u00e9e en 1886, le club de gymnastique de Talence est une des plus anciennes associations sportives de la Gironde. Malgr\u00e9 les al\u00e9as de l\u2019histoire, elle n\u2019a pratiquement jamais arr\u00eat\u00e9 son activit\u00e9 qui a cependant subi des \u00e9volutions importantes.<\/p>\n\n\n\n<p>La soci\u00e9t\u00e9 \u00ab Les enfants de Talence \u00bb est n\u00e9e du d\u00e9sir d\u2019un groupe de 21 citoyens de Talence, qualifi\u00e9s de \u00ab membres fondateurs \u00bb.<\/p>\n\n\n\n<p>L\u2019ann\u00e9e de sa fondation, la soci\u00e9t\u00e9 a \u00e9t\u00e9 prise en compte par un bureau provisoire qui a \u00e9t\u00e9 charg\u00e9 des formalit\u00e9s statutaires. Le premier bureau d\u00e9finitif a \u00e9t\u00e9 compos\u00e9 le 18 juin 1887.<\/p>\n\n\n\n<p>D\u00e8s ses d\u00e9buts, cette jeune soci\u00e9t\u00e9 connut de grandes difficult\u00e9s, dues essentiellement \u00e0 l\u2018insuffisance des finances, les ressources n\u2019\u00e9tant constitu\u00e9es que par la souscription des membres fondateurs, et au manque de locaux convenables.<\/p>\n\n\n\n<p>Apr\u00e8s avoir \u00e9t\u00e9 une association \u00e0 tendance patriotique o\u00f9 la gymnastique c\u00f4toyait la pr\u00e9paration militaire et ne comptait dans ses rangs que des masculins, elle s\u2019est peu \u00e0 peu tourn\u00e9e vers une activit\u00e9 sportive exclusive. Les ann\u00e9es pr\u00e9c\u00e9dant la premi\u00e8re guerre mondiale ont vu l\u2019arriv\u00e9e des f\u00e9minines, mais la gymnastique n\u2019en \u00e9tait alors qu\u2019\u00e0 ses balbutiements puisque ces dames pratiquaient, entre autres agr\u00e8s, la balan\u00e7oire.<\/p>\n\n\n\n<p>Pendant la p\u00e9riode ant\u00e9rieure \u00e0 1914, \u00ab Les Enfants de Talence \u00bb participent \u00e0 toutes les comp\u00e9titions f\u00e9d\u00e9rales, notamment \u00e0 Alger (o\u00f9 les talen\u00e7ais ont \u00e9t\u00e9 finalistes des Championnats de France), Paris, Nice, Le Mans, Marseille\u2026<\/p>\n\n\n\n<p>L\u2019activit\u00e9 fut suspendue pendant la premi\u00e8re guerre mondiale, de 1914 \u00e0 1918. La reprise d\u2019apr\u00e8s-guerre fut difficile, peut-\u00eatre en raison du manque de salle.<\/p>\n\n\n\n<p>L\u2019activit\u00e9 reprend d\u00e8s 1923, une section f\u00e9minine se cr\u00e9\u00e9e et prend pour d\u00e9nomination \u00ab Les Libellules \u00bb. En raison de l\u2019expansion de cette derni\u00e8re, la construction d\u2019une salle est rapidement entreprise rue F\u00e9lix \u00e0 Talence. La rue a chang\u00e9 de nom et s\u2019appelle depuis rue Iriquin, mais la salle a cependant gard\u00e9 son nom de \u00ab salle F\u00e9lix \u00bb. Elle fut inaugur\u00e9e le 1er mars 1925.<\/p>\n\n\n\n<p>1930, les masculins ont rejoint les f\u00e9minines et une \u00e9quipe gar\u00e7ons a particip\u00e9 \u00e0 la f\u00eate f\u00e9d\u00e9rale \u00e0 Alger.<\/p>\n\n\n\n<p>1939, la section f\u00e9minine \u00ab Les Libellules \u00bb re\u00e7oit, pour l\u2019ensemble des r\u00e9sultats obtenus, le prix du Pr\u00e9sident de la R\u00e9publique (Vase de S\u00e8vres).<\/p>\n\n\n\n<p>1939\/1945, une activit\u00e9 r\u00e9duite sera maintenue malgr\u00e9 les conditions difficiles dues au deuxi\u00e8me conflit mondial.<\/p>\n\n\n\n<p>1943, Le club bordelais \u00ab L\u2019Argus \u00bb, au pass\u00e9 prestigieux, ne disposant plus de locaux, s\u2019associe avec \u00ab Les Enfants de Talence \u00bb. La nouvelle soci\u00e9t\u00e9 s\u2019appellera \u00ab Enfants de Talence et Argus r\u00e9unis et Libellules \u00bb. Les activit\u00e9s reprennent normalement apr\u00e8s la Lib\u00e9ration.<\/p>\n\n\n\n<p>1960, \u00ab Les Volontaires \u00bb autre grand club de gymnastique bordelais demande son rattachement. La soci\u00e9t\u00e9 devient donc \u00ab Enfants de Talence, Argus et Volontaires r\u00e9unis et Libellules \u00bb. \u00e0 suivre &#8230;&#8230;..<\/p>\n","protected":false},"excerpt":{"rendered":"<p>Cr\u00e9e en 1886, le club de gymnastique de Talence est une des plus anciennes associations sportives de la Gironde. Malgr\u00e9 les al\u00e9as de l\u2019histoire, elle n\u2019a pratiquement jamais arr\u00eat\u00e9 son activit\u00e9 qui a cependant subi des \u00e9volutions importantes. La soci\u00e9t\u00e9 \u00ab Les enfants de Talence \u00bb est n\u00e9e du d\u00e9sir d\u2019un groupe de 21 citoyens &hellip; <\/p>\n","protected":false},"author":1,"featured_media":0,"parent":50,"menu_order":0,"comment_status":"closed","ping_status":"closed","template":"","meta":{"footnotes":""},"class_list":["post-35","page","type-page","status-publish","hentry"],"jetpack_sharing_enabled":true,"_links":{"self":[{"href":"https:\/\/talencegymnastique.fr\/index.php?rest_route=\/wp\/v2\/pages\/35","targetHints":{"allow":["GET"]}}],"collection":[{"href":"https:\/\/talencegymnastique.fr\/index.php?rest_route=\/wp\/v2\/pages"}],"about":[{"href":"https:\/\/talencegymnastique.fr\/index.php?rest_route=\/wp\/v2\/types\/page"}],"author":[{"embeddable":true,"href":"https:\/\/talencegymnastique.fr\/index.php?rest_route=\/wp\/v2\/users\/1"}],"replies":[{"embeddable":true,"href":"https:\/\/talencegymnastique.fr\/index.php?rest_route=%2Fwp%2Fv2%2Fcomments&post=35"}],"version-history":[{"count":1,"href":"https:\/\/talencegymnastique.fr\/index.php?rest_route=\/wp\/v2\/pages\/35\/revisions"}],"predecessor-version":[{"id":36,"href":"https:\/\/talencegymnastique.fr\/index.php?rest_route=\/wp\/v2\/pages\/35\/revisions\/36"}],"up":[{"embeddable":true,"href":"https:\/\/talencegymnastique.fr\/index.php?rest_route=\/wp\/v2\/pages\/50"}],"wp:attachment":[{"href":"https:\/\/talencegymnastique.fr\/index.php?rest_route=%2Fwp%2Fv2%2Fmedia&parent=35"}],"curies":[{"name":"wp","href":"https:\/\/api.w.org\/{rel}","templated":true}]}}