{"id":37,"date":"2020-04-01T21:57:47","date_gmt":"2020-04-01T19:57:47","guid":{"rendered":"http:\/\/talencegymnastique.fr\/?page_id=37"},"modified":"2022-01-26T12:23:30","modified_gmt":"2022-01-26T11:23:30","slug":"activites-au-club","status":"publish","type":"page","link":"https:\/\/talencegymnastique.fr\/?page_id=37","title":{"rendered":"Activit\u00e9s au Club"},"content":{"rendered":"\n<div class=\"wp-block-media-text alignwide has-background has-very-light-gray-background-color is-stacked-on-mobile is-vertically-aligned-center\"><figure class=\"wp-block-media-text__media\"><img loading=\"lazy\" decoding=\"async\" width=\"512\" height=\"335\" src=\"https:\/\/talencegymnastique.fr\/wp-content\/uploads\/2020\/04\/GAF.jpg\" alt=\"\" class=\"wp-image-95\" srcset=\"https:\/\/talencegymnastique.fr\/wp-content\/uploads\/2020\/04\/GAF.jpg 512w, https:\/\/talencegymnastique.fr\/wp-content\/uploads\/2020\/04\/GAF-300x196.jpg 300w, https:\/\/talencegymnastique.fr\/wp-content\/uploads\/2020\/04\/GAF-92x60.jpg 92w\" sizes=\"auto, (max-width: 512px) 100vw, 512px\" \/><\/figure><div class=\"wp-block-media-text__content\">\n<p class=\"has-text-color has-medium-font-size has-vivid-red-color\"><strong>La gymnastique artistique f\u00e9minine (GAF)<\/strong><\/p>\n\n\n\n<p class=\"has-normal-font-size\">La gymnastique artistique f\u00e9minine (ou GAF) se pratique avec quatre appareils : Le sol, la table de saut, la poutre et les barres asym\u00e9triques. La gymnastique recherche, appr\u00e9cie l&rsquo;\u00e9l\u00e9gance et la technicit\u00e9 aux barres asym\u00e9trique, l&rsquo;\u00e9quilibre \u00e0 la poutre, la l\u00e9g\u00e8ret\u00e9 et la chor\u00e9graphie au sol, l&rsquo;impulsion au saut \u00e0 cheval. Elle se pratique autant sous sa forme comp\u00e9titive qu&rsquo;en loisir, elle peut commencer d\u00e8s l&rsquo;\u00e2ge de 6 ans. <\/p>\n\n\n\n<p><strong><em>Notre club s&rsquo;illustre depuis des ann\u00e9es par des participations r\u00e9guli\u00e8res aux championnats de France par \u00e9quipe et en individuel. En 2019 notre meilleure \u00e9quipe est CHAMPIONNE DE FRANCE division nationale 5 ! <\/em><\/strong><\/p>\n<\/div><\/div>\n\n\n\n<hr class=\"wp-block-separator has-text-color has-background\" style=\"background-color:#ff82a2;color:#ff82a2\"\/>\n\n\n\n<div class=\"wp-block-media-text alignwide has-background has-very-light-gray-background-color is-stacked-on-mobile\"><figure class=\"wp-block-media-text__media\"><img loading=\"lazy\" decoding=\"async\" width=\"700\" height=\"466\" src=\"https:\/\/talencegymnastique.fr\/wp-content\/uploads\/2020\/04\/GAM.jpg\" alt=\"\" class=\"wp-image-98\" srcset=\"https:\/\/talencegymnastique.fr\/wp-content\/uploads\/2020\/04\/GAM.jpg 700w, https:\/\/talencegymnastique.fr\/wp-content\/uploads\/2020\/04\/GAM-300x200.jpg 300w, https:\/\/talencegymnastique.fr\/wp-content\/uploads\/2020\/04\/GAM-450x300.jpg 450w, https:\/\/talencegymnastique.fr\/wp-content\/uploads\/2020\/04\/GAM-90x60.jpg 90w, https:\/\/talencegymnastique.fr\/wp-content\/uploads\/2020\/04\/GAM-600x399.jpg 600w\" sizes=\"auto, (max-width: 700px) 100vw, 700px\" \/><\/figure><div class=\"wp-block-media-text__content\">\n<p class=\"has-text-color has-medium-font-size has-vivid-red-color\"><strong>La gymnastique artistique Masculine (GAM)<\/strong><\/p>\n\n\n\n<p class=\"has-normal-font-size\"> La gymnastique artistique masculine (ou GAM) compte six appareils que sont : le sol, le cheval d&rsquo;ar\u00e7ons, les anneaux, la table de saut, les barres parall\u00e8les et la barre fixe. La gymnastique artistique masculine est une discipline de pr\u00e9cision. Dans sa perfection, elle r\u00e9unit \u00e0 la fois des aptitudes physiques individuelles comme la force, la coordination et la souplesse \u00e0 travers des exercices dynamiques ou statiques parfaitement contr\u00f4l\u00e9s et aussi des caract\u00e9ristiques artistiques telles que cr\u00e9ativit\u00e9, esth\u00e9tique et expressivit\u00e9. Elle se pratique autant sous sa forme comp\u00e9titive qu&rsquo;en loisir, elle peut-\u00eatre commenc\u00e9e d\u00e8s l&rsquo;\u00e2ge de 6 ans.<\/p>\n<\/div><\/div>\n\n\n\n<hr class=\"wp-block-separator has-text-color has-background\" style=\"background-color:#ff82a2;color:#ff82a2\"\/>\n\n\n\n<div class=\"wp-block-media-text alignwide has-background has-very-light-gray-background-color is-stacked-on-mobile\"><figure class=\"wp-block-media-text__media\"><img loading=\"lazy\" decoding=\"async\" width=\"733\" height=\"550\" src=\"https:\/\/talencegymnastique.fr\/wp-content\/uploads\/2020\/04\/team.jpg\" alt=\"\" class=\"wp-image-99\" srcset=\"https:\/\/talencegymnastique.fr\/wp-content\/uploads\/2020\/04\/team.jpg 733w, https:\/\/talencegymnastique.fr\/wp-content\/uploads\/2020\/04\/team-300x225.jpg 300w, https:\/\/talencegymnastique.fr\/wp-content\/uploads\/2020\/04\/team-80x60.jpg 80w, https:\/\/talencegymnastique.fr\/wp-content\/uploads\/2020\/04\/team-600x450.jpg 600w\" sizes=\"auto, (max-width: 733px) 100vw, 733px\" \/><\/figure><div class=\"wp-block-media-text__content\">\n<p class=\"has-text-color has-medium-font-size has-vivid-red-color\"><strong>La TeamGym<\/strong> <\/p>\n\n\n\n<p class=\"has-normal-font-size\">La TeamGym est l&rsquo;une des plus r\u00e9centes disciplines de la FFG, venue des pays nordiques, se pratique sur 3 programmes : Mouvement chor\u00e9graphique au sol, passages acrobatiques au tumbling et au mini trampoline. <\/p>\n\n\n\n<p><strong><em>Notre club s&rsquo;est illustr\u00e9 depuis 15 ans par de nombreuses m\u00e9dailles aux championnats de France et s&rsquo;est&nbsp;qualifi\u00e9 \u00e0 5 reprises aux championnats d&rsquo;Europe de Teamgym<\/em><\/strong>. <em>En 2018 nos \u00e9quipes sont CHAMPIONNES DE FRANCE en cat\u00e9gorie Europe mixte  \/  Passion  \/ D\u00e9tente Mixte  \/  D\u00e9tente F\u00e9minine  \/  D\u00e9couverte F\u00e9minine  !!!!!!!<\/em><\/p>\n<\/div><\/div>\n\n\n\n<hr class=\"wp-block-separator has-text-color has-background\" style=\"background-color:#ff82a2;color:#ff82a2\"\/>\n\n\n\n<div class=\"wp-block-media-text alignwide has-background has-very-light-gray-background-color is-stacked-on-mobile\"><figure class=\"wp-block-media-text__media\"><img loading=\"lazy\" decoding=\"async\" width=\"567\" height=\"162\" src=\"https:\/\/talencegymnastique.fr\/wp-content\/uploads\/2020\/04\/baby.png\" alt=\"\" class=\"wp-image-102\" srcset=\"https:\/\/talencegymnastique.fr\/wp-content\/uploads\/2020\/04\/baby.png 567w, https:\/\/talencegymnastique.fr\/wp-content\/uploads\/2020\/04\/baby-300x86.png 300w, https:\/\/talencegymnastique.fr\/wp-content\/uploads\/2020\/04\/baby-210x60.png 210w\" sizes=\"auto, (max-width: 567px) 100vw, 567px\" \/><\/figure><div class=\"wp-block-media-text__content\">\n<p class=\"has-text-color has-medium-font-size has-vivid-red-color\"><strong>La Baby-Gym<\/strong> <\/p>\n\n\n\n<p>L&rsquo;activit\u00e9 Baby Gym contribue au d\u00e9veloppement g\u00e9n\u00e9ral&nbsp;de l&rsquo;enfant de 15 mois \u00e0 6 ans \u00e0 travers une pratique ludique dans un environnement gymnique avec du mat\u00e9riel adapt\u00e9. L&rsquo;encadrement est assur\u00e9 par des animateurs brevet\u00e9s Baby Gym et le club est labellis\u00e9&nbsp;Baby Gym par la FFGym.<br>&#8211; Pour les 15 mois \u00e0 36 mois, avec la pr\u00e9sence d&rsquo;un r\u00e9f\u00e9rent affectif (parent, grand parent &#8230;), l&rsquo;activit\u00e9 favorise la d\u00e9couverte et l&rsquo;exploration spontan\u00e9e de l&rsquo;enfant.<\/p>\n\n\n\n<p>&#8211; Pour les 3 \u00e0 6 ans, l&rsquo;activit\u00e9 est orient\u00e9e progressivement vers les pr\u00e9mices ludiques de l&rsquo;activit\u00e9 gymnique, en autonomie.<\/p>\n\n\n\n<figure class=\"wp-block-image size-large\"><img loading=\"lazy\" decoding=\"async\" width=\"373\" height=\"280\" src=\"https:\/\/talencegymnastique.fr\/wp-content\/uploads\/2020\/06\/100795523_343807063259888_1731720553070329856_n.jpg\" alt=\"\" class=\"wp-image-404\" srcset=\"https:\/\/talencegymnastique.fr\/wp-content\/uploads\/2020\/06\/100795523_343807063259888_1731720553070329856_n.jpg 373w, https:\/\/talencegymnastique.fr\/wp-content\/uploads\/2020\/06\/100795523_343807063259888_1731720553070329856_n-300x225.jpg 300w, https:\/\/talencegymnastique.fr\/wp-content\/uploads\/2020\/06\/100795523_343807063259888_1731720553070329856_n-80x60.jpg 80w\" sizes=\"auto, (max-width: 373px) 100vw, 373px\" \/><figcaption><em>Exemple de circuit BABYGYM<\/em><\/figcaption><\/figure>\n\n\n\n<figure class=\"wp-block-image size-large\"><img loading=\"lazy\" decoding=\"async\" width=\"439\" height=\"280\" src=\"https:\/\/talencegymnastique.fr\/wp-content\/uploads\/2020\/06\/82392309_273853113754736_6299133528919506944_n.jpg\" alt=\"\" class=\"wp-image-405\" srcset=\"https:\/\/talencegymnastique.fr\/wp-content\/uploads\/2020\/06\/82392309_273853113754736_6299133528919506944_n.jpg 439w, https:\/\/talencegymnastique.fr\/wp-content\/uploads\/2020\/06\/82392309_273853113754736_6299133528919506944_n-300x191.jpg 300w, https:\/\/talencegymnastique.fr\/wp-content\/uploads\/2020\/06\/82392309_273853113754736_6299133528919506944_n-94x60.jpg 94w\" sizes=\"auto, (max-width: 439px) 100vw, 439px\" \/><figcaption><em>Exemple de circuit BABYGYM<\/em><\/figcaption><\/figure>\n<\/div><\/div>\n\n\n\n<hr class=\"wp-block-separator has-text-color has-background\" style=\"background-color:#ff82a2;color:#ff82a2\"\/>\n\n\n\n<div class=\"wp-block-media-text alignwide has-background has-very-light-gray-background-color is-stacked-on-mobile\"><figure class=\"wp-block-media-text__media\"><img loading=\"lazy\" decoding=\"async\" width=\"473\" height=\"314\" src=\"https:\/\/talencegymnastique.fr\/wp-content\/uploads\/2020\/04\/gym-adule.jpg\" alt=\"\" class=\"wp-image-104\" srcset=\"https:\/\/talencegymnastique.fr\/wp-content\/uploads\/2020\/04\/gym-adule.jpg 473w, https:\/\/talencegymnastique.fr\/wp-content\/uploads\/2020\/04\/gym-adule-300x199.jpg 300w, https:\/\/talencegymnastique.fr\/wp-content\/uploads\/2020\/04\/gym-adule-450x300.jpg 450w, https:\/\/talencegymnastique.fr\/wp-content\/uploads\/2020\/04\/gym-adule-90x60.jpg 90w\" sizes=\"auto, (max-width: 473px) 100vw, 473px\" \/><\/figure><div class=\"wp-block-media-text__content\">\n<p class=\"has-text-color has-medium-font-size has-vivid-red-color\"><strong>La Gym Bien \u00eatre &amp; Fitness<\/strong><\/p>\n\n\n\n<p class=\"has-normal-font-size\"><strong><br><\/strong>Pour prendre soin de sa forme et de sa sant\u00e9 en se faisant plaisir, l&rsquo;activit\u00e9 permet de travailler le renforcement musculaire, l&rsquo;endurance \u00e0 l&rsquo;aide\u00a0de chor\u00e9graphies sur un STEP, d&rsquo;exercices de gym douce adapt\u00e9s, de circuits cardio-training\u00a0dynamique<\/p>\n<\/div><\/div>\n","protected":false},"excerpt":{"rendered":"<p>La gymnastique artistique f\u00e9minine (GAF) La gymnastique artistique f\u00e9minine (ou GAF) se pratique avec quatre appareils : Le sol, la table de saut, la poutre et les barres asym\u00e9triques. La gymnastique recherche, appr\u00e9cie l&rsquo;\u00e9l\u00e9gance et la technicit\u00e9 aux barres asym\u00e9trique, l&rsquo;\u00e9quilibre \u00e0 la poutre, la l\u00e9g\u00e8ret\u00e9 et la chor\u00e9graphie au sol, l&rsquo;impulsion au saut \u00e0 &hellip; <\/p>\n","protected":false},"author":1,"featured_media":0,"parent":50,"menu_order":0,"comment_status":"closed","ping_status":"closed","template":"","meta":{"footnotes":""},"class_list":["post-37","page","type-page","status-publish","hentry"],"jetpack_sharing_enabled":true,"_links":{"self":[{"href":"https:\/\/talencegymnastique.fr\/index.php?rest_route=\/wp\/v2\/pages\/37","targetHints":{"allow":["GET"]}}],"collection":[{"href":"https:\/\/talencegymnastique.fr\/index.php?rest_route=\/wp\/v2\/pages"}],"about":[{"href":"https:\/\/talencegymnastique.fr\/index.php?rest_route=\/wp\/v2\/types\/page"}],"author":[{"embeddable":true,"href":"https:\/\/talencegymnastique.fr\/index.php?rest_route=\/wp\/v2\/users\/1"}],"replies":[{"embeddable":true,"href":"https:\/\/talencegymnastique.fr\/index.php?rest_route=%2Fwp%2Fv2%2Fcomments&post=37"}],"version-history":[{"count":6,"href":"https:\/\/talencegymnastique.fr\/index.php?rest_route=\/wp\/v2\/pages\/37\/revisions"}],"predecessor-version":[{"id":431,"href":"https:\/\/talencegymnastique.fr\/index.php?rest_route=\/wp\/v2\/pages\/37\/revisions\/431"}],"up":[{"embeddable":true,"href":"https:\/\/talencegymnastique.fr\/index.php?rest_route=\/wp\/v2\/pages\/50"}],"wp:attachment":[{"href":"https:\/\/talencegymnastique.fr\/index.php?rest_route=%2Fwp%2Fv2%2Fmedia&parent=37"}],"curies":[{"name":"wp","href":"https:\/\/api.w.org\/{rel}","templated":true}]}}