{"id":399,"date":"2020-05-29T16:43:29","date_gmt":"2020-05-29T14:43:29","guid":{"rendered":"http:\/\/talencegymnastique.fr\/?page_id=399"},"modified":"2022-01-26T12:24:10","modified_gmt":"2022-01-26T11:24:10","slug":"calendriers-saison-2020-2021","status":"publish","type":"page","link":"https:\/\/talencegymnastique.fr\/?page_id=399","title":{"rendered":"Calendriers Saison 2020\/2021"},"content":{"rendered":"\n<p class=\"has-text-color has-pale-pink-color\"><em>MAJ 8 octobre 2020<\/em><\/p>\n\n\n\n<p>Calendrier de Aout 2020 \u00e0 D\u00e9cembre 2020 > <a href=\"https:\/\/talencegymnastique.fr\/wp-content\/uploads\/2020\/10\/Calendrier-S20-21-Aout-\u00e0-D\u00e9cembre-2020.pdf\">Cliquez ici<\/a><\/p>\n\n\n\n<p>Calendrier de Janvier 2021 \u00e0 Juillet 2021 > <a href=\"https:\/\/talencegymnastique.fr\/wp-content\/uploads\/2020\/10\/Calendrier-S20-21-Janvier-\u00e0-Juin-2021.pdf\">Cliquez ici<\/a><\/p>\n\n\n\n<div class=\"wp-block-image\"><figure class=\"aligncenter size-large is-resized\"><img loading=\"lazy\" decoding=\"async\" src=\"http:\/\/talencegymnastique.fr\/wp-content\/uploads\/2020\/04\/GAM.jpg\" alt=\"\" class=\"wp-image-98\" width=\"412\" height=\"274\" srcset=\"https:\/\/talencegymnastique.fr\/wp-content\/uploads\/2020\/04\/GAM.jpg 700w, https:\/\/talencegymnastique.fr\/wp-content\/uploads\/2020\/04\/GAM-300x200.jpg 300w, https:\/\/talencegymnastique.fr\/wp-content\/uploads\/2020\/04\/GAM-450x300.jpg 450w, https:\/\/talencegymnastique.fr\/wp-content\/uploads\/2020\/04\/GAM-90x60.jpg 90w, https:\/\/talencegymnastique.fr\/wp-content\/uploads\/2020\/04\/GAM-600x399.jpg 600w\" sizes=\"auto, (max-width: 412px) 100vw, 412px\" \/><figcaption>Antoine Borello, FRA, during podiumtraining at 2018 Artistic Gymnastics World Championships in Doha; 21\/10\/2018 \nPhoto: Schreyer \/ Icon Sport<\/figcaption><\/figure><\/div>\n","protected":false},"excerpt":{"rendered":"<p>MAJ 8 octobre 2020 Calendrier de Aout 2020 \u00e0 D\u00e9cembre 2020 > Cliquez ici Calendrier de Janvier 2021 \u00e0 Juillet 2021 > Cliquez ici<\/p>\n","protected":false},"author":2,"featured_media":0,"parent":391,"menu_order":0,"comment_status":"closed","ping_status":"closed","template":"","meta":{"footnotes":""},"class_list":["post-399","page","type-page","status-publish","hentry"],"jetpack_sharing_enabled":true,"_links":{"self":[{"href":"https:\/\/talencegymnastique.fr\/index.php?rest_route=\/wp\/v2\/pages\/399","targetHints":{"allow":["GET"]}}],"collection":[{"href":"https:\/\/talencegymnastique.fr\/index.php?rest_route=\/wp\/v2\/pages"}],"about":[{"href":"https:\/\/talencegymnastique.fr\/index.php?rest_route=\/wp\/v2\/types\/page"}],"author":[{"embeddable":true,"href":"https:\/\/talencegymnastique.fr\/index.php?rest_route=\/wp\/v2\/users\/2"}],"replies":[{"embeddable":true,"href":"https:\/\/talencegymnastique.fr\/index.php?rest_route=%2Fwp%2Fv2%2Fcomments&post=399"}],"version-history":[{"count":2,"href":"https:\/\/talencegymnastique.fr\/index.php?rest_route=\/wp\/v2\/pages\/399\/revisions"}],"predecessor-version":[{"id":504,"href":"https:\/\/talencegymnastique.fr\/index.php?rest_route=\/wp\/v2\/pages\/399\/revisions\/504"}],"up":[{"embeddable":true,"href":"https:\/\/talencegymnastique.fr\/index.php?rest_route=\/wp\/v2\/pages\/391"}],"wp:attachment":[{"href":"https:\/\/talencegymnastique.fr\/index.php?rest_route=%2Fwp%2Fv2%2Fmedia&parent=399"}],"curies":[{"name":"wp","href":"https:\/\/api.w.org\/{rel}","templated":true}]}}