{"id":428,"date":"2020-06-04T16:56:13","date_gmt":"2020-06-04T14:56:13","guid":{"rendered":"https:\/\/talencegymnastique.fr\/?page_id=428"},"modified":"2023-11-06T15:53:19","modified_gmt":"2023-11-06T14:53:19","slug":"resultats-palmares","status":"publish","type":"page","link":"https:\/\/talencegymnastique.fr\/?page_id=428","title":{"rendered":"R\u00e9sultats &#038; Palmar\u00e8s"},"content":{"rendered":"\n<p>Retrouvez sur ces pages les r\u00e9sultats comp\u00e9titifs de la saison en cours et des saisons pass\u00e9es : 3 sections :<\/p>\n\n\n\n<p><\/p>\n\n\n\n<p class=\"has-text-align-center has-black-color has-luminous-vivid-amber-background-color has-text-color has-background has-medium-font-size\"><strong><a href=\"https:\/\/talencegymnastique.fr\/?page_id=352\" data-type=\"URL\" data-id=\"https:\/\/talencegymnastique.fr\/?page_id=352\">Consulter les r\u00e9sultats de cette saison<\/a> <\/strong><\/p>\n\n\n\n<p><\/p>\n\n\n\n<p class=\"has-text-align-center has-black-color has-luminous-vivid-amber-background-color has-text-color has-background has-medium-font-size\"><strong><a href=\"https:\/\/talencegymnastique.fr\/?page_id=348\" data-type=\"URL\" data-id=\"https:\/\/talencegymnastique.fr\/?page_id=348\">Consulter les r\u00e9sultats des anciennes saisons<\/a> <\/strong><\/p>\n\n\n\n<p><\/p>\n\n\n\n<p class=\"has-text-align-center has-black-color has-luminous-vivid-amber-background-color has-text-color has-background has-medium-font-size\"><a href=\"https:\/\/talencegymnastique.fr\/?page_id=355\" data-type=\"URL\" data-id=\"https:\/\/talencegymnastique.fr\/?page_id=355\"><strong>Rubrique Nos Champions<\/strong><\/a><\/p>\n\n\n\n<p><\/p>\n","protected":false},"excerpt":{"rendered":"<p>Retrouvez sur ces pages les r\u00e9sultats comp\u00e9titifs de la saison en cours et des saisons pass\u00e9es : 3 sections : Consulter les r\u00e9sultats de cette saison Consulter les r\u00e9sultats des anciennes saisons Rubrique Nos Champions<\/p>\n","protected":false},"author":2,"featured_media":0,"parent":0,"menu_order":0,"comment_status":"closed","ping_status":"closed","template":"","meta":{"footnotes":""},"class_list":["post-428","page","type-page","status-publish","hentry"],"jetpack_sharing_enabled":true,"_links":{"self":[{"href":"https:\/\/talencegymnastique.fr\/index.php?rest_route=\/wp\/v2\/pages\/428","targetHints":{"allow":["GET"]}}],"collection":[{"href":"https:\/\/talencegymnastique.fr\/index.php?rest_route=\/wp\/v2\/pages"}],"about":[{"href":"https:\/\/talencegymnastique.fr\/index.php?rest_route=\/wp\/v2\/types\/page"}],"author":[{"embeddable":true,"href":"https:\/\/talencegymnastique.fr\/index.php?rest_route=\/wp\/v2\/users\/2"}],"replies":[{"embeddable":true,"href":"https:\/\/talencegymnastique.fr\/index.php?rest_route=%2Fwp%2Fv2%2Fcomments&post=428"}],"version-history":[{"count":5,"href":"https:\/\/talencegymnastique.fr\/index.php?rest_route=\/wp\/v2\/pages\/428\/revisions"}],"predecessor-version":[{"id":1278,"href":"https:\/\/talencegymnastique.fr\/index.php?rest_route=\/wp\/v2\/pages\/428\/revisions\/1278"}],"wp:attachment":[{"href":"https:\/\/talencegymnastique.fr\/index.php?rest_route=%2Fwp%2Fv2%2Fmedia&parent=428"}],"curies":[{"name":"wp","href":"https:\/\/api.w.org\/{rel}","templated":true}]}}