{"id":53,"date":"2020-04-01T22:22:12","date_gmt":"2020-04-01T20:22:12","guid":{"rendered":"http:\/\/talencegymnastique.fr\/?page_id=53"},"modified":"2021-09-28T01:23:34","modified_gmt":"2021-09-27T23:23:34","slug":"inscriptions-au-club","status":"publish","type":"page","link":"https:\/\/talencegymnastique.fr\/?page_id=53","title":{"rendered":"Inscriptions Saison 2021\/2022"},"content":{"rendered":"\n<p class=\"has-vivid-red-color has-text-color\"><strong><em>Derni\u00e8re NEWS 18 Ao\u00fbt 2021 : <\/em><\/strong> Vous trouverez sur cette page les tarifs et plannings des cours mis \u00e0 jour pour cette saison 2021\/2022. N&rsquo;h\u00e9sitez pas \u00e0 nous poser vos questions par mail  : talencegym@gmail.com<\/p>\n\n\n\n<figure class=\"wp-block-image size-large\"><img loading=\"lazy\" decoding=\"async\" width=\"1024\" height=\"724\" src=\"https:\/\/talencegymnastique.fr\/wp-content\/uploads\/2021\/06\/AFFICHAGE-Inscriptions-S21-22-Juin_page-0001-1024x724.jpg\" alt=\"\" class=\"wp-image-761\" srcset=\"https:\/\/talencegymnastique.fr\/wp-content\/uploads\/2021\/06\/AFFICHAGE-Inscriptions-S21-22-Juin_page-0001-1024x724.jpg 1024w, https:\/\/talencegymnastique.fr\/wp-content\/uploads\/2021\/06\/AFFICHAGE-Inscriptions-S21-22-Juin_page-0001-300x212.jpg 300w, https:\/\/talencegymnastique.fr\/wp-content\/uploads\/2021\/06\/AFFICHAGE-Inscriptions-S21-22-Juin_page-0001-768x543.jpg 768w, https:\/\/talencegymnastique.fr\/wp-content\/uploads\/2021\/06\/AFFICHAGE-Inscriptions-S21-22-Juin_page-0001-1536x1086.jpg 1536w, https:\/\/talencegymnastique.fr\/wp-content\/uploads\/2021\/06\/AFFICHAGE-Inscriptions-S21-22-Juin_page-0001-85x60.jpg 85w, https:\/\/talencegymnastique.fr\/wp-content\/uploads\/2021\/06\/AFFICHAGE-Inscriptions-S21-22-Juin_page-0001-600x424.jpg 600w, https:\/\/talencegymnastique.fr\/wp-content\/uploads\/2021\/06\/AFFICHAGE-Inscriptions-S21-22-Juin_page-0001.jpg 1755w\" sizes=\"auto, (max-width: 1024px) 100vw, 1024px\" \/><\/figure>\n\n\n\n<p class=\"has-text-align-center has-luminous-vivid-amber-color has-very-dark-gray-background-color has-text-color has-background\"><strong>OFFRES D&rsquo;ABONNEMENTS &amp; PLANNINGS<\/strong> <em>Saison 2021\/202<\/em>2<\/p>\n\n\n\n<p>Offres d&rsquo;abonnements &amp; Plannings 2021-2022  : <a href=\"https:\/\/talencegymnastique.fr\/wp-content\/uploads\/2021\/08\/DOC1-INSCRIPTIONS-TALENCE-GYM-S21-22-V2.pdf\" data-type=\"URL\">Cliquez ici<\/a><\/p>\n\n\n\n<p>Pour plus de renseignements sur le contenu des cours, visitez notre page <a href=\"http:\/\/talencegymnastique.fr\/?page_id=37\">Activit\u00e9s au club<\/a><\/p>\n\n\n\n<p>Pour plus de renseignements concernant les horaires de cours pour le SECTEUR COMP\u00c9TITION veuillez svp nous envoyer un mail.<\/p>\n\n\n\n<p class=\"has-text-align-center has-luminous-vivid-amber-color has-very-dark-gray-background-color has-text-color has-background\"><strong>PAIEMENT EN LIGNE<\/strong><\/p>\n\n\n\n<div class=\"wp-block-group\"><div class=\"wp-block-group__inner-container is-layout-flow wp-block-group-is-layout-flow\"><p><iframe id=\"haWidget\" allowtransparency=\"true\" src=\"https:\/\/www.helloasso.com\/associations\/talence-gymnastique\/adhesions\/inscription-talence-gymnastique-saison-2021-2022\/widget-vignette-horizontale\" style=\"width:800px;height:400px;border:none;\"><\/iframe><\/p>\n<\/div><\/div>\n\n\n\n<p class=\"has-text-align-center has-luminous-vivid-amber-color has-very-dark-gray-background-color has-text-color has-background has-medium-font-size\"><strong>DOCUMENTS \u00e0 CONSULTER, \u00e0 REMPLIR et \u00e0  NOUS FOURNIR EN CAS D&rsquo;INSCRIPTIONS<\/strong><\/p>\n\n\n\n<figure class=\"wp-block-image size-large\"><img loading=\"lazy\" decoding=\"async\" width=\"977\" height=\"602\" src=\"https:\/\/talencegymnastique.fr\/wp-content\/uploads\/2021\/07\/TUTO-CM.png\" alt=\"\" class=\"wp-image-784\" srcset=\"https:\/\/talencegymnastique.fr\/wp-content\/uploads\/2021\/07\/TUTO-CM.png 977w, https:\/\/talencegymnastique.fr\/wp-content\/uploads\/2021\/07\/TUTO-CM-300x185.png 300w, https:\/\/talencegymnastique.fr\/wp-content\/uploads\/2021\/07\/TUTO-CM-768x473.png 768w, https:\/\/talencegymnastique.fr\/wp-content\/uploads\/2021\/07\/TUTO-CM-97x60.png 97w, https:\/\/talencegymnastique.fr\/wp-content\/uploads\/2021\/07\/TUTO-CM-600x370.png 600w\" sizes=\"auto, (max-width: 977px) 100vw, 977px\" \/><\/figure>\n\n\n\n<p class=\"has-text-align-center has-very-dark-gray-color has-luminous-vivid-amber-background-color has-text-color has-background\" style=\"font-size:12px\"><strong>1. <\/strong>Consultez notre r\u00e8glement int\u00e9rieur et notre offre d&rsquo;abonnement (DOC1 \u00e0 conserver)  \/  <strong>2.<\/strong> Remplissez le Bulletin d&rsquo;adh\u00e9sion (DOC2) &#8211; la fiche contact (DOC3) &#8211; la fiche autorisation de sortie (DOC4) \/ <strong>3.<\/strong> RDV \u00e0 la salle avec ces 3 documents et les pi\u00e8ces \u00e0 fournir (Certificat m\u00e9dical et paiement) <\/p>\n\n\n\n<figure class=\"wp-block-table is-style-regular\"><table><tbody><tr><td>Doc 1 &#8211; R\u00e8glement int\u00e9rieur (Maj 6\/09\/20)<\/td><td><a href=\"https:\/\/talencegymnastique.fr\/wp-content\/uploads\/2021\/08\/DOC1-INSCRIPTIONS-TALENCE-GYM-S21-22-V2.pdf\" data-type=\"URL\">Cliquez ici<\/a><\/td><td>A conserver<\/td><\/tr><tr><td>Doc 2 &#8211; Bulletin d\u2019adh\u00e9sion<\/td><td><a href=\"https:\/\/talencegymnastique.fr\/wp-content\/uploads\/2021\/06\/DOC2-INSCRIPTIONS-TALENCE-GYM-S21-22.pdf\" data-type=\"URL\" data-id=\"https:\/\/talencegymnastique.fr\/wp-content\/uploads\/2021\/06\/DOC2-INSCRIPTIONS-TALENCE-GYM-S21-22.pdf\" target=\"_blank\" rel=\"noreferrer noopener\">Cliquez ici<\/a><\/td><td>A nous retourner<\/td><\/tr><tr><td>Doc 3 &#8211; Fiche Contact<\/td><td><a href=\"https:\/\/talencegymnastique.fr\/wp-content\/uploads\/2021\/06\/DOC3-FICHE-CONTACT-TALENCE-GYM-S21-22.pdf\" data-type=\"URL\" data-id=\"https:\/\/talencegymnastique.fr\/wp-content\/uploads\/2021\/06\/DOC3-FICHE-CONTACT-TALENCE-GYM-S21-22.pdf\" target=\"_blank\" rel=\"noreferrer noopener\">Cliquez ici<\/a><\/td><td>A nous retourner<\/td><\/tr><tr><td>Doc 4 &#8211; Autorisation de sortie en fin d&rsquo;entrainement<\/td><td><a href=\"https:\/\/talencegymnastique.fr\/wp-content\/uploads\/2021\/06\/DOC4-AUTORISATION-SORITE-TALENCE-GYM-S21-22.pdf\" data-type=\"URL\" data-id=\"https:\/\/talencegymnastique.fr\/wp-content\/uploads\/2021\/06\/DOC4-AUTORISATION-SORITE-TALENCE-GYM-S21-22.pdf\" target=\"_blank\" rel=\"noreferrer noopener\">Cliquez ici<\/a><\/td><td>A nous retourner<\/td><\/tr><tr><td>Doc 5 &#8211; Questionnaire de sant\u00e9 <br>(rempla\u00e7ant le certificat m\u00e9dical) &#8211; ADH\u00c9RENT MINEUR<\/td><td><a href=\"https:\/\/talencegymnastique.fr\/wp-content\/uploads\/2021\/07\/Certfi-MEd_Mineurs.pdf\" data-type=\"URL\" data-id=\"https:\/\/talencegymnastique.fr\/wp-content\/uploads\/2021\/07\/Certfi-MEd_Mineurs.pdf\">Cliquez ici<\/a><\/td><td>A nous retourner<\/td><\/tr><tr><td>Doc 5 &#8211; Questionnaire de sant\u00e9<br>(rempla\u00e7ant le certificat m\u00e9dical) &#8211; ADH\u00c9RENT MAJEUR<\/td><td><a href=\"https:\/\/talencegymnastique.fr\/wp-content\/uploads\/2021\/07\/Certfi-MEd_Majeurs.pdf\" data-type=\"URL\" data-id=\"https:\/\/talencegymnastique.fr\/wp-content\/uploads\/2021\/07\/Certfi-MEd_Majeurs.pdf\">Cliquez ici<\/a><\/td><td>A nous retourner<\/td><\/tr><\/tbody><\/table><\/figure>\n\n\n\n<div class=\"wp-block-image\"><figure class=\"aligncenter size-large\"><img loading=\"lazy\" decoding=\"async\" width=\"1024\" height=\"544\" src=\"http:\/\/talencegymnastique.fr\/wp-content\/uploads\/2020\/04\/Logofed-LogoInstit-1024x544.jpg\" alt=\"\" class=\"wp-image-241\" srcset=\"https:\/\/talencegymnastique.fr\/wp-content\/uploads\/2020\/04\/Logofed-LogoInstit-1024x544.jpg 1024w, https:\/\/talencegymnastique.fr\/wp-content\/uploads\/2020\/04\/Logofed-LogoInstit-300x159.jpg 300w, https:\/\/talencegymnastique.fr\/wp-content\/uploads\/2020\/04\/Logofed-LogoInstit-768x408.jpg 768w, https:\/\/talencegymnastique.fr\/wp-content\/uploads\/2020\/04\/Logofed-LogoInstit-1536x816.jpg 1536w, https:\/\/talencegymnastique.fr\/wp-content\/uploads\/2020\/04\/Logofed-LogoInstit-113x60.jpg 113w, https:\/\/talencegymnastique.fr\/wp-content\/uploads\/2020\/04\/Logofed-LogoInstit-600x319.jpg 600w, https:\/\/talencegymnastique.fr\/wp-content\/uploads\/2020\/04\/Logofed-LogoInstit.jpg 1990w\" sizes=\"auto, (max-width: 1024px) 100vw, 1024px\" \/><\/figure><\/div>\n","protected":false},"excerpt":{"rendered":"<p>Derni\u00e8re NEWS 18 Ao\u00fbt 2021 : Vous trouverez sur cette page les tarifs et plannings des cours mis \u00e0 jour pour cette saison 2021\/2022. N&rsquo;h\u00e9sitez pas \u00e0 nous poser vos questions par mail : talencegym@gmail.com OFFRES D&rsquo;ABONNEMENTS &amp; PLANNINGS Saison 2021\/2022 Offres d&rsquo;abonnements &amp; Plannings 2021-2022 : Cliquez ici Pour plus de renseignements sur le &hellip; <\/p>\n","protected":false},"author":1,"featured_media":0,"parent":0,"menu_order":0,"comment_status":"closed","ping_status":"closed","template":"","meta":{"footnotes":""},"class_list":["post-53","page","type-page","status-publish","hentry"],"jetpack_sharing_enabled":true,"_links":{"self":[{"href":"https:\/\/talencegymnastique.fr\/index.php?rest_route=\/wp\/v2\/pages\/53","targetHints":{"allow":["GET"]}}],"collection":[{"href":"https:\/\/talencegymnastique.fr\/index.php?rest_route=\/wp\/v2\/pages"}],"about":[{"href":"https:\/\/talencegymnastique.fr\/index.php?rest_route=\/wp\/v2\/types\/page"}],"author":[{"embeddable":true,"href":"https:\/\/talencegymnastique.fr\/index.php?rest_route=\/wp\/v2\/users\/1"}],"replies":[{"embeddable":true,"href":"https:\/\/talencegymnastique.fr\/index.php?rest_route=%2Fwp%2Fv2%2Fcomments&post=53"}],"version-history":[{"count":25,"href":"https:\/\/talencegymnastique.fr\/index.php?rest_route=\/wp\/v2\/pages\/53\/revisions"}],"predecessor-version":[{"id":814,"href":"https:\/\/talencegymnastique.fr\/index.php?rest_route=\/wp\/v2\/pages\/53\/revisions\/814"}],"wp:attachment":[{"href":"https:\/\/talencegymnastique.fr\/index.php?rest_route=%2Fwp%2Fv2%2Fmedia&parent=53"}],"curies":[{"name":"wp","href":"https:\/\/api.w.org\/{rel}","templated":true}]}}