{"id":854,"date":"2022-01-25T17:20:44","date_gmt":"2022-01-25T16:20:44","guid":{"rendered":"https:\/\/talencegymnastique.fr\/?page_id=854"},"modified":"2022-04-17T20:55:55","modified_gmt":"2022-04-17T18:55:55","slug":"departement-individuel-perf-fed-gam-gaf-la-teste-22-janvier","status":"publish","type":"page","link":"https:\/\/talencegymnastique.fr\/?page_id=854","title":{"rendered":"D\u00e9partement Individuel Perf\/Fed GAM\/GAF La Teste 22 Janvier"},"content":{"rendered":"\n<p class=\"has-text-align-center has-luminous-vivid-amber-color has-black-background-color has-text-color has-background has-medium-font-size\"><strong>R\u00e9sultats<\/strong><\/p>\n\n\n\n<p class=\"has-text-align-center has-background has-normal-font-size\" style=\"background-color:#ea14bc\"><strong>GAF<\/strong><\/p>\n\n\n\n<figure class=\"wp-block-table is-style-stripes\"><table class=\"has-background\" style=\"background:linear-gradient(135deg,rgb(236,4,193) 0%,rgb(0,184,209) 100%)\"><tbody><tr><td><em>Gymnaste<\/em><\/td><td>Cat\u00e9gorie<\/td><td class=\"has-text-align-left\" data-align=\"left\"><em>R\u00e9sultat<\/em><\/td><td class=\"has-text-align-center\" data-align=\"center\"><em>Total point<\/em><\/td><td class=\"has-text-align-center\" data-align=\"center\"><em>D\u00e9tail<\/em><\/td><\/tr><tr><td>VARICHON Julie<\/td><td>Nationale 21 ans et +<\/td><td class=\"has-text-align-left\" data-align=\"left\">3\/4<\/td><td class=\"has-text-align-center\" data-align=\"center\">43.000<\/td><td class=\"has-text-align-center\" data-align=\"center\"><a href=\"https:\/\/talencegymnastique.fr\/wp-content\/uploads\/2022\/01\/Nat_21.pdf\" data-type=\"URL\" data-id=\"https:\/\/talencegymnastique.fr\/wp-content\/uploads\/2022\/01\/Nat_21.pdf\">Voir<\/a><\/td><\/tr><tr><td>DAMIANS Mathilde<\/td><td>Nationale 21 ans et +<\/td><td class=\"has-text-align-left\" data-align=\"left\">2\/4<\/td><td class=\"has-text-align-center\" data-align=\"center\">44.200<\/td><td class=\"has-text-align-center\" data-align=\"center\"><a href=\"https:\/\/talencegymnastique.fr\/wp-content\/uploads\/2022\/01\/Nat_21.pdf\" data-type=\"URL\" data-id=\"https:\/\/talencegymnastique.fr\/wp-content\/uploads\/2022\/01\/Nat_21.pdf\">Voir<\/a> <\/td><\/tr><tr><td>KONAN Naomi<\/td><td>Nationale 18-20 ans<\/td><td class=\"has-text-align-left\" data-align=\"left\">3\/3<\/td><td class=\"has-text-align-center\" data-align=\"center\">38.950<\/td><td class=\"has-text-align-center\" data-align=\"center\"><a href=\"https:\/\/talencegymnastique.fr\/wp-content\/uploads\/2022\/01\/Nat_18_20.pdf\" data-type=\"URL\" data-id=\"https:\/\/talencegymnastique.fr\/wp-content\/uploads\/2022\/01\/Nat_18_20.pdf\">Voi<\/a><a href=\"https:\/\/talencegymnastique.fr\/wp-content\/uploads\/2022\/01\/FEDA_reg_14.pdf\">r<\/a> <\/td><\/tr><\/tbody><\/table><\/figure>\n\n\n\n<p class=\"has-text-align-center has-background has-normal-font-size\" style=\"background-color:#ea14bc\"><strong>GAM<\/strong><\/p>\n\n\n\n<figure class=\"wp-block-table is-style-stripes\"><table class=\"has-background\" style=\"background:linear-gradient(135deg,rgb(236,4,193) 0%,rgb(0,184,209) 100%)\"><tbody><tr><td><em>Gymnaste<\/em><\/td><td>Cat\u00e9gorie<\/td><td class=\"has-text-align-left\" data-align=\"left\"><em>R\u00e9sultat<\/em><\/td><td class=\"has-text-align-center\" data-align=\"center\"><em>Total point<\/em><\/td><td class=\"has-text-align-center\" data-align=\"center\"><em>D\u00e9tail<\/em><\/td><\/tr><tr><td>RANGEARD Eliott<\/td><td>F\u00e9d\u00e9ral A 14-15 ans<\/td><td class=\"has-text-align-left\" data-align=\"left\">4\/6<\/td><td class=\"has-text-align-center\" data-align=\"center\">52.600<\/td><td class=\"has-text-align-center\" data-align=\"center\"><a href=\"https:\/\/talencegymnastique.fr\/wp-content\/uploads\/2022\/01\/FedA_14_15.pdf\" data-type=\"URL\" data-id=\"https:\/\/talencegymnastique.fr\/wp-content\/uploads\/2022\/01\/FedA_14_15.pdf\">Voir<\/a><\/td><\/tr><tr><td>BENSILUM Paul<\/td><td>Nationale A 11 ans<\/td><td class=\"has-text-align-left\" data-align=\"left\">2\/2<\/td><td class=\"has-text-align-center\" data-align=\"center\">49.550<\/td><td class=\"has-text-align-center\" data-align=\"center\"><a href=\"https:\/\/talencegymnastique.fr\/wp-content\/uploads\/2022\/01\/NatA_11.pdf\" data-type=\"URL\" data-id=\"https:\/\/talencegymnastique.fr\/wp-content\/uploads\/2022\/01\/NatA_11.pdf\">Voir<\/a> <\/td><\/tr><tr><td>DE MORAIS Oscar<\/td><td>Performance r\u00e9gionale 10 ans<\/td><td class=\"has-text-align-left\" data-align=\"left\">3\/6<\/td><td class=\"has-text-align-center\" data-align=\"center\">61.250<\/td><td class=\"has-text-align-center\" data-align=\"center\"><a href=\"https:\/\/talencegymnastique.fr\/wp-content\/uploads\/2022\/01\/Reg_1O.pdf\">Voir<\/a> <\/td><\/tr><tr><td>DOURTRELOUX Marin<\/td><td>Performance r\u00e9gionale 10 ans<\/td><td class=\"has-text-align-left\" data-align=\"left\">7\/7<\/td><td class=\"has-text-align-center\" data-align=\"center\">52.350<\/td><td class=\"has-text-align-center\" data-align=\"center\"><a href=\"https:\/\/talencegymnastique.fr\/wp-content\/uploads\/2022\/01\/Reg_1O.pdf\" data-type=\"URL\" data-id=\"https:\/\/talencegymnastique.fr\/wp-content\/uploads\/2022\/01\/Reg_1O.pdf\">Voir<\/a><\/td><\/tr><\/tbody><\/table><\/figure>\n\n\n\n<p class=\"has-text-align-center has-luminous-vivid-amber-color has-black-background-color has-text-color has-background has-medium-font-size\"><strong>Photos de la comp\u00e9tition<\/strong><\/p>\n\n\n\n<script src=\"https:\/\/cdn.jsdelivr.net\/npm\/publicalbum@latest\/embed-ui.min.js\" async=\"\"><\/script>\n<div class=\"pa-carousel-widget\" style=\"width:100%; height:480px; display:none;\" data-link=\"https:\/\/photos.app.goo.gl\/ykG389pLeYtm7sH79\" data-title=\"D\u00e9partement Individuel Perf\/Fed GAM\/GAF La Teste 22 Janvier\" data-description=\"87 new items \u00b7 Album by Talence GymPhoto\">\n  <object data=\"https:\/\/lh3.googleusercontent.com\/ubTNqukaGxY9Ybo2V63jAUM0ZQRLzIduKLjkN3DFI0uMDvcH72yIuMSOd_GGfrb5tIeuTfbxOuRAg8MVz7f3nQTBa-GHvHmW3glb_zFhpBC95O2SWC4ZleGuBVJAqTTMmNzhjWKlhQ=w1920-h1080\"><\/object>\n  <object data=\"https:\/\/lh3.googleusercontent.com\/aOoLfSI9lhFthCAxwKNt4393atcBKz9LJrBeARf7Sa0S3MztY4d-9hHFDSfe1krBJl67DNQWIM-WaMzDkpAsIPwFgeaLF_oiok5HlaRcPkfeW-ucdb9oZFYo_4-O2CMz-lD22OM8mA=w1920-h1080\"><\/object>\n  <object data=\"https:\/\/lh3.googleusercontent.com\/2LsbiuB8pyVx-YR6MLZTMRJP-Urn7-O0O3oO0R-ctxVABM-xYAjjEcHk2ZrLFFqbraBEiqDDdsrb9MXA9GkCF7UXhr98G3ac5VBbMPRv31VIB1wb0e8WiYcXSJmd6myeHmMR-KQUNg=w1920-h1080\"><\/object>\n  <object data=\"https:\/\/lh3.googleusercontent.com\/6qjX9NbMrh1lNlo1J7FnLyOae8KexCWqwPKCu016coPCyTysEksfo3dROzNq6MKHO6QTNE3WW_YmLobO9c6px72AdrNKxurXV7w2aV56y1ea3ykk9yRIQ8eV5UfKu6HQxLAJcFqrxg=w1920-h1080\"><\/object>\n  <object data=\"https:\/\/lh3.googleusercontent.com\/BNQRc8L4dQUu8EfuCgmQ3dX3fpdwAD5UJubBQi9gCEyhvI7KIeGTGmMzIPuUwb3DRgfdXKJdRgW9rqLNCTdmN9aMG-6QREMwlFJFDbc4qhL8Dw2utgsKE1nfJZI0RfLx2TRLR92wwA=w1920-h1080\"><\/object>\n  <object data=\"https:\/\/lh3.googleusercontent.com\/lpyHjShY2dkeLbAzLSmQUQV1a9Ca5kfP76rn5FFhWiIJalDekQBBds9Jy9ye4XTEUMwjGHZwhX_HZFvgQdHyl01dnhGxwAyaFDOHt3Hym6qFMDC8dqZdm-fVbNgYT-MjWeGUTMQGWw=w1920-h1080\"><\/object>\n  <object data=\"https:\/\/lh3.googleusercontent.com\/LSZT2pnELHe1hmTyTtcPh7N6oYeWDu8DyHawwjSjJknnLqN8ng_aj5yyhEWe6m19d2Lq0atgMzclXAqYzy25WhoVqrm0D8VkqJEWc9X0cmVrPGUYEw49jEoEmklj3uSAjhnQ1UmP5Q=w1920-h1080\"><\/object>\n  <object data=\"https:\/\/lh3.googleusercontent.com\/h1-5ShhwIXAaWmrV3CzJRcuxVWhSZjPG8xofsgqIhjdXagjgHXH9RMcBYVCgIDf432TJ_EA-vUawdE6zxR9OlGCIPwNMELRZ1xAPtzBPRDSzee0vcW7Pi9sdXiVJHmWTTq9OVKyUtg=w1920-h1080\"><\/object>\n  <object data=\"https:\/\/lh3.googleusercontent.com\/PGRTOs88OkJn1GUmihBpbJ97Orp3AAqSek1UInVYg-o7Ig-JOnIXd_Z_vlqrx4h6YenIqWANDwPr4lXeMfPC_h1CP5Jsle8tJ2sb064ZNLBCRbD6-N8nLWTxgwO1ffLeH0fi3VY_5Q=w1920-h1080\"><\/object>\n  <object data=\"https:\/\/lh3.googleusercontent.com\/JZDiZs3fm8H6Lur92MmNg8uTXs_Cy9uNyPs-v4Tc6AjjzJlpUe70Km175V6-mA0rV5EN6a-4yxJHwHGvk2khJXHneu-1vymC3VL2Tjkp9hS4k0hon_so1xwSncBPDneSGNZsOhm7ag=w1920-h1080\"><\/object>\n  <object data=\"https:\/\/lh3.googleusercontent.com\/c11mbf86BtVb4H3VDDEki6xZUWIb5wBoaJBVRtrn2PilQDgJWg9_419iU0bkRmfaKCqmIVnRNmYlX3mco3CWOMHawOcQYblxOSIiZ18uOYS8V8f3JstxQBHg_kPHHw3z-KWqufsIIw=w1920-h1080\"><\/object>\n  <object data=\"https:\/\/lh3.googleusercontent.com\/Y6wOGZpAbDtdZTJyFCrwhHCGLYgoi8S4GCPlssWFL_XbPkwpJ_otCiyC3oWI7GSFGoYl-N9z0xEnvr-GUexFLldhMWWX6iffu3i_iHJChsiBMpUwkzvNGD54_KKRkd2V-CTccCYDlw=w1920-h1080\"><\/object>\n  <object data=\"https:\/\/lh3.googleusercontent.com\/CNgP4WcwRgU0AdJ3UhvpyGthDe17V5CXBYfUntGiHXnYnB5cZ5Sf1DkorMSAXRGRgiK4zMRtWJzqblJZ4ggVyB4E_dkEEWZ7ZIoPN8gcMGgUCZa-u6-JGnToTk2yOxU2aD-gVSYQEw=w1920-h1080\"><\/object>\n  <object data=\"https:\/\/lh3.googleusercontent.com\/L6yNJTZTnK_gspzKF2N21ZyexxexZrQ4XVnkZYsJ62emOlsapPKm2hmfqEOurPk6YsHnita6i_MfpxkGnHfElKVFAW8KMmjk1E92982L5oTQ5Sd0pIdFN_q7y8YaX7c0Ova2RRCuig=w1920-h1080\"><\/object>\n  <object data=\"https:\/\/lh3.googleusercontent.com\/p7f0fpRRxYFNUleeliyNjtbnX7iAIYel6QHBMVkBJHSrgQ9Pp5Y4mgfYF3i0lfWhFJj7yTyzttALyohDiyz-44KeRmlMI9OECAoD6lv2lQgZx35Uaexf9IHUhxb1BeFxxHi7tLeCwg=w1920-h1080\"><\/object>\n  <object data=\"https:\/\/lh3.googleusercontent.com\/EqC_8i5C0h6VvIelzE9svfckBx77FYQ1LPGVPzxfHkOfEYDQB49ZORs6Z0gjoEHpm5rFrSXu6h2-X-QythODFzxWMOX2t7KDSyJTKnWJlMRLSJnGk6F0YsAxQlpGc4V9T4LAKcXobg=w1920-h1080\"><\/object>\n  <object data=\"https:\/\/lh3.googleusercontent.com\/of_BR1NXbLa_yBW_mt0K-0Ntzl35swit0zpOUKC0iv19q0zMsbXflpTXphyjVHtqgL05OsOVBAo-sd8lPxPX32FrKbkqcYqSB_p3B7B7uKh-4UANodbcKd83EOtEHQeTCwB0LY-jVw=w1920-h1080\"><\/object>\n  <object data=\"https:\/\/lh3.googleusercontent.com\/OA_Z6JLOfQiFz8oF0j0xp1XWO5d2ZujvuOqaj1pPkto6JlZHIB438WBPlhtz465zfeV2esjf8I1gW0Lltw17e6NpNXMCMn59D3eHALacKbLfS0h8sgoEwzZCv_Yg-Tdw9liD0CisgQ=w1920-h1080\"><\/object>\n  <object data=\"https:\/\/lh3.googleusercontent.com\/oA5dDSRml3c1J74CrMHf83DErLnPKkGdwxSc-noFkOKLV2PgQGzoyON3QDd8I00MVMth35n8QSRuG7zHKn_IuRmACao94sQ-kn-0LTyYF35kpw318nfRHvbgXwmg_MGC2HEuYUW18A=w1920-h1080\"><\/object>\n  <object data=\"https:\/\/lh3.googleusercontent.com\/8Y1_dwKkttNou_LFU7oJtCp0ORzgpxKkIQXjXZJqvaEf0G4YafoLXW2JOwT1oVybZZWZ94rLdbuzfMplY8WvgOAZMrBh2Ec3tCEtX9PhBxkj19agmNEzX6m8GpH9Yum0FVfEPR2Mgg=w1920-h1080\"><\/object>\n  <object data=\"https:\/\/lh3.googleusercontent.com\/Rv0hEaaxvruvjlp99bXbrM7OOqPXys_2v_JAgs6-XpmKqSOd3h1bHud7OXeBXkY_6XBcF6eNbD1xtS2mwHvexidQLlGp_-hVbdjOXLZNvr_FKWXbRMg_Fx5jcTs4qnFqAf26fFiEZg=w1920-h1080\"><\/object>\n  <object data=\"https:\/\/lh3.googleusercontent.com\/lsxrYDD8VnrZgOBpn8YUmtxAGpSiTDHxb-Eq_zr1OGr9o2_-8HEGaiqiilyodksCkqoZMuYlllBNnjJab0Ib-hj60bge9FzhJ4bhNtPAUOzi_-45Zl8vMLfE2EcuewNUYkwmhAmkzQ=w1920-h1080\"><\/object>\n  <object data=\"https:\/\/lh3.googleusercontent.com\/aLNREdSEdXPP2WbsAqQi_vuKbZ0cNbUVT1m---tLc_3CvR-U9GcWZj1D0GOhlCtAC8KEyMbFqAVVtZhHWUQoyPOXvYdUB6Y1nazcxoeQ13iEoaYaEOtFarAXlSfzQHt4P2_dQ8W5qQ=w1920-h1080\"><\/object>\n  <object data=\"https:\/\/lh3.googleusercontent.com\/EI31XCbR961H5FcahYbqxvu87IJtkeHi7jqSfErr84LIIQKZRUuGn3KvycK6S4nzxiJB9uAksO-EP7rTGHxZu3-NL_qt7aqJ2cltjgYBa11Zfu0ufV62foOx49j5s9t9_66xVTv9-A=w1920-h1080\"><\/object>\n  <object data=\"https:\/\/lh3.googleusercontent.com\/aUlMllB23O6B0evO7m99DPVDacwzEbqXXin_71biqiL-i4r5dCSQTQ-4jgB2atKyEg5HRoUK7CxAfM0Lx_lXcsMf0-FnPGuaWGGt9i_zkFWP3bK7-205OLc8ndYmRken5rl42fFQ1Q=w1920-h1080\"><\/object>\n  <object data=\"https:\/\/lh3.googleusercontent.com\/PX722oBXSuAoSpWaAFLVvUZy2J5rHgOr8bK59KkroFvk_nvigWm00g8GbMoO8LlGFLNLH08ITIL1FiYTQ42O7UKFgyx94oJZ9l2PCOelCDpEpXWSFVchnOXblpnuyz2XZI2Q8cNH4Q=w1920-h1080\"><\/object>\n  <object data=\"https:\/\/lh3.googleusercontent.com\/6BW4gJkpjq8MgZ5TUaYFOrMRljYk4zgtv2OElRx_CPgg8U_FvnpKdM5GDDwjleLvSDdMnSoCksoc9dUJGhJc0z2BeTYtENssOrs02-rNfRxwdrlIkzG6EmWPwfyTw-jfP257eu9Dvg=w1920-h1080\"><\/object>\n  <object data=\"https:\/\/lh3.googleusercontent.com\/OXqCcguB9IJbeYARTGwk0vvtqMH-_gtC61CC_GPau2kB2IIZOTigIs4bSMltQf0EZMd_PeLwd0H4DrSeE4RSEwf54tWdAftQJ7Pw-autH4iRB8grVHw78KkNB3PziVWQpjJmLzglNg=w1920-h1080\"><\/object>\n  <object data=\"https:\/\/lh3.googleusercontent.com\/ic2lu0B-w_D7ZGyLpj99s5Mn0BNQ9_s12t0L8EPLIO3-qSGjl2gbiKd66KWpxKmuc-J5bFXexfBkJE-Tm4ElDbtiDUWNfeUfBlXJ-sr_5NLXk5_C64tD961EjB3wLjnNN5iC3p0QVg=w1920-h1080\"><\/object>\n  <object data=\"https:\/\/lh3.googleusercontent.com\/oaYr3uybRXIXKqwD4zp6pZbsH5QoxvFZ_FQc4INe1LlBkiS87xmOFxWyStosmTgF5HzojLAnU7cohHi8KoiPaK5Q9kn-T9MNoydv8eBq0QCYYk_wVREeMuSldsdt4Q_2W8JqocxmgQ=w1920-h1080\"><\/object>\n  <object data=\"https:\/\/lh3.googleusercontent.com\/gEb_N2BqO3NkmFlYEBKMaS3PeMZZWsyU_wL7hMA8VNb3Y2iQBLK9rKVL8I36ZLJk6jPJIym_rv0AyNITy5jac2u5YYkXjN0_2Mytcc8qTGeP-7YCethlb6qfcfWFZCmLl1XEvVz2AQ=w1920-h1080\"><\/object>\n  <object data=\"https:\/\/lh3.googleusercontent.com\/e2Gy8tr0u3-R68twnkNsGrg3ZG9V03gd0qJStjbsqPZPGZPdyXJHt7nY4T31xWU_sDxTs0H7Y6W4aOPQ_hpTYMe9MEVDgETo-pPCAwHkUp9uVItq7c4AO3A7hQQHo_qBmf3FJH7ygw=w1920-h1080\"><\/object>\n  <object data=\"https:\/\/lh3.googleusercontent.com\/URnBiXN2dZexXJdEjKbs2rX_gvKv4sathND224aB7E8OpcmTpoECY6tK-OGxEZosFydwjok6tqlN3-ngdiKFq_pTwyP3hr233jHxQ85RkWkwLofC0SVEkJrDu6TfAicLDH8DGhOx_w=w1920-h1080\"><\/object>\n  <object data=\"https:\/\/lh3.googleusercontent.com\/i7DArliXLJDlhQ6pLi7d-gHQhVfywglH5kwjdI6gK8DBMF3tpwqhqR54wAk0eX0bOXKF9EbeKpO16FrNW4TEtDo1a6fh2hJnYKzvG49hRvfJIPPWk-J5b4C60de2Q5io3X5LbXwALw=w1920-h1080\"><\/object>\n  <object data=\"https:\/\/lh3.googleusercontent.com\/LxsDziHXLuJIDm6snxDpolqKKG-GpqJMMLifcqMy3DxI7y6-wAsF0pTO_6F_6FnP3hWzscSMwBz__9z2dUOWtCbFSL0YQS1K9PUf7yQDuGQ7kH6385GBhKUGlxZJ0JZ6jXH6F_4KNw=w1920-h1080\"><\/object>\n  <object data=\"https:\/\/lh3.googleusercontent.com\/oc48O-MhrDp1SjVVH2D1qnCzpRHIOQ-jAsrFQ4pWSiGECPdtgnhIVSFhz_6Y0yUNCsh5pKXDxTWbcVAo5DlB_tdSytScwYi-SSWj9GFdkhq1PJ4cIv1Dl2j_Z1zOQ4qWHP366oJJiw=w1920-h1080\"><\/object>\n  <object data=\"https:\/\/lh3.googleusercontent.com\/hrfWCM3dv592VtcY9CrNUtTH6oVRexfXpETVBd6SgRNpicdWYRuMXOeKrijQPc2R_dIbuZ2DeN9vJb22KspamcxIKB-pJ175TVoqJzg47uHrPFeMpvcRNzO-IGv372HK_RAlCaY3Aw=w1920-h1080\"><\/object>\n  <object data=\"https:\/\/lh3.googleusercontent.com\/J1NPJfKlkqT4it-ZBIVnulsHGhoahDKUWHnWTpjvSn_CZwdp2UHjPseISdYZWoCr_3S74_IJAPGFo09bnycqP2gD7rjnxikQoZ05hm7OTS750y7bXLjXRlrC0-DefZC1Cl9omJSmsQ=w1920-h1080\"><\/object>\n  <object data=\"https:\/\/lh3.googleusercontent.com\/yvkHG0MH2ATCHgsDTTUlrNR09e25WrQi2XKH01SLOglcq9TKKqmIBZQGf5qzhvhn1nGecIidSgz3V03J7atcMPoRJ459e0LOKDBNS5-dUy2jQEUTZlpljdPPDuNk_CNcH8QW4-S1Rg=w1920-h1080\"><\/object>\n  <object data=\"https:\/\/lh3.googleusercontent.com\/GpFPxLnKckGXdof5jXNtwQeg8x-vxc_mcA8aZA4DiO0mUVj_PaI3QE5iBzrwhpnTj95Pgrxv30gvXwpdPDwBFjl5e1cfjFS12FOOCwzqWocY2k5LVTeacIpomI9caj_xlIyh87kQ-w=w1920-h1080\"><\/object>\n  <object data=\"https:\/\/lh3.googleusercontent.com\/FE4ZEmK0GstPDm0xsVUQoJbokH6KiFxFmaTmPTKxVWEQ6WG-cxe8AYQ5RNS6IErqwb7ye1hMadKk-VA0Y6y_jKiinnobteXDQKohU1lobgCBX_wxRs9wRBfNbVyd6g3u14wo8Yb_Xw=w1920-h1080\"><\/object>\n  <object data=\"https:\/\/lh3.googleusercontent.com\/rVR2md1M6O-MsG6Z6y42KjbwQFStZNd9KS4XQrmZMtxDSnF4kwb3bZNBv5LIHW6TJxAsYcIGqlOUfAP-gmejn4FRR1ZaOLHvIyW93fO0QpbYdeq1C92WStOEY-rxnRtZmKaXrknSew=w1920-h1080\"><\/object>\n  <object data=\"https:\/\/lh3.googleusercontent.com\/cxcom2AufvOYoUo33_zMDmM-OK5YWS-a9JM7f5HDmAH4xxGdM90uwCqAum3r02s5zdnRD8UsHSlVcaod-8hziN9NRfeBJ6gsidmYIdCdvJ_diaT5qkvVArZav9frK4ipkWjbt8yZRQ=w1920-h1080\"><\/object>\n  <object data=\"https:\/\/lh3.googleusercontent.com\/KCljaSs67CeibmtoZot_O_QfsvYI1OJHYnjDK92v-D_U51A24BJzfZB-UTNA0EYarXGZErE2L2cLkewm0z-MWTL9jl8iwIwjEmbf7ZKHUoLDjxjMHDXUdPK-U44KnefxVhuESb-zfA=w1920-h1080\"><\/object>\n  <object data=\"https:\/\/lh3.googleusercontent.com\/_xYZer-fI-MI7XPH0fX0trBozBVP1Dfjk4MW8K3uyyCk73o_VIBGlt-yHwtO05YIupkbPkgNgUWu4BBJPORxkU1j-jofQzfEAnPOxXugthcPjG9HXtwFOjPsBrhoDJPkU0arHftf8g=w1920-h1080\"><\/object>\n  <object data=\"https:\/\/lh3.googleusercontent.com\/wgyYmSn88PMnCEAFLOx9B_QpZKE-2dQEoC8_i24-fa9n9nztJkZefBphsG_NF6jcVGVCYPkPrkU87K-CWfrI6ehpZ9IjwVnPd6WYBw78QnKdywUA-fK39ITE2RbWa8p2ArqO9-bmwg=w1920-h1080\"><\/object>\n  <object data=\"https:\/\/lh3.googleusercontent.com\/r23Hp-mNzNhf7W5jtvyWSUKRr8CC8Or_6Q8ZVlJUKUj_JLNJaMLJavb8mSKGf6FTHHWgyjDZKfF5-34VjnAzaa6rFe-wINs3Z2gc5cHBn7aT0Z3EzoV_TQUg7ggCqHQBV3rDiPcWvA=w1920-h1080\"><\/object>\n  <object data=\"https:\/\/lh3.googleusercontent.com\/Uhg0kv5lrOJ8NvnW4LvFgCAWfHz1GY_BBivvtfLhOC5HiD2nYvMnSPsiMq0VKsFaBMHyOpH9fG-x9TQpElswGCatkv1qYWM2DcZefWGALwCAyAd4Fx46aGrGUrpuMZ-nJidk5iJWIg=w1920-h1080\"><\/object>\n  <object data=\"https:\/\/lh3.googleusercontent.com\/nVrzKYb-5LIklycdWbUkqirfOyNOgsX7S8bRn0GLUauUGQCB0MHWtpyeW5jjHn9NewFgJAnsyzj-CUTuoy364UlrUdgXJiq6uvAq0Is2Y3KMzFHT1uiJ43jAUk5vzJqElbdP4xof9w=w1920-h1080\"><\/object>\n  <object data=\"https:\/\/lh3.googleusercontent.com\/GedDCFQfeXGmLEyPtbFrYOveckgkH73m4pllm2hO9wjoeM7JsZv7S358Q-yqtK1urqXKUXY62Zhd5cED2OKFJi7Sops8Lq8OQNr68yPeg9Cga79TWTp1qUMnws3f3wdl_r-fyVzslw=w1920-h1080\"><\/object>\n  <object data=\"https:\/\/lh3.googleusercontent.com\/UE3WxGioVGARearKK4BqcOFb02hqw73Nlk7HRmPYsp8spTld0ca2iIWU6ci3YpSfvqKJH0TpsnR318xAmiKwHSU06vthbTQJwbwwUyDK34-p47zgc099ceSn5QuMEZ44MVTb4rELSQ=w1920-h1080\"><\/object>\n  <object data=\"https:\/\/lh3.googleusercontent.com\/mRa6TrAb8pG3Q5-VJJQVVfGQ2XkcF-MtBmfvekkVfliibmUIW3HLBIjyou0nVP709brxKRY2d_3nDmeQ3U19VGoN1YysW3-RLB735q9I3NcXkBDjsWR9BQLsUNviZMtBFZx-de_CZA=w1920-h1080\"><\/object>\n  <object data=\"https:\/\/lh3.googleusercontent.com\/X8w1KYvCa1nFFrTW1S1rHORdSAerlrDR2yGsqIe39PWZ5WFwjn_s-PUIyH6SDZ5esZP2m82qrxntkwvZn97-8XS4wN4RJqJD_mkWVvzF0LXJi_B7R4O722hFhGwMTcswXCjJbE0GOA=w1920-h1080\"><\/object>\n  <object data=\"https:\/\/lh3.googleusercontent.com\/YkToyllkSF9xMEjW3Tc5v4jjeXMyPzNXPb2cxR_lAtsaKL6CD9wC1AIlbWU2GCS5EA0G16mQ7LROZkQWokNXAE8htgMvkGYMu6vbNbTQIhqqHUNofw6DwT7uPOQF6zoifJueeDV9mg=w1920-h1080\"><\/object>\n  <object data=\"https:\/\/lh3.googleusercontent.com\/1HrKohwKMjEEQYVzfGaxFMXR43KgZ2ijXWbp1XmD2EXVCFYXx6I37urIJz8nzuNyC4TjXGSGKpJIwaHja4SskuJ3p7dZaiVHmzNkKMxf36M11L-HXCgOPz1a5kmJrKi4533UlDEugg=w1920-h1080\"><\/object>\n  <object data=\"https:\/\/lh3.googleusercontent.com\/SO6U_bCubY5s5yPJBv9cwawHtrocuOw9kGQ7r3rp4XalRK1QgE2gt8rvLrWEhJmGwA6Fv-0bQncxfUCH5i2zt_p41_E2cGGA6UGD8rgZ7psJ-bLKlYakGzoVPynpAqsnk3RqZGhsHQ=w1920-h1080\"><\/object>\n  <object data=\"https:\/\/lh3.googleusercontent.com\/ConhbxQJbF_KBDHpiZ-I_qO8nGFGSBUAhOXNg3_Bq62Nu7XGKy22RiUVAcDImJmVLgzgrlHPn00sp5i4DuV9kTUj6w9BH55wzsSnR88_r-Xb0HBmAujWff8oEymzuz5BwguGa8tvEg=w1920-h1080\"><\/object>\n  <object data=\"https:\/\/lh3.googleusercontent.com\/EjZ5_J9IjD5C_Br4AlCYVxthkcTVB9CPWm9GPwD2m6TojLxBD4aC_HboQTGxW8mLsdm870xbyl9caEwzc3XXQfgg9zItzsunzZf04Jryxbk5pR-P2Lpxcr-dZqzxKgBYY19er7bKHQ=w1920-h1080\"><\/object>\n  <object data=\"https:\/\/lh3.googleusercontent.com\/DLx2lTttequcfd8qtan14j_gK4FT3Ht1KHMuZ65ENlOP60rMuN9iBUsFIa_IRE6ff7c79Dbbxxj3EH5ELG-Tf6ae6GR14HwTg5BOXNe0StVCuoTfCTz7jS4hlKf7yYM11k7DbpQOXA=w1920-h1080\"><\/object>\n  <object data=\"https:\/\/lh3.googleusercontent.com\/zRrX8oiSg99yhNnDkhBF6Q0JbaNBwpgOuYno72uN_xkg2BnpOwnhDs6HVNDvG8R9sf7fHZbHTQj2YLjVgP3AisH53XzkYtM5Z5CbQuIBwl7-7KXHAP88Ydib6V3YL_GwHBaJS8h_Dg=w1920-h1080\"><\/object>\n  <object data=\"https:\/\/lh3.googleusercontent.com\/TVEXKCdLe-KjgzGre01upeS0ISPFfJxnlwEC6dgcMr3523JD6MFZ4r1wC_9eH0OCSZeq1gY0rU3299l6vu3NkavZGyEnP8I9gxhcFPBmJkUYrZolXC9zUAGtDiPIeivT45WHMHlIwQ=w1920-h1080\"><\/object>\n  <object data=\"https:\/\/lh3.googleusercontent.com\/y70Y9EfgksqmW7TQhG5K6R5pKVMwSb82PPqT7qahMWbsuZ9hoM0Q0VbQ4YIyTdHd-OwmjvzXBd_6fJkeKRG5Ud_s89cbksxYw9Xybwp8vKS2_HiaoSsGzYNxJjRHsYqVtex4fwfnaw=w1920-h1080\"><\/object>\n  <object data=\"https:\/\/lh3.googleusercontent.com\/Xil9ccxtlzHAl_CmmeUKFYTd3iXqv82coAJnS0n6rSkK3ravQ7ngsHKhdczUbqz9c0dJf-j2bFXF288EVj4yMh729fOUAL4-71mRn1pAJ1WwidD9NLi7w1mkk89tnc7mXlAyZiEiIQ=w1920-h1080\"><\/object>\n  <object data=\"https:\/\/lh3.googleusercontent.com\/E0ooIueo8LTru2PIhC6ZF-UT5giJIPhWcS6z8pQormzbIyUAEuq3SYd6qgGzTWtRt3_Ww_VeBh4ad4jwJBAFGqfoCoQDgLTOAhsoYSAtHcY5kxyNWinUsLYIB4etTZ_-CSdHf2vLEQ=w1920-h1080\"><\/object>\n  <object data=\"https:\/\/lh3.googleusercontent.com\/JKCnG0xxKDMY1UGoGtIogw6p4HcZcHMH9gRiu7ppOEBzee-HuUKn58ktTPGm-H5IlOHWKHov47QcZ92jwPVD3BtDn5o6wk8pvbeN08mJ1t_hMN4pPaNbxZYfS-p9Z1ENUrPl5LX-UA=w1920-h1080\"><\/object>\n  <object data=\"https:\/\/lh3.googleusercontent.com\/-TaYeVWC4rCyPRQOR5ppoXFZ9mjd0Pter56PNGxNNaDKfQ24CmkwQ9cEuS2Ne4lF3GJp3dVyU-yHNh8JFdCscRRAA4581x68LzQZLWMFaSOFq426NMhOSnNye4piX4X5mHh2Ohzj7g=w1920-h1080\"><\/object>\n  <object data=\"https:\/\/lh3.googleusercontent.com\/biSR9UFMNVk_W8l62wNid8kbxGwND6-_VhpBAVJnZjRZaEyuMBVL-0o47S-hOyb6QJg7tVckba3dGJt1A_ecJbPkVYd0IkCsjPglCM62KKqfKpNd_aYq3QuUlAZ0K2sg5_FifDsdvA=w1920-h1080\"><\/object>\n  <object data=\"https:\/\/lh3.googleusercontent.com\/Drpn48w9xW9kw86vTKvv7NuCfIYyyCVugeJftkc5t0y0H4zBbpf-PPJc69Mvr75wEL5holQKCrP8izpHZpFmd-qD99Z1fAVj0h_ZhWCzI4V0wRToudBgEjvSv31-R2NuJbzqKvrJ8g=w1920-h1080\"><\/object>\n  <object data=\"https:\/\/lh3.googleusercontent.com\/KRVwLomeKCWmdJ7CJvaz-avF67QK7XEzPmpr4cnl-weStGIeht8HJpc38vHIW6X_5UlRLHcWiHUiD1RBkQCsM-YEXA3XtUuBKylW7sZQ7R_1WIa4NPfmBvmWL2CnYAuWhH56kA32DQ=w1920-h1080\"><\/object>\n  <object data=\"https:\/\/lh3.googleusercontent.com\/_a4Y3MrQyS8hKiGGHl2dlL_Rx98brRvTFH1BKw_bZd9fH_HlkcyXIUilpLSglGDyzyxpS_SsoWSc1GbEZuB6y6vdr8J-Bs-G37KQuQvYExyF5kD9GCFpBeNV2-zRAaBOvU1YwmV6fQ=w1920-h1080\"><\/object>\n  <object data=\"https:\/\/lh3.googleusercontent.com\/YeZsO9qTJkUZXZojKbPZEasm5_bHfU93-KIwyrJ82nML4fYotwte0m_dp7TzeVd_GMXEhF1QsuG9EuZmkRsSVxzQmWqT__QMYRN9zzXqox5avWsMl2_NWWthIROwZLyOe3PhTngQMQ=w1920-h1080\"><\/object>\n  <object data=\"https:\/\/lh3.googleusercontent.com\/B4mxggHJVjTzPUrprvrEiangPgkZB3jiOZQ7t5TTsKJ0yMu8FkwHdo06hNoZVD9XawZk7EMgicX2NKxwq3ccVN3LBB4te0VXHWn83YIKFfNGgKURTdhee6of1Ay3Qn_kG4vm9d4w0w=w1920-h1080\"><\/object>\n  <object data=\"https:\/\/lh3.googleusercontent.com\/cIIvJqz8eM-0fztkmtMVaU7DaH0opJEHAz5Wua6wWwsp5gI315SYp7wWUSe-M6jpYqsKw6tjy_cYzg6J71eczAXf5BVswluPDDFmuKaav75WJKmmioj2ld06OvF9YJlcoaxk0cj2GQ=w1920-h1080\"><\/object>\n  <object data=\"https:\/\/lh3.googleusercontent.com\/6yj9260AGzkMISuM0x3JxRl12AFON5RG_fWI_7TxJwogux88RINxrAZMdR7-PVVKZc8jbzeJs4ZGlUn1hQFWEMNoBoWAzDicUyGLTsaA9K4QTLbtcco8zTAPA94RwM0mb-QoGnvj2Q=w1920-h1080\"><\/object>\n  <object data=\"https:\/\/lh3.googleusercontent.com\/-Z70HxT0Rg38qu7X-bzsnIJEBm0vhzvLyZRcNR4Dph_n903NbNcH1mF56uACcnl1WBh71QDRhQJvYo45NC2peFfpv9_jGD2L5igK6yfjPjHiltlTRzxBDV73c66jFTmn-YOG2HPrZw=w1920-h1080\"><\/object>\n  <object data=\"https:\/\/lh3.googleusercontent.com\/rOlJ1FoVMtdQSW3I03Y-eC8eD4HFUwW3zby9arZR7VuNw_Ti8fsBQJsjkGVtzhRg4_GIsaO40zYDeSKvOp02XAa7AmW-xFC9Kv0su8d7OLgc2Nw6yYFljyPPi7qrNwxiwc3G_MXCIQ=w1920-h1080\"><\/object>\n  <object data=\"https:\/\/lh3.googleusercontent.com\/K9u9Fn27UwGwwTR-Tzl5vHP8kVwO0h1t_37o97vZy48y13DrT6dsRoz5ey_xxKH8lhFpsqTyuSL17_RXU1gALm6ewbvB439Rone_ZOxan4a_qmHetkujSTt-VaO-7zkL_QacurB9pA=w1920-h1080\"><\/object>\n  <object data=\"https:\/\/lh3.googleusercontent.com\/jqf7GFYp5587el3HrDRfx0EVvfwwAk9l4Kj8Yt-uQgwOXpO2wVdGZ-PWMmVcYBBk3ul-FOgVGSJPtc2kynuaIlHkWhX-yDePTAzsJOfenvvTnwKo2Nln1jtfLHwampCI3A0paWOsBg=w1920-h1080\"><\/object>\n  <object data=\"https:\/\/lh3.googleusercontent.com\/JuF-nlfPNIAapg4Qh5DDi378BR6U-qRYNGeKJLbeaXc8FqL2T5coPouZxbrBBeYqHh2zEo9-3WBWgXKeghjEjZ-ZsdxWw1D68hnuQlXPgNrTr7DxksubGpuFmKpGGxfaHqBA0O_6pQ=w1920-h1080\"><\/object>\n  <object data=\"https:\/\/lh3.googleusercontent.com\/0pkaUTpBRTE0XfpnuqIJ5dsf_t5TcFaVpO6M2_unPXXOCpzhHWxg1Kc_vf6M5TARtqJnMC-CEANA1ivZqTGVyd3y9KYW4Ydi5eQo_EPYuPPXXe-pIOEgMA1ShcbvFlhwk4t_3Cpiwg=w1920-h1080\"><\/object>\n  <object data=\"https:\/\/lh3.googleusercontent.com\/bRYnCrlQWdJcq3iE2cagWvPaxsRRTFae73wCdpGcE8vkvzHbY9aUGxJWTw1Lx_TJqPLA3SCdINK-WSLNee3ef1W8k1assliYviE-Kid7n0ZafmoJwQ-MORptxSvd9JXCx1aH64CCeQ=w1920-h1080\"><\/object>\n  <object data=\"https:\/\/lh3.googleusercontent.com\/yDzwEoWJll6Ht5XUqv5vIaPrF2crnyhVTAVkdkFLZ3-TiAUYaSugB7UCfkFy5sUO-MS-sgtxW_QjjeBk9o7FDbXElqhsNWoBJSxrh8TUhcMvtYl0S5Dne8BH-_Yp2UqSQ-oJYHj8GA=w1920-h1080\"><\/object>\n  <object data=\"https:\/\/lh3.googleusercontent.com\/pfYb7c7ZJGdElAayGXIQnlyqlaCv5vsbezEHVugjtnBdrV9ZQEcwlpxwa_9r0y2Dxp-dhvYtteUOctUDqsrTbb4Nd9cTfQuLFlsLvNufOca3BZKW20QWEq-4IIzHaikYC5aZhfY0hQ=w1920-h1080\"><\/object>\n  <object data=\"https:\/\/lh3.googleusercontent.com\/uAXLrJ6wCGxYuRph4GJg1sXmS9JBBWs2ympINQHiVq85x_-RDDUmvyqYpnaetFxa1Gmisv3dkuY_Fgcy_dJZqnW_2f4pgU0zymPqIGUrKxM8QKGn4p-U5Hc5MCl56M5DaXSpBdCqbw=w1920-h1080\"><\/object>\n  <object data=\"https:\/\/lh3.googleusercontent.com\/9W3d6i5yFZB7pk5efuPn13qbboA7iFOwXYh_PgILqgxZB83lsBBVSuvQSm5lR-jORSvJFxeojnSD0pIkBEWfK8ZYiRPaCny2KdEjuBKb9my71m9Ccl7x2ZDoV0p4FoNTAcH2bC4HVQ=w1920-h1080\"><\/object>\n  <object data=\"https:\/\/lh3.googleusercontent.com\/Lov0tYnLNElGMZGHFSz0TfWL0vJhxKWnhr5sRj5ACqn0wmTteUEPRFptA8_m-YiSiAX3uR7Nv_R3ZKWdTU6-fR7_2phg2FiT5UXMQQLyCO88bMBJVzYH-Dsv7vfjNch6vRqC2685Bg=w1920-h1080\"><\/object>\n  <object data=\"https:\/\/lh3.googleusercontent.com\/g92hTMLNz3sGvCmzxtnAKm7a3gbuPmSlHPd-pdk-84YVH5x0kOz7-J_hF1u8GSRynHFPPSanK9nptF8RqkWRpH04rjPLDbiVa9wwGZl4ZkfqIu_zNamVEW8-tPXl8Tt7X4Ue5eztvQ=w1920-h1080\"><\/object>\n<\/div>\n","protected":false},"excerpt":{"rendered":"<p>R\u00e9sultats GAF Gymnaste Cat\u00e9gorie R\u00e9sultat Total point D\u00e9tail VARICHON Julie Nationale 21 ans et + 3\/4 43.000 Voir DAMIANS Mathilde Nationale 21 ans et + 2\/4 44.200 Voir KONAN Naomi Nationale 18-20 ans 3\/3 38.950 Voir GAM Gymnaste Cat\u00e9gorie R\u00e9sultat Total point D\u00e9tail RANGEARD Eliott F\u00e9d\u00e9ral A 14-15 ans 4\/6 52.600 Voir BENSILUM Paul Nationale &hellip; <\/p>\n","protected":false},"author":1,"featured_media":0,"parent":352,"menu_order":0,"comment_status":"closed","ping_status":"closed","template":"","meta":{"footnotes":""},"class_list":["post-854","page","type-page","status-publish","hentry"],"jetpack_sharing_enabled":true,"_links":{"self":[{"href":"https:\/\/talencegymnastique.fr\/index.php?rest_route=\/wp\/v2\/pages\/854","targetHints":{"allow":["GET"]}}],"collection":[{"href":"https:\/\/talencegymnastique.fr\/index.php?rest_route=\/wp\/v2\/pages"}],"about":[{"href":"https:\/\/talencegymnastique.fr\/index.php?rest_route=\/wp\/v2\/types\/page"}],"author":[{"embeddable":true,"href":"https:\/\/talencegymnastique.fr\/index.php?rest_route=\/wp\/v2\/users\/1"}],"replies":[{"embeddable":true,"href":"https:\/\/talencegymnastique.fr\/index.php?rest_route=%2Fwp%2Fv2%2Fcomments&post=854"}],"version-history":[{"count":7,"href":"https:\/\/talencegymnastique.fr\/index.php?rest_route=\/wp\/v2\/pages\/854\/revisions"}],"predecessor-version":[{"id":1054,"href":"https:\/\/talencegymnastique.fr\/index.php?rest_route=\/wp\/v2\/pages\/854\/revisions\/1054"}],"up":[{"embeddable":true,"href":"https:\/\/talencegymnastique.fr\/index.php?rest_route=\/wp\/v2\/pages\/352"}],"wp:attachment":[{"href":"https:\/\/talencegymnastique.fr\/index.php?rest_route=%2Fwp%2Fv2%2Fmedia&parent=854"}],"curies":[{"name":"wp","href":"https:\/\/api.w.org\/{rel}","templated":true}]}}