{"id":892,"date":"2022-01-26T12:48:18","date_gmt":"2022-01-26T11:48:18","guid":{"rendered":"https:\/\/talencegymnastique.fr\/?page_id=892"},"modified":"2022-01-26T17:31:47","modified_gmt":"2022-01-26T16:31:47","slug":"departement-teamgym-23-janvier-la-teste","status":"publish","type":"page","link":"https:\/\/talencegymnastique.fr\/?page_id=892","title":{"rendered":"D\u00e9partement TeamGym 23 janvier La Teste"},"content":{"rendered":"\n<p class=\"has-text-align-center has-luminous-vivid-amber-color has-black-background-color has-text-color has-background has-medium-font-size\"><strong>R\u00e9sultats<\/strong><\/p>\n\n\n\n<figure class=\"wp-block-table is-style-stripes\"><table class=\"has-background\" style=\"background:linear-gradient(135deg,rgb(236,4,193) 0%,rgb(0,209,190) 100%)\"><tbody><tr><td><em>\u00c9quipe<\/em><\/td><td class=\"has-text-align-left\" data-align=\"left\"><em>R\u00e9sultat<\/em><\/td><td class=\"has-text-align-center\" data-align=\"center\"><em>Total point<\/em><\/td><td class=\"has-text-align-center\" data-align=\"center\"><em>D\u00e9tail<\/em><\/td><\/tr><tr><td>F\u00e9d\u00e9ral B F\u00e9minine<\/td><td class=\"has-text-align-left\" data-align=\"left\">1\/1<\/td><td class=\"has-text-align-center\" data-align=\"center\">41.632<\/td><td class=\"has-text-align-center\" data-align=\"center\"><a href=\"https:\/\/talencegymnastique.fr\/wp-content\/uploads\/2022\/01\/FED_B.pdf\" data-type=\"URL\" data-id=\"https:\/\/talencegymnastique.fr\/wp-content\/uploads\/2022\/01\/FED_B.pdf\">Voir<\/a> <\/td><\/tr><tr><td>F\u00e9d\u00e9ral B 10\/15 ans<\/td><td class=\"has-text-align-left\" data-align=\"left\">1\/1<\/td><td class=\"has-text-align-center\" data-align=\"center\">47.083<\/td><td class=\"has-text-align-center\" data-align=\"center\"><a href=\"https:\/\/talencegymnastique.fr\/wp-content\/uploads\/2022\/01\/FED_B_10_15.pdf\" data-type=\"URL\" data-id=\"https:\/\/talencegymnastique.fr\/wp-content\/uploads\/2022\/01\/FED_B_10_15.pdf\">Voir<\/a> <\/td><\/tr><tr><td>F\u00e9d\u00e9ral A F\u00e9minine<\/td><td class=\"has-text-align-left\" data-align=\"left\">2\/3<\/td><td class=\"has-text-align-center\" data-align=\"center\">43.949<\/td><td class=\"has-text-align-center\" data-align=\"center\"><a href=\"https:\/\/talencegymnastique.fr\/wp-content\/uploads\/2022\/01\/FED-A.pdf\" data-type=\"URL\" data-id=\"https:\/\/talencegymnastique.fr\/wp-content\/uploads\/2022\/01\/FED-A.pdf\">Voir<\/a> <\/td><\/tr><tr><td>Nationale C \u00e9quipe 1<\/td><td class=\"has-text-align-left\" data-align=\"left\">2\/3<\/td><td class=\"has-text-align-center\" data-align=\"center\">43.399<\/td><td class=\"has-text-align-center\" data-align=\"center\"><a href=\"https:\/\/talencegymnastique.fr\/wp-content\/uploads\/2022\/01\/NAT-C.pdf\" data-type=\"URL\" data-id=\"https:\/\/talencegymnastique.fr\/wp-content\/uploads\/2022\/01\/NAT-C.pdf\">Voir<\/a> <\/td><\/tr><tr><td>Nationale C \u00e9quipe 2<\/td><td class=\"has-text-align-left\" data-align=\"left\">3\/3<\/td><td class=\"has-text-align-center\" data-align=\"center\">43.232<\/td><td class=\"has-text-align-center\" data-align=\"center\"><a href=\"https:\/\/talencegymnastique.fr\/wp-content\/uploads\/2022\/01\/NAT-C.pdf\" data-type=\"URL\" data-id=\"https:\/\/talencegymnastique.fr\/wp-content\/uploads\/2022\/01\/NAT-C.pdf\">Voir<\/a> <\/td><\/tr><tr><td>Nationale B Mixte<\/td><td class=\"has-text-align-left\" data-align=\"left\">1\/2<\/td><td class=\"has-text-align-center\" data-align=\"center\">53.300<\/td><td class=\"has-text-align-center\" data-align=\"center\"><a href=\"https:\/\/talencegymnastique.fr\/wp-content\/uploads\/2022\/01\/NAT-B_MX-.pdf\" data-type=\"URL\" data-id=\"https:\/\/talencegymnastique.fr\/wp-content\/uploads\/2022\/01\/NAT-B_MX-.pdf\">Voir<\/a> <\/td><\/tr><tr><td>Nationale B F\u00e9minine <\/td><td class=\"has-text-align-left\" data-align=\"left\">1\/4<\/td><td class=\"has-text-align-center\" data-align=\"center\">52.666<\/td><td class=\"has-text-align-center\" data-align=\"center\"><a href=\"https:\/\/talencegymnastique.fr\/wp-content\/uploads\/2022\/01\/NAT-B_FEM.pdf\" data-type=\"URL\" data-id=\"https:\/\/talencegymnastique.fr\/wp-content\/uploads\/2022\/01\/NAT-B_FEM.pdf\">Voir<\/a> <\/td><\/tr><\/tbody><\/table><\/figure>\n\n\n\n<p class=\"has-text-align-center has-luminous-vivid-amber-color has-black-background-color has-text-color has-background has-medium-font-size\"><strong>Photos de la comp\u00e9tition<\/strong><\/p>\n\n\n\n<script src=\"https:\/\/cdn.jsdelivr.net\/npm\/publicalbum@latest\/embed-ui.min.js\" async><\/script>\n<div class=\"pa-carousel-widget\" style=\"width:100%; height:480px; display:none;\"\n  data-link=\"https:\/\/photos.app.goo.gl\/wShfrKsFipQcdDz9A\"\n  data-title=\"D\u00e9partement TeamGym 23 Janvier La Teste\"\n  data-description=\"38 new items \u00b7 Album by Talence GymPhoto\">\n  <object data=\"https:\/\/lh3.googleusercontent.com\/xNjrVj5hTx1Hun2SyPoo-Wpe0wEdcoZ05hFiFAySeANIBP7zhrL53hR59Uovi8EPChMeD7rvpTMWAlgGJqYd_EDXWUq6YUkJjEKCnh1BS2hScAkV9SmDXY2PZvheLhASdVokQ6yQEA=w1920-h1080\"><\/object>\n  <object data=\"https:\/\/lh3.googleusercontent.com\/1OvC0RMoKzYHvjLNUpaC5Id2FnzQoeX_hDxwV54AZ8kMHDOFjdnKGoOMEfgh0Ubz7bSmx1-O69RoHmm8Q2CkFPKym6nPXH-s--3lfHl46no2Nhhohn0pvWn8kzF__mWny95jbiIELA=w1920-h1080\"><\/object>\n  <object data=\"https:\/\/lh3.googleusercontent.com\/J4LZ4GV7XnuwnHIu7KDLiiqII1Rr_wMsgcdet2dSU2riYoWElAQ0C7nJYDOK_yhZ6EPJ20_yPj0QrYstS8VGyKzOqaNWu7C0YYIZcoCGLCG6cqf8oIaKP5pOyhTtSVupZcIl_OUG1g=w1920-h1080\"><\/object>\n  <object data=\"https:\/\/lh3.googleusercontent.com\/iVMI7WyX9tIOIioY-Iqf4TNrms_FPZ4klUhVbnX1pNlofTSBC4HGthMV7fFPlhRP4U1o4HqaqvqCDlfulpSfcnO60VBgA9etw4-WJbtLBaemFWYx7mTra-TtnKQIfJoLt-t2yBekhA=w1920-h1080\"><\/object>\n  <object data=\"https:\/\/lh3.googleusercontent.com\/eEa6nfLvvrxTxeeuzMUpJjhPxDlYY0mDdYRelAFAFKNHjKg3EKSYLMM43AztKwYOHP2kbhN-Tz2NTYURX3wcZVeEMf4kfcaCUdKhVlBfWcBnjjIf_JIXoMt2mO8igdqDUmy8sheFpg=w1920-h1080\"><\/object>\n  <object data=\"https:\/\/lh3.googleusercontent.com\/0zxuHZXrm2ZKQPAlERaxeKv6MIXvp8lI92kZgxEf6mJwFAOy8TFZ4hw6gwl4FeNa--kvJFbjGRSiuqVQ7A5s3sLuqgLpdFihsFYgXs8aloKJLbW1WaPpmTbOiYF2NkEbwl7vCehh2A=w1920-h1080\"><\/object>\n  <object data=\"https:\/\/lh3.googleusercontent.com\/DP4Ugp_9r1aXJIQcz36viw6NBiqWzuzZuoaalE_ax7_QIBIowN_ebSsPUzXC8f7vht7vPdSCpkYhz95lRjMDHkYZe9a7alOiyNccuogytx83YvX4owVJCL3GliBLBlyVKuuVvMxqhA=w1920-h1080\"><\/object>\n  <object data=\"https:\/\/lh3.googleusercontent.com\/ULooBq0zdC5FZwYLSqyC_grDZkfbKbcV0SQYUi9FP5p6S8WEs-1GCgGsDb4xikRbPOUh-lFKJIue_ylhbJd_gfEr_DPj9LMCvUK3srgx0WcPXwBYVf7hw15Yi99obplbn4bFB1y8nQ=w1920-h1080\"><\/object>\n  <object data=\"https:\/\/lh3.googleusercontent.com\/cVqK26ncMUmRrTQ0oKSPOp5CjEtvU1OwdKEkIKxpTzpo-f_mgW8F7lzoaDogZbvxQeDmLGRswRM8gPSULDOmRnEL3sCdW-zkRFOX8OzrP0yOePE85ViCqxPnXncemnVer65h87SjWg=w1920-h1080\"><\/object>\n  <object data=\"https:\/\/lh3.googleusercontent.com\/oe5MSIEvJX60F0PivH05qg1jVvM_SwBD1FijIqi_a3eOTD3DcGX4oNWn2OmOqXAIoRiDUFX-cPuc_W3P9EGaoMPuLuz_ltZs4EDmVdXUd-frPVtBSh-31aM9BF4VXokQOihVbkXohA=w1920-h1080\"><\/object>\n  <object data=\"https:\/\/lh3.googleusercontent.com\/lFoSiXz13Yc5AwNF9-vkNCHgU70e1PJFvx54oUiQF6dJM1yi0hLyab3F4ORPBDmd_cKaPm_yRzyijv8ri4r2nRAPLY7orZYi4rxVIlCQGRkyET1mSZSyMdfZJXYXNAThIs8HXUTd9A=w1920-h1080\"><\/object>\n  <object data=\"https:\/\/lh3.googleusercontent.com\/rXcXLMCEjKi0EGW1yaEVV03EI0UKF0jMBYWwqtC-nacZP6rBRyHEPZhZMuu4iRD_U7Wecaj32X_i5SZ6PNuY0sunpoYQGxgvVG9U5xwnfSqDhd7ySAekZK64-kW6xNOtBwiYIpGYiA=w1920-h1080\"><\/object>\n  <object data=\"https:\/\/lh3.googleusercontent.com\/L5EjbMmgLSmoQiRs3HRcy9NJU2Qy9uN_obSqDJspeyb420P1E8lq8kZwKzUN1vruPvSawEpHVvyVXqQhYmWoGfwUQjtwLkxmGlVl7vWSViA09BbZ3IRp0Qfgwx4FcYeEF-iqwv3aOw=w1920-h1080\"><\/object>\n  <object data=\"https:\/\/lh3.googleusercontent.com\/maBG8amXm-ZAXwpE0GmjABBNq6j4ON80SPGIsWIZLKS7oGe7t3BmBGjn57f2gH7N_T3ZeTc43A6PEXmF_nlsiKFY1dowkORsFrS5L0ziUFOwLLw0gCSKo-UBQ5zk7CfFegZckaYi5Q=w1920-h1080\"><\/object>\n  <object data=\"https:\/\/lh3.googleusercontent.com\/rbaYjkBDBSiBJcMytw7hqb23dHLnu154IQYZ9xwCE3DyxKlGPaKkd8TBxWUAbecWViJ06QzK5bWdwJ6wVlvZGrQDpXX1J3ZOjPt1swzyDPSn2SBKITPOPgdhRmRrwDng_vXdZsAGOg=w1920-h1080\"><\/object>\n  <object data=\"https:\/\/lh3.googleusercontent.com\/W75Qd67aOSm5XlrHSgGymHyKv3ZKkZdH9Ros3Ld7oHByNNZXf9LHDnXjPwmHo3V40olf28Vau1C81cOQXyBIH79kTU-07LaWmE_RIS7rc2mFr-osdrfISmUIGwMiog0SXhl9IUWAlw=w1920-h1080\"><\/object>\n  <object data=\"https:\/\/lh3.googleusercontent.com\/rDv7VFPzYU3Ao7hZxp1dLIdcBUyTg1owy1OKND6hHgm1PPItHsTxp8o_byqJTPWJYZTipxUm6dJnccmFM3izJY8VuGqBWml5zXOo8WtUhPt9P5_tHh-McmmLNrPiDJrRuKdUpUmvMQ=w1920-h1080\"><\/object>\n  <object data=\"https:\/\/lh3.googleusercontent.com\/IjnG6aMdV3zL1fQOWm6dMN-fAMfp4i5_t-PI0C826x3eVDpZrJucxIg-IjnHaulzWYV4s40VMj6CJ_B_Ls3LmOHLXbWBFMj5fZctcYwZAhOjoZOoaWTWnwFkYxQTJDDqLRnbaOjdTA=w1920-h1080\"><\/object>\n  <object data=\"https:\/\/lh3.googleusercontent.com\/uxASlHgXZlh-3mUgx7MVlBCwU5apfpmrFJ_LsWahWfjeKVisZZzUVbyVh3QdnCjFapbtgMEbhz8qjDMEsJqx68rPhpNb2XAOUoqkZhE2hIAhILPpTmFDkasyFSoZqTo5KrmqqavjEA=w1920-h1080\"><\/object>\n  <object data=\"https:\/\/lh3.googleusercontent.com\/FiCJ9EZOxCL1xG0-bQ5hS2bY1LtR55zJ9XxCmhOeCsGs-nMj2WVEqsM5g40_qqb6vcHTJjcJ865YO1Za3NsDQxPkX5pJogMzg20dzEGogG7TgY9kTOl748WgJRUbx-HF2FjSeslgDg=w1920-h1080\"><\/object>\n  <object data=\"https:\/\/lh3.googleusercontent.com\/yKg0oZxGnda8Gdw3eMsE8_PDK6nNy9jV7X67pjcpbjfJGyPquOtuQxXwI8wcwRHCvTxy-gTLdwj94jj9ywzKjEkAwt3I7JKj2LYTOVJKhmw5SAIdTqhnW7w_zz9hG7vF1zsO8aDkew=w1920-h1080\"><\/object>\n  <object data=\"https:\/\/lh3.googleusercontent.com\/Xh7EwnA4IUD-PVB8vgTLQsUluKpZSszc4yyZ1H9oUQ0UhGDG_wePkksg0aOuvGbFHFiH-7H3LcwrDmwPCsRAmPGYSeSLZVNhaxlTbV9Hnn31ZixAKfIp0ItC_WYzhm_pRVFRa7Dszw=w1920-h1080\"><\/object>\n  <object data=\"https:\/\/lh3.googleusercontent.com\/UrqN599_A_ZcQiOb4OMgUvqpCi3xelpdMOa7tNQP_qADJP-RorJRpCjf8jQ0DAVH2vJ_OkzpkmKlTOIOLNQl-G5UmY-5R6scRenQqDA5d40atInUT-cj2ISKlJy-rd95LQpRmc1iaw=w1920-h1080\"><\/object>\n  <object data=\"https:\/\/lh3.googleusercontent.com\/6SzyhqPRxiJ1mY7bJCBcr9b7iu1Fh7ES-eGvrW86lj-YkeSGeKra-42UoiSjNBATyIbkfVp6zMdL-xMWDO8p8FcU2bf98_3RHK7JxgMmpFJcQG89BBHlixUq4BOw94cv6CLSEExQOw=w1920-h1080\"><\/object>\n  <object data=\"https:\/\/lh3.googleusercontent.com\/LjPIHCFsP01CSTK12quvkLo4ElB9p6jetT7xc4VKYqirsAdrEWrm_KGZhwnY3OxDrYAO5y0YUz2FWMAaMdZ1jOXnuwkoAJqq89SRcX5dEnIHeCs2pYLkbOg4r32y2XMmdEaYQKuMfw=w1920-h1080\"><\/object>\n  <object data=\"https:\/\/lh3.googleusercontent.com\/_4FhUJrgoLz88XfqrSBJeQGX11aKMVwkZXOiRz00g2H4Z-xG8wk1En5rD_BlmSHe6IUUqTvf8t6e8zeA6OjxMXXTQJea44qWSRC_M4vNqhEg-vCadK3YwXiS9EEI_PR_zctu7wOD2Q=w1920-h1080\"><\/object>\n  <object data=\"https:\/\/lh3.googleusercontent.com\/4xhWB4OS1lHIv-6dFdZW5XeRSiBBi7cp16cHi7gEJorTy3p09SaGzviAHOI4j8zDe5Bxw1Q78-wd8CCTrLny-ZA9nW3oGDql84S6u7pHChpMw80p4CHhaPT2YEQH4fh4Op0YWn6gRA=w1920-h1080\"><\/object>\n  <object data=\"https:\/\/lh3.googleusercontent.com\/domW3uy47ud_En3ef-CFH4ltbt6ZlgxfZuEYfnCeG_wC8U9Sp8jUGlnyetqZLait4ZDEtrbMsT6FEHbDy1CEmB3OuVaTVjxnfCMdsqEKq4gWWTYMPegXrtSLKdADeNAGkpqbKqW_Pw=w1920-h1080\"><\/object>\n  <object data=\"https:\/\/lh3.googleusercontent.com\/dkHqX0uz_eR_Z7Moi0FdP7x7B0HcgSObXAZdmm7-RCpgV9bP4njTVD2QntrWgmCe4XiA_UxsAX19QUhGM4cty-RcTHmdPS8J3u7RpMHhMS70WAjy0dhy4bI2ayJzzyIdI9EGwl7W9Q=w1920-h1080\"><\/object>\n  <object data=\"https:\/\/lh3.googleusercontent.com\/wEhkcHXzlJCYtvAZ98-KICL0mjE1-tsSgKrf5KApekSlaz5y-hckQHpuLBgsUqkRWBlo_jvFPUTWdY2tvGLCkfbKtCg7Q2-5FfcznxbXpD3r8MBeGd8aBl7d73iPT3VfO1d7cDNG-Q=w1920-h1080\"><\/object>\n  <object data=\"https:\/\/lh3.googleusercontent.com\/V_wgML0c0b0KO1OpObwAT2Z-RqndtyKEYUWvbly3BdauGLQdBNXHR5zbMOV7o9atPfDtOqgQkH1NRy0AKorQIE-s8mwO7ngH3_B0Ke0posx3Z1ujdxA80tUrQKWBICHyQORuO9yAuA=w1920-h1080\"><\/object>\n  <object data=\"https:\/\/lh3.googleusercontent.com\/M08Irw_5cdlMuSb-yI9ScetUjUX11EbP5gbHOCvldXn1uLlMFLKHudcVQS6dKFnp6Q1fIrtYgWbhgi1iOGftyL5ntcprhK_tkfpxnCsnF_Lyr-hRrBpFAmVyKGvT0sP6HsiYcCscZQ=w1920-h1080\"><\/object>\n  <object data=\"https:\/\/lh3.googleusercontent.com\/0fUzYnedBzIHlb7jQdjZVCrnusDPMX-rtckZWRwmRY5gJo-RktwVtJTs6Rss7SebW9T9FhQeQuuJVcqznynu7oWAwZl4WujpquIT8YcpCGRVm56YPo4_7Z4i61kh3c_FKRYrDvz95A=w1920-h1080\"><\/object>\n  <object data=\"https:\/\/lh3.googleusercontent.com\/UfFjmo1hqJpyHTifahsQHJEGf5SpcGF28V-zXb34Ba6rBb7S7jHf3KxW1xARsRgk85ZtuTzQ26-wFNgJeZVx4tJKQcF9AND4D6nOaAynp5KPssMSEZI8PdiZoMMu5BnChC2UVofApw=w1920-h1080\"><\/object>\n  <object data=\"https:\/\/lh3.googleusercontent.com\/kvmgqRacTt1DlRn-VnxUKaA9QwOWl-wggIoY6ak12seSrwevHljmA1gR_unHH1RXUIdTenouwiWJ_-tdnwaPkBtycxz3KRHstdSogCX79iBNtscEyd3ENOw0IHUUq5NC9cEmF5mhhQ=w1920-h1080\"><\/object>\n  <object data=\"https:\/\/lh3.googleusercontent.com\/6OArjQjK04ZH5j0Q-oHh3xnfYsXafwrtVa1FhcW2VDYe7kxcVJ1KdNJ0WAfI7QZ_5xB63ENtN1TYMu1FhU_9B6Ixlz-uTncsy26QQq07IooPIotqwtBquLaTPsl0eY0IvGfny37Ejg=w1920-h1080\"><\/object>\n  <object data=\"https:\/\/lh3.googleusercontent.com\/scv7zGoX9KN-pQJmqIHnl2lmCFljh1-lkXSVyEdMHtz3R5A03E-lBQMH5EJIyLvpB43i7JGyIfxgvqpgo_B49R71Fn-6WEtt81tCUNgf-m2nKozMPzQndOVMIdWLPpEMu7rUy8vL8w=w1920-h1080\"><\/object>\n  <object data=\"https:\/\/lh3.googleusercontent.com\/ztmNvJDg9iDCBz--PX0c2cUrAuF9P8oaQ_ONeoPEMNS5mgj2LwcYwWSYq-08_ca029JogEtpUNenA0Zo2tDVzu5Cs4JH2BF6rIgW5Xe0RM2zXx2ZbQsR4eVUimo_wT1eLUD99BKdXA=w1920-h1080\"><\/object>\n<\/div>\n\n","protected":false},"excerpt":{"rendered":"<p>R\u00e9sultats \u00c9quipe R\u00e9sultat Total point D\u00e9tail F\u00e9d\u00e9ral B F\u00e9minine 1\/1 41.632 Voir F\u00e9d\u00e9ral B 10\/15 ans 1\/1 47.083 Voir F\u00e9d\u00e9ral A F\u00e9minine 2\/3 43.949 Voir Nationale C \u00e9quipe 1 2\/3 43.399 Voir Nationale C \u00e9quipe 2 3\/3 43.232 Voir Nationale B Mixte 1\/2 53.300 Voir Nationale B F\u00e9minine 1\/4 52.666 Voir Photos de la comp\u00e9tition<\/p>\n","protected":false},"author":1,"featured_media":0,"parent":352,"menu_order":0,"comment_status":"closed","ping_status":"closed","template":"","meta":{"footnotes":""},"class_list":["post-892","page","type-page","status-publish","hentry"],"jetpack_sharing_enabled":true,"_links":{"self":[{"href":"https:\/\/talencegymnastique.fr\/index.php?rest_route=\/wp\/v2\/pages\/892","targetHints":{"allow":["GET"]}}],"collection":[{"href":"https:\/\/talencegymnastique.fr\/index.php?rest_route=\/wp\/v2\/pages"}],"about":[{"href":"https:\/\/talencegymnastique.fr\/index.php?rest_route=\/wp\/v2\/types\/page"}],"author":[{"embeddable":true,"href":"https:\/\/talencegymnastique.fr\/index.php?rest_route=\/wp\/v2\/users\/1"}],"replies":[{"embeddable":true,"href":"https:\/\/talencegymnastique.fr\/index.php?rest_route=%2Fwp%2Fv2%2Fcomments&post=892"}],"version-history":[{"count":2,"href":"https:\/\/talencegymnastique.fr\/index.php?rest_route=\/wp\/v2\/pages\/892\/revisions"}],"predecessor-version":[{"id":903,"href":"https:\/\/talencegymnastique.fr\/index.php?rest_route=\/wp\/v2\/pages\/892\/revisions\/903"}],"up":[{"embeddable":true,"href":"https:\/\/talencegymnastique.fr\/index.php?rest_route=\/wp\/v2\/pages\/352"}],"wp:attachment":[{"href":"https:\/\/talencegymnastique.fr\/index.php?rest_route=%2Fwp%2Fv2%2Fmedia&parent=892"}],"curies":[{"name":"wp","href":"https:\/\/api.w.org\/{rel}","templated":true}]}}