{"id":929,"date":"2022-02-01T13:54:01","date_gmt":"2022-02-01T12:54:01","guid":{"rendered":"https:\/\/talencegymnastique.fr\/?page_id=929"},"modified":"2022-02-01T13:59:16","modified_gmt":"2022-02-01T12:59:16","slug":"departement-equipe-gam-gaf-29-30-janvier-arcachon-la-teste","status":"publish","type":"page","link":"https:\/\/talencegymnastique.fr\/?page_id=929","title":{"rendered":"D\u00e9partement \u00c9quipe GAM\/GAF 29\/30 Janvier Arcachon\/La Teste"},"content":{"rendered":"\n<p class=\"has-text-align-center has-luminous-vivid-amber-color has-black-background-color has-text-color has-background has-medium-font-size\"><strong>R\u00e9sultats<\/strong><\/p>\n\n\n\n<p class=\"has-text-align-center has-background has-normal-font-size\" style=\"background-color:#ea14bc\">GAF &#8211; ARCACHON<\/p>\n\n\n\n<figure class=\"wp-block-table is-style-stripes\"><table class=\"has-background\" style=\"background:linear-gradient(135deg,rgb(236,4,193) 0%,rgb(0,209,190) 100%)\"><tbody><tr><td><em>\u00c9quipe<\/em><\/td><td class=\"has-text-align-left\" data-align=\"left\"><em>R\u00e9sultat<\/em><\/td><td class=\"has-text-align-center\" data-align=\"center\"><em>Total point<\/em><\/td><td class=\"has-text-align-center\" data-align=\"center\"><em>D\u00e9tail<\/em><\/td><\/tr><tr><td>Performance r\u00e9gionale 7-9 ans<\/td><td class=\"has-text-align-left\" data-align=\"left\">4\/12<\/td><td class=\"has-text-align-center\" data-align=\"center\">114.550<\/td><td class=\"has-text-align-center\" data-align=\"center\"><a href=\"https:\/\/talencegymnastique.fr\/wp-content\/uploads\/2022\/02\/PERF_REG_7_9.pdf\" data-type=\"URL\" data-id=\"https:\/\/talencegymnastique.fr\/wp-content\/uploads\/2022\/02\/PERF_REG_7_9.pdf\">Voir<\/a><\/td><\/tr><\/tbody><\/table><\/figure>\n\n\n\n<p class=\"has-text-align-center has-background has-normal-font-size\" style=\"background-color:#ea14bc\">GAM &#8211; LA TESTE<\/p>\n\n\n\n<figure class=\"wp-block-table is-style-stripes\"><table class=\"has-background\" style=\"background:linear-gradient(135deg,rgb(236,4,193) 0%,rgb(0,209,190) 100%)\"><tbody><tr><td><em>\u00c9quipe<\/em><\/td><td class=\"has-text-align-left\" data-align=\"left\"><em>R\u00e9sultat<\/em><\/td><td class=\"has-text-align-center\" data-align=\"center\"><em>Total point<\/em><\/td><td class=\"has-text-align-center\" data-align=\"center\"><em>D\u00e9tail<\/em><\/td><\/tr><tr><td>F\u00e9d\u00e9ral A 10-15 ans<\/td><td class=\"has-text-align-left\" data-align=\"left\">2\/4<\/td><td class=\"has-text-align-center\" data-align=\"center\">161.600<\/td><td class=\"has-text-align-center\" data-align=\"center\"><a href=\"https:\/\/talencegymnastique.fr\/wp-content\/uploads\/2022\/02\/FEDA_10_15.pdf\" data-type=\"URL\" data-id=\"https:\/\/talencegymnastique.fr\/wp-content\/uploads\/2022\/02\/FEDA_10_15.pdf\">Voir<\/a><\/td><\/tr><\/tbody><\/table><\/figure>\n\n\n\n<p class=\"has-text-align-center has-luminous-vivid-amber-color has-black-background-color has-text-color has-background has-medium-font-size\"><strong>Photos de la comp\u00e9tition<\/strong><\/p>\n\n\n\n<script src=\"https:\/\/cdn.jsdelivr.net\/npm\/publicalbum@latest\/embed-ui.min.js\" async><\/script>\n<div class=\"pa-carousel-widget\" style=\"width:100%; height:480px; display:none;\"\n  data-link=\"https:\/\/photos.app.goo.gl\/mcNpmxtNuZcHQppE9\"\n  data-title=\"D\u00e9partement \u00e9quipe GAM La Teste 30 janvier\"\n  data-description=\"28 new items \u00b7 Album by Talence GymPhoto\">\n  <object data=\"https:\/\/lh3.googleusercontent.com\/s9t--Ld9wkeBECuZhh6o-1Sy5hS0zMuJkbQm392qtmf3H8-SJ_PG3Ue6dyL3MlEp8Pl-Oq3I39Opwa2gCLS0t7_JVFU2OXI4KGpGPCcZqT6BlB-MgTGZzOVIgb1PLp-a2UKlzFFtFw=w1920-h1080\"><\/object>\n  <object data=\"https:\/\/lh3.googleusercontent.com\/vCRc-VAoFmwFoLj4TLYRGqH6VyE4CJIXkujAevOAjFqNpkVGKovyaDbx9-apqIT90QwUZGvcVHAXZOKlwHk6_Cq4GixVpuxfRYU08Jb-k-du5Q4le2v_RX1qbcmBnImuyrdu6Rq9Eg=w1920-h1080\"><\/object>\n  <object data=\"https:\/\/lh3.googleusercontent.com\/nYtuN7oHrkP_b5ar0DlbDsYjRGUkBC4x5_u0q-WB5yCHBQZaC2VUdRHbEwddhKtrys8NV3UZNfLjzEL4MFedtwUtubUCvkjwA5RI8TaSRC6SvVIrXODQm4k9OFiiKhLjlzthbXa8dQ=w1920-h1080\"><\/object>\n  <object data=\"https:\/\/lh3.googleusercontent.com\/xLJerJCFPjP366ZC1v6gMzxxy_5vux6oRKBKSVBuiAQP2JFiXnxGfJnWIa7elR7B_GRB86RrSCOrn1yjXZ0bU6qd96jOxUcQhsDi1FgGaGi0TECfAcNIrQ5Jdtj20tgAylsNyutmvw=w1920-h1080\"><\/object>\n  <object data=\"https:\/\/lh3.googleusercontent.com\/xaTziY4C5w3Kxtz6C7CgAVSeBdEp3SX1qeJ507RxU4eGl5PMOEAwcJQhD8mkB-HUPXdppZ12mSeov92RP4vGL-9f97kicSmhXSfAiBN_4glDXVv2egtro4am52pI5sDDZ2sCRT_8gA=w1920-h1080\"><\/object>\n  <object data=\"https:\/\/lh3.googleusercontent.com\/mpaXzGCwl6Nk2R9SmGQfquZlLWZ5Pp4BgKGrmCGS2yLFAn5EXtGzU02NRPbesI1cwd0IEUXj25ReDCuJCLJN057bpqk5Ddop8_JtxFUYVNXEhwQ8NEI6usUZ7X9kht_SvyG7OsI1iw=w1920-h1080\"><\/object>\n  <object data=\"https:\/\/lh3.googleusercontent.com\/KTf8xnf9Lx6WfR9n60fgT1MjGEOFghDH5jx9PuA4X4ZII_939L2oTclxUGJFUDxOwykPz6TV0GcICbfvEgrPZlXIfsZPuBRhKWaD1-z7p3xpDDCh6m4a4cm7TcgV1rOH_1FSCRgsrQ=w1920-h1080\"><\/object>\n  <object data=\"https:\/\/lh3.googleusercontent.com\/DdPuCtZrVUen6upC7gUrewbxOo0kL2-sPquny7IvMz8TlsJoC3Cg7kTpBdjpnMr79HicEi8wY20GlIwwdachxZvh3K5PkamrWMaQIAuWG9xTHOCJHRp5fmAqkQyTfcYo7eLTU9Gpgg=w1920-h1080\"><\/object>\n  <object data=\"https:\/\/lh3.googleusercontent.com\/ppk6TZnhpWBR0Hv3SdhmiORR9WUlkIKbAPz4A6jMT4gDQmUrYXoojaFLDHv7txtPwFfKrxfiUPygmIsDiljtEao8fpBLThCsX_HuDhRRD7PpcXCyvxXsp4Sg5lKdtIQhxFiRY-Rgxg=w1920-h1080\"><\/object>\n  <object data=\"https:\/\/lh3.googleusercontent.com\/qJ77R_CM2rTEE8URoQk8PPZFXHI6_124FUZgeUOzHZ9LaRPXUMfBQuePGeSDO46YN0NlEcPfnCvHtpnPD7A7YtV-m5u8v3oVdcEGWhy5nhOIUTsNq7eGxTmDNaFHODxYt22QWcM8MQ=w1920-h1080\"><\/object>\n  <object data=\"https:\/\/lh3.googleusercontent.com\/5s90ddq9sycUvB9hTOE8KLcpObG-IptMuMv8bpK8WfdTH6AZs3sRnNF3xHrP7xp27_Ko5ego3eFo1Gm-zB0CFnJk04dl4Bm5Eecy75v73Veb8LAV9RIq9En1aJdDHepqiI4SRKeyng=w1920-h1080\"><\/object>\n  <object data=\"https:\/\/lh3.googleusercontent.com\/7P2lvryCPuX0sExnbNn3O18Ov6xUjgTcLVdRBAcLwGmA3dkgZ0YWJjY7gWtzdsOPVDKfEVPVHMrSPzbD6ceOS7U6P-tBOhtn3X9RipmKQ6Q6Vayb8huxFm_JcGgj72I8J68VdIVcBQ=w1920-h1080\"><\/object>\n  <object data=\"https:\/\/lh3.googleusercontent.com\/pQAELSdwxlkt-B6Kv73eMWFuO29Nvwq8i223EKiVbbL5B3R42iJ7UFOgsFa97WyD1YpMaTm3wLA6XV24Bt63MOdTslmfVCCHSQzAPp2trb2zra5740GejljtsZpLSUmbn_hA21X4Eg=w1920-h1080\"><\/object>\n  <object data=\"https:\/\/lh3.googleusercontent.com\/tDIGlRC8CPcnv_pNcGGb5XJnnN6Ajum81bPbySyouG-jgRokkIREVwOJosLvJp4527EPLQUOd_v2sSZIEGqd8evKdrp-gQcBc8VEGiaW8uMfbRc2xKJN1qkdXncdbx6pkAnPMM6lXg=w1920-h1080\"><\/object>\n  <object data=\"https:\/\/lh3.googleusercontent.com\/Lu9QSnN-_K6a5QNdGa9zrUE1Oyq0-L2fPdIOdlP0Br8qD2cqJuv6fQpq8SuqUo0zeT3Ur-DhpEilO6IaR9o9OHRhHaJPf_lzdKDXrzV2GCSr4lNelJw5AKPffmtHWw_SuA5Ua__Cig=w1920-h1080\"><\/object>\n  <object data=\"https:\/\/lh3.googleusercontent.com\/aRGcu6Xq0LEwgZhs6Fd5nBBft_iJ_p3UKQthdzHt1bP_o336B-Yu2xltfn6zcX8HGr-zeuv9jDQMi8nz9GXkr_pZfjJsu7UoHuW13hvV0x4EozIZDvMRo6P4bHqH-s3kE6yvdzxbqg=w1920-h1080\"><\/object>\n  <object data=\"https:\/\/lh3.googleusercontent.com\/tPqFrHuxDAahlt8rlN9E0gxxWBaNEr9gSv3MpbzhtRbbHI5rqwQmRZTI32hBoC1dmtSzG1WdpoPVapqs27jXEq5N55Q6QDwYG_aba_tJD6IMW644L9nnhBLYS1JVL5pIIGxhpaZJ4Q=w1920-h1080\"><\/object>\n  <object data=\"https:\/\/lh3.googleusercontent.com\/RYRRFTsZKOuHns0d2ZSY1UqgvNTzJX0sTNdmPIoQfnTta9axjw6MKN6uUr3vcjKe_RW6Ww7ezeDVWidDPGhXVvLHI8lmfjp4Um8HltxWbL90PC4SVYnPRbffwRzpmU53xBWxVkCpVg=w1920-h1080\"><\/object>\n  <object data=\"https:\/\/lh3.googleusercontent.com\/Zm8H0xy0de-EctH8hQY_tQq6lR6m23fQUdHNYnTmDjyXrWyK-DQUcn9Wc78Bq1WxFKdqJUnFABkIDU7PoXx-IcC6RfCB3Qa5tTaapI6jj_-O_UPC4k9QALE5j3kqGoHXdfLeIOESqA=w1920-h1080\"><\/object>\n  <object data=\"https:\/\/lh3.googleusercontent.com\/sr5eElciiDhdzfvXOVHEKEbGV_2wZEg29RIqHSFq2pSCaHm5dLZKhCY-QFTL4MK9lfOkxAQjZeEfijQj9xsmGMQrLtfJJU7c24kkEOpDCXgiH8OKpDEzoRvr2x8ClGsckqkkOYkzmA=w1920-h1080\"><\/object>\n  <object data=\"https:\/\/lh3.googleusercontent.com\/kdrD9B3q5rhs1sSu1fcCWjylXzLqA-jYn228Gwz4_4syWSKaXF2vhjoM5bdg6K_ByG41eNs6zZa0Qeo_4XiTGZbNHcTYx3BtTGDo-r8pNOM0cWaz7cnLMJg3ttSs5FsTlUO3rllf2A=w1920-h1080\"><\/object>\n  <object data=\"https:\/\/lh3.googleusercontent.com\/6KNO1eXPLjYZS3S1c40sej9y2A1nlB0H9SsgIVJbcdO6m1tB9pwgHnB5H-THfU7opfQg4iaI7PY-6Je5R9JdiFwIyxXNo7XJkyIXCschXhu4I0XBHyXzsfsP8pzFTUHd2OR3OFvw6w=w1920-h1080\"><\/object>\n  <object data=\"https:\/\/lh3.googleusercontent.com\/yHWDKvCI31heseJEVaQJnIBrSlJrAuYZGWqigS884PjGvMBmZknN0ShuEDTEmgsJHuALYJxt-h0ARiQ4RSHzVpU-SITo8f3NMjfCKEq_2_EuMBlISLDvtCTbfgUnlsPkcZS2Y097EA=w1920-h1080\"><\/object>\n  <object data=\"https:\/\/lh3.googleusercontent.com\/bF27CO9XX7TCqi_pjUVPK5-KwjWZ-wRLg9eG5MYsQZx7Ho4zB2aUUnrityIesU5rBSVpjhYqeTwXDfo6fsyPvpYTutgeR0sJqhML7NMj2-NRnAHnNa60Q2I8NWXi7LAwxDD9kZjl9Q=w1920-h1080\"><\/object>\n  <object data=\"https:\/\/lh3.googleusercontent.com\/z8S3SIY4MMPuW5N1Uj1Njv2D86cGQHE47uChcqrZPZO3Z77GnAimX4emK_WspHhSsDgyn81okM_pdgh8aycf6Bz23Tx78qUqNvhDM0VI3e6QOO7OQaRqWYH7zV4tN7jugyGclH0GIw=w1920-h1080\"><\/object>\n  <object data=\"https:\/\/lh3.googleusercontent.com\/zZFY5mBZJRJW2_zc7BhsaixdoO_y79zm8o1HPu2VyrI7_jFd4gWrCsmRvL-WGSnuzFlPCeF2trrJonLFRYU76jZzP-BoKs_vkowwrJuP5RfviP3HfGqXVxLKRNI4SBT9kpGQ-01vUw=w1920-h1080\"><\/object>\n  <object data=\"https:\/\/lh3.googleusercontent.com\/dtLqquzbGC5IgKNUw85xighjOUR_JFOdI_kPGinZOylkkJXS72VPTQYyYXf5-xwZ7ok-cxAwFBBo2UREvJ0kPzZC4DYQ1ctJ-Tutvfnb7UG7A3cSB-g1ihGmoz7sdUoYmiTEYI0IBw=w1920-h1080\"><\/object>\n  <object data=\"https:\/\/lh3.googleusercontent.com\/AtTWYdjuvJxFcXkaR09ZCa1X1pxNRCcx-17z4uCw-mbvL4P9mA_TIwslCqFXT-0Nh69fKN5ynL2zJ_9K-0jiQJeTIOADYIVnsc4MK0_OmsHu3Y5BUKFILf8rmtLhQR7CyvkLyzXESA=w1920-h1080\"><\/object>\n<\/div>\n\n","protected":false},"excerpt":{"rendered":"<p>R\u00e9sultats GAF &#8211; ARCACHON \u00c9quipe R\u00e9sultat Total point D\u00e9tail Performance r\u00e9gionale 7-9 ans 4\/12 114.550 Voir GAM &#8211; LA TESTE \u00c9quipe R\u00e9sultat Total point D\u00e9tail F\u00e9d\u00e9ral A 10-15 ans 2\/4 161.600 Voir Photos de la comp\u00e9tition<\/p>\n","protected":false},"author":1,"featured_media":0,"parent":352,"menu_order":0,"comment_status":"closed","ping_status":"closed","template":"","meta":{"footnotes":""},"class_list":["post-929","page","type-page","status-publish","hentry"],"jetpack_sharing_enabled":true,"_links":{"self":[{"href":"https:\/\/talencegymnastique.fr\/index.php?rest_route=\/wp\/v2\/pages\/929","targetHints":{"allow":["GET"]}}],"collection":[{"href":"https:\/\/talencegymnastique.fr\/index.php?rest_route=\/wp\/v2\/pages"}],"about":[{"href":"https:\/\/talencegymnastique.fr\/index.php?rest_route=\/wp\/v2\/types\/page"}],"author":[{"embeddable":true,"href":"https:\/\/talencegymnastique.fr\/index.php?rest_route=\/wp\/v2\/users\/1"}],"replies":[{"embeddable":true,"href":"https:\/\/talencegymnastique.fr\/index.php?rest_route=%2Fwp%2Fv2%2Fcomments&post=929"}],"version-history":[{"count":3,"href":"https:\/\/talencegymnastique.fr\/index.php?rest_route=\/wp\/v2\/pages\/929\/revisions"}],"predecessor-version":[{"id":994,"href":"https:\/\/talencegymnastique.fr\/index.php?rest_route=\/wp\/v2\/pages\/929\/revisions\/994"}],"up":[{"embeddable":true,"href":"https:\/\/talencegymnastique.fr\/index.php?rest_route=\/wp\/v2\/pages\/352"}],"wp:attachment":[{"href":"https:\/\/talencegymnastique.fr\/index.php?rest_route=%2Fwp%2Fv2%2Fmedia&parent=929"}],"curies":[{"name":"wp","href":"https:\/\/api.w.org\/{rel}","templated":true}]}}