{"id":937,"date":"2022-02-08T09:21:21","date_gmt":"2022-02-08T08:21:21","guid":{"rendered":"https:\/\/talencegymnastique.fr\/?page_id=937"},"modified":"2022-02-08T09:36:42","modified_gmt":"2022-02-08T08:36:42","slug":"departement-equipe-federal-b-le-haillan-05-06-fevrier","status":"publish","type":"page","link":"https:\/\/talencegymnastique.fr\/?page_id=937","title":{"rendered":"D\u00e9partement \u00c9quipe F\u00e9d\u00e9ral B Le Haillan 05\/06 F\u00e9vrier"},"content":{"rendered":"\n<p class=\"has-text-align-center has-luminous-vivid-amber-color has-black-background-color has-text-color has-background has-medium-font-size\"><strong>R\u00e9sultats<\/strong><\/p>\n\n\n\n<figure class=\"wp-block-table is-style-stripes\"><table class=\"has-background\" style=\"background:linear-gradient(135deg,rgb(236,4,193) 0%,rgb(0,209,190) 100%)\"><tbody><tr><td><em>\u00c9quipe<\/em><\/td><td class=\"has-text-align-left\" data-align=\"left\"><em>R\u00e9sultat<\/em><\/td><td class=\"has-text-align-center\" data-align=\"center\"><em>Total point<\/em><\/td><td class=\"has-text-align-center\" data-align=\"center\"><em>D\u00e9tail<\/em><\/td><\/tr><tr><td>F\u00e9d\u00e9ral B 7-9 ans EQ1<\/td><td class=\"has-text-align-left\" data-align=\"left\">2\/21<\/td><td class=\"has-text-align-center\" data-align=\"center\">111.300<\/td><td class=\"has-text-align-center\" data-align=\"center\"><a href=\"https:\/\/talencegymnastique.fr\/wp-content\/uploads\/2022\/02\/FedB7_9.pdf\" data-type=\"URL\" data-id=\"https:\/\/talencegymnastique.fr\/wp-content\/uploads\/2022\/02\/FedB7_9.pdf\">Voir<\/a><\/td><\/tr><tr><td>F\u00e9d\u00e9ral B 7-9 ans EQ2<\/td><td class=\"has-text-align-left\" data-align=\"left\">18\/21<\/td><td class=\"has-text-align-center\" data-align=\"center\">101.450<\/td><td class=\"has-text-align-center\" data-align=\"center\"><a href=\"https:\/\/talencegymnastique.fr\/wp-content\/uploads\/2022\/02\/FedB7_9.pdf\" data-type=\"URL\" data-id=\"https:\/\/talencegymnastique.fr\/wp-content\/uploads\/2022\/02\/FedB7_9.pdf\">Voir<\/a><\/td><\/tr><tr><td>F\u00e9d\u00e9ral B 10-11 ans<\/td><td class=\"has-text-align-left\" data-align=\"left\">1\/36<\/td><td class=\"has-text-align-center\" data-align=\"center\">117.384<\/td><td class=\"has-text-align-center\" data-align=\"center\"><a href=\"https:\/\/talencegymnastique.fr\/wp-content\/uploads\/2022\/02\/FedB10_11.pdf\">Voir<\/a> <\/td><\/tr><tr><td>F\u00e9d\u00e9ral B 10-13 ans EQ1<\/td><td class=\"has-text-align-left\" data-align=\"left\">3\/23<\/td><td class=\"has-text-align-center\" data-align=\"center\">112.300<\/td><td class=\"has-text-align-center\" data-align=\"center\"><a href=\"https:\/\/talencegymnastique.fr\/wp-content\/uploads\/2022\/02\/FedB10_13.pdf\">Voir<\/a> <\/td><\/tr><tr><td>F\u00e9d\u00e9ral B 10-13 ans EQ2<\/td><td class=\"has-text-align-left\" data-align=\"left\">6\/23<\/td><td class=\"has-text-align-center\" data-align=\"center\">107.800<\/td><td class=\"has-text-align-center\" data-align=\"center\"><a href=\"https:\/\/talencegymnastique.fr\/wp-content\/uploads\/2022\/02\/FedB10_13.pdf\">Voir<\/a><\/td><\/tr><tr><td>F\u00e9d\u00e9ral B 10-13 ans EQ3<\/td><td class=\"has-text-align-left\" data-align=\"left\">23\/23<\/td><td class=\"has-text-align-center\" data-align=\"center\">96.500<\/td><td class=\"has-text-align-center\" data-align=\"center\"><a href=\"https:\/\/talencegymnastique.fr\/wp-content\/uploads\/2022\/02\/FedB10_13.pdf\">Voir<\/a><\/td><\/tr><\/tbody><\/table><\/figure>\n\n\n\n<p class=\"has-text-align-center has-luminous-vivid-amber-color has-black-background-color has-text-color has-background has-medium-font-size\"><strong>Photos de la comp\u00e9tition<\/strong><\/p>\n\n\n\n<script src=\"https:\/\/cdn.jsdelivr.net\/npm\/publicalbum@latest\/embed-ui.min.js\" async><\/script>\n<div class=\"pa-carousel-widget\" style=\"width:100%; height:480px; display:none;\"\n  data-link=\"https:\/\/photos.app.goo.gl\/LAedzomTkrMkiQW16\"\n  data-title=\"D\u00e9partement \u00e9quipe Fed B 5\/6 f\u00e9vrier le Haillan\"\n  data-description=\"71 new items \u00b7 Album by Talence GymPhoto\">\n  <object data=\"https:\/\/lh3.googleusercontent.com\/eeUdq6ajRzZVu-8ntacWPqlV0ENrkwNzgJr-Np3Ffcz27FfFLUvQdVbQu2X9olZBPejTXBDtNREchJYxOKhY3gzfoNCxrYFDt7Vh9qyShviAH2MXXwOV-_BHj2j3LTVx06WhZGwDLw=w1920-h1080\"><\/object>\n  <object data=\"https:\/\/lh3.googleusercontent.com\/ZIEzAgnqyhbo0Ss_97IoWqAKVXHlcRvJ6vjCds9HPhX081Eh_btRP-z4ER5S-KkfieXnn9v3kNjoQW_5NEJQ00IxAB4eOwaG9nV9dR8X-gww3kmtCxj8ohyD5XE4tqCuFvGxct4O3w=w1920-h1080\"><\/object>\n  <object data=\"https:\/\/lh3.googleusercontent.com\/p3b9jMfYX5NZ1733Qljac8QpshF-hjOIxJ4W28o077VWLhVmHImkLYaLVkQhl2TlfUXjtD7ifA5ktxEeX9eCTJatY5PgqSquCbNfnIfVquLtACL7oDLU3SnkXL5DYT3szNIdESjPSQ=w1920-h1080\"><\/object>\n  <object data=\"https:\/\/lh3.googleusercontent.com\/4fVcweOjpxfm3F2r3p7MKKBDitp1rA84BoRA9pXveW_hMEkaOEX-gw3elokA82LIRuSbmWQVmVvzGXOasfjqm_99qAjVa74ZTidWWqHXVeiZANv3mRNgnmh6gMrRYVSGR7K2kJ8KhA=w1920-h1080\"><\/object>\n  <object data=\"https:\/\/lh3.googleusercontent.com\/TbTohei14lBVP1I9XRsDG5vrXAroxBECoKjSvlIJv0OORNGExdD3eEDnZ_qWZK4aX_vhktDXghKxPAz3-qUDkTH4k-3ngguEB1YxKutcgZK-mp_USUqk5y6y1WZG1OlzxllQVrFCVA=w1920-h1080\"><\/object>\n  <object data=\"https:\/\/lh3.googleusercontent.com\/GH1CDpPDSKwEcb4z_Lp64Etr7HuQb6i8yLSo8hnevlpj5vZFVuifOlkS2NUN2blsRT-QF6apbuvVtZnSLcpYETkMBhNdI_NfFk0g7yTkQDH8rZ7sv-NczfT3KfSTYCmoaDgoAyj7jA=w1920-h1080\"><\/object>\n  <object data=\"https:\/\/lh3.googleusercontent.com\/maiTRM7SUaCyHhjLlv2c_D1shbO2zqL8Jhnf3L09EukmXdT0gY1H8GhOQFTLN2B-aCUyLxkkRMFIqj9V14cR2ysavGfztDl4XJ2KoZoCr1PMtB8pBXlfUcHnBK8n79K6Vo0N_zv-rQ=w1920-h1080\"><\/object>\n  <object data=\"https:\/\/lh3.googleusercontent.com\/XQq6323oDztUNUkXGREwKS8WkasysgFgo_hrYAfFLb30JKCr10d6dBRdyyX_7KdgqhphE2G0jzqpcs1bOQA5vQzJBwMzVaU0YxGoh9Qwfz2zq0pINuCU-_dd_sAET9l_ZdGeRmQsYw=w1920-h1080\"><\/object>\n  <object data=\"https:\/\/lh3.googleusercontent.com\/EPJ9u9R3E1GdF6Gu7O26Z6f5fAktnw6ZDT071ASs_f5zkU3t82GWhKaq2E7floXipTuMPZjzKsVjhrRuONOC2K4yGn7mOSrS2lnsfO1dO9nVD1RFCoD63H0RdxQQ5YPa-h3z5g1cRg=w1920-h1080\"><\/object>\n  <object data=\"https:\/\/lh3.googleusercontent.com\/30Ruz0uwnPsgOKuf-gRj4aMhixH29Yhr6X8fDuoIjIFGZf1KJR3cwj_vthnfifMbBxfNB5zGnLhMLWAHCY3a2cl7ra70wJnmsaIY3M9jYJyzr_j9o1fEpDqNGf--77HeOD1ztq-m6A=w1920-h1080\"><\/object>\n  <object data=\"https:\/\/lh3.googleusercontent.com\/RyI0tUwRKz9Lo_QKY18CvtLgh0ICyXPKd07zOvMZ2rHOd-llyJRGAIGtdtKb_TxA4be3_OIC6YdEKZx4ehyO27BRtif_NaDXXom-dRtCEbzvbfS6zXJTzeRkdMVdocPV3Oq1o8zWIw=w1920-h1080\"><\/object>\n  <object data=\"https:\/\/lh3.googleusercontent.com\/JXHUuTd3W-h94GQ05XGD02cj1AfpyJw2-7EDY8ShphOwpAiWBjadcfurbpwDseYhH5X8VYFBQ-dx9rGz-dIhjkzoWadazLeaC9dESRK83eaxqvFEP6pBJdqId1xhwoyEgkmU4R5xxQ=w1920-h1080\"><\/object>\n  <object data=\"https:\/\/lh3.googleusercontent.com\/lkBdV_uHT-4Aaic_za4iBd8Nzgon69GNfaZOPBF0h3Fisay9B1L8L8HUsvcARq5dFxHnB6zndg4Ha8JEaCu-gv0FyaeEdeDT-md7yspivRjzhN33gg10BigBXk8Ay63Dges-VU1btg=w1920-h1080\"><\/object>\n  <object data=\"https:\/\/lh3.googleusercontent.com\/SlouJj7r00qZrn-kv-jJULiKJMJBPtMdKA20yJhutVnX1GyUy1b-zhpcWz4ptEJ-T0SY51Qx5E13hgKg7vIZxcjuHz_vPSycKegTzZjbUe0ojxdzaRlt8mSCbcfGkaieC5qsqN4_WA=w1920-h1080\"><\/object>\n  <object data=\"https:\/\/lh3.googleusercontent.com\/LSXu1TE0xp4yluAUzGYdtAjuBKO_DtI43qY-kG03zcASPXYtFOGMoVGDCZRGGKCx2yEXu7RLgQCUNVwi22Wyd1Gc2srOrk7bF1KwPgulcKqYon5kznQ25U0IMJxn5tw2i4RdmTagnw=w1920-h1080\"><\/object>\n  <object data=\"https:\/\/lh3.googleusercontent.com\/GQEFWqVBuUkNqyLPVmJPDkJWi-K5zGkc5Fj5p5LiDPZyBpt4De7UE4K_xbCKhcjRsazMQh2ys4vQnLK-zs90UBTiXEa7DKPjdu8KfVSBub-k4UtvjbkgWtKDAB7x5CK_YdM1pSNAAQ=w1920-h1080\"><\/object>\n  <object data=\"https:\/\/lh3.googleusercontent.com\/lqFSTE0_RRxSAkLRXyGZ1dQDGfA6mhVeksuQOeylJexX9GYxihQKOejz7YCYehLyo5puELvYqNyBYAEUNJAooBEVnEm-SBX66izZWbIrWkH3CrWG2rUBGfZWHhdpQGky4x-EQd_44A=w1920-h1080\"><\/object>\n  <object data=\"https:\/\/lh3.googleusercontent.com\/I7gdRa2FoEw_5OkGcNEviza80BWsEN_nakg0hKwdwNFKE1OW_DRB5CxIWmq5GL-RfN-00rz_eotQl7rbxrk3BGs6tmtfSXtImFswN6Eh7Lf0gOn2nryctLwAUo8Dr8Oz2ugk1C-vaw=w1920-h1080\"><\/object>\n  <object data=\"https:\/\/lh3.googleusercontent.com\/-th_iPW9wi0YtyHkMwGgBXIlarsmCuAtGS4OJL3OaMo9FDbSA-Mt6RrJ7INL3SkcOPyNIb94aQ5MaTmMz-jg-Np1XdOn04yY7qxmlA0qF4dcGK-J39iTwJhirtOEWIbd3BfwhFRoLg=w1920-h1080\"><\/object>\n  <object data=\"https:\/\/lh3.googleusercontent.com\/e4p2mDxhJRNVUCIpDJzuk8cEwUGMXRqNfpCWSsFilArLY5VCHmRSYVkwzmrsYq7seEkvxqV0wgsliVikxYpyesPBcvBgvD11TO1YsrHRg1sE7_13RM4mbm2KlWqRdhw1NTvp989-mg=w1920-h1080\"><\/object>\n  <object data=\"https:\/\/lh3.googleusercontent.com\/LdXXRmkm7YsWrQE6gPLOKeVaBdZkwhwdv1nE2fyTGTXgL_VMiWG9YZrds2O6xC_LVtY98Igwrni9c9IdHDsNSjLMYuWE3v3bagoHi2aacZPQUwOiaZuUyzepW9_NP4XY0NpJuPdpfA=w1920-h1080\"><\/object>\n  <object data=\"https:\/\/lh3.googleusercontent.com\/wc0FICQ2drgepuq-1BLTO7WyjYmPlK0U9S1v228a2Afe7JLs4sJUQJJNKKLgIfAaJgMuA7z6yrwHS9YuZSZnSWtA79ABqMoRJ5dDiBpGbdeaO1je-LEubkN0pLsjN-5CoHHMNRUcNA=w1920-h1080\"><\/object>\n  <object data=\"https:\/\/lh3.googleusercontent.com\/lwiCnPs6sbaCCGHLEHJ9vXqmiuXnTy_APY0xiP3t9GlUDuMGTA9i1QuIdo1Dq94UExKTSkyx1QkGxts4S3slfBsWOfraf__alEgnSLT6Vhp-F_-8oob-GYiejIiNHhrBB5RKl2bcBw=w1920-h1080\"><\/object>\n  <object data=\"https:\/\/lh3.googleusercontent.com\/5jt6BxFhM7rkmpbguh3WGa5pjpT5C6bAu3ppv5VbJWo7BTrcMsz4tC6x4YS4RoyLA7canvjkqAFWPF3rYaP4ixAiHpwtjMAepleO9XUnpU1afuUBqP8-CVBDMZ9DMywFyg-pCQvR2w=w1920-h1080\"><\/object>\n  <object data=\"https:\/\/lh3.googleusercontent.com\/QdevO9Tx97ex31BYLonA12OqO3B7r8TFqoOEsZgfDbLn4Cf5z1veXgZBNp5JbxphdX4itTYBKQ_TWBGwN5chTrBvF_l5A4Pjy_3tIIMnshSdxUBAYCcsx-OOpnLxOCl3JtKFwRgpCw=w1920-h1080\"><\/object>\n  <object data=\"https:\/\/lh3.googleusercontent.com\/oEEII-IFZnBaY3Y0rDCObEIorN8ItFkZ1IWaqDdE5ocXmpYvMMadZQjF5_g5rc_xhrDtfczvKzXe0xD5DQ9xqUk7iGvrYzMPmz-DC9XBizzub0b0vGHIlPtr2cF3P9B27MbWB9kpMw=w1920-h1080\"><\/object>\n  <object data=\"https:\/\/lh3.googleusercontent.com\/9--MKIYjq2QRwjROpYQJABRb2uPtL7MheSsobTBUOjwOV9zrOnuyg9myK-T8oYcH69uVtTIHkWeABudNnHcUsX6zLFPLEA8G8Dh1wSoeiVAyC655qI2-XEi4DQxuusD-Rq9xYWgqpA=w1920-h1080\"><\/object>\n  <object data=\"https:\/\/lh3.googleusercontent.com\/0c0dBWZDkijaKY8mDMO5311fxLdDI0VrRKxujyT8l-KkLEZ1-prH03lE9N3C48wYghBIfz2b_HlhHgIjCI9NpqEcvZbekt0jg5E_-18cvzT0L-x2a1jiQqlsfucPG402S0zj5MqD1A=w1920-h1080\"><\/object>\n  <object data=\"https:\/\/lh3.googleusercontent.com\/Hf-jKa8JPt5lgsQ1nFC9llSUdNesGF1LuBNjNI-n9yuRQrWRpKFs_zTgs9SIprWzUerz3-NkCNXA1z6lABRMnSD0s6iB1eJXzmTjOLv13zBjDw6Xgd9SyR4M-QutCpAsjFjhFV3fJA=w1920-h1080\"><\/object>\n  <object data=\"https:\/\/lh3.googleusercontent.com\/exHufz6-pQghSZZUUyYpJUFkxMzMn2mbG6CxTVS_oYGarJPhwm2PANtM0uGKuI8Juk-Qpk3yO-YDgVH-jzRtsoPz-frRezQ3guDgdAQ9qw2kbIbHza3h8AfaMYqM6Jaf78bOkM7LyQ=w1920-h1080\"><\/object>\n  <object data=\"https:\/\/lh3.googleusercontent.com\/9q2ugY_8vljzme5inG_MAxjycbk--6Cg20zq-m9Dv4rO7KRlVW30xf4anG0rId_ojkdN2AquRr57Jp7mHAIZ7ENNM0ZDKTeTJv5rjqys7PD1r6VXIQh0GLRRlCnbkTbgmRwLeFNmrA=w1920-h1080\"><\/object>\n  <object data=\"https:\/\/lh3.googleusercontent.com\/SA5f4MVX0nqmp3VqvL8pPSMr90ui0dLyD-on1UiVYoOcT-dxdvJDfTvHzNJW8eq8W_wwmt_mhjlA1t2beK2nmccOLTm1xLAVwwBS9jtvN-e8DbosLWukxs-cKQOWRBcUkVZW0ngJeQ=w1920-h1080\"><\/object>\n  <object data=\"https:\/\/lh3.googleusercontent.com\/_IbGLYMzfuQtehWaS8VFRFMWK233jh92cXHCMJpbuLh3RGFag6c3QCCN_7sKTWIr0gGrdpgl8edccIwm3S3d_P6FzSNSJZCwmuk-kqiFlxuUDm4U19YEPyAO8jnfIjshtMnIxLuTaw=w1920-h1080\"><\/object>\n  <object data=\"https:\/\/lh3.googleusercontent.com\/lY8moZx5fYRpsjxN9myUNKHJS-CxE6SVMEeCtPJOm1lEG5O1KJXDRTKeLyGkRHAsPXmPoDY3ETQqreLQfO_YiNrdhMGTFTZIfgFJm3hcm8BuUfMVeNugZQNcAkQZjQVkOD2TYFRI-A=w1920-h1080\"><\/object>\n  <object data=\"https:\/\/lh3.googleusercontent.com\/-1E1dbTOYc_zY5wAbIJijAJYNoPhYTA9sKTuVnIg0nhcD9cGJjDjGbioUUAXmuPc3ecprvms9fWrJ0Idc10vx_nG9xgjFaYyx_2zgmKwifK8_k-XLz7S19nHiSUrsIpIxei6njdSug=w1920-h1080\"><\/object>\n  <object data=\"https:\/\/lh3.googleusercontent.com\/80dalIqT0Ma9ZOIgLSTskCrhn7H9-ifTeZJvDvH1gZrAVYamoXKiz5kju-f_1Qz8ciP0VAodH55pW2t4qKGLiJFUhO2KpROowMfLHZDi_c3YJ5ooDrvf6U9APblN7P6UcaIO4bjq3w=w1920-h1080\"><\/object>\n  <object data=\"https:\/\/lh3.googleusercontent.com\/VNNQa1hi3UOTTUfPqHwtC6YfMjLbB-yg8K93vWYwkPKCQAF5IjAIt_9i8jWQdoTMqxVXfeGNBk7NL0_zG9IsNsbDqf4IRRXiNFnT8AgPcbjVEx2Y4ekOLQSWad883Y2FFyl6N-8DZg=w1920-h1080\"><\/object>\n  <object data=\"https:\/\/lh3.googleusercontent.com\/kd_Pczky61-m5eIj7F8OoA8t05d8R5yq8H-70GALgGW4ST1lQRNmRtNZmGVgSrpcZb48yN6nDE1gnHRP3frw7rem-MZmXQF3oVzxS17uPoo8AE62Vx_gRdi9FvMUlmT7eH-GHJGE6g=w1920-h1080\"><\/object>\n  <object data=\"https:\/\/lh3.googleusercontent.com\/VlNtvzQQAX0Msxqtpay6Q-qLh6xhyVjtQgzJVFvw5Y2JviFjJhm2LZ16eikt0Ouh_dLhOrj1hIqkiGntoaaKDIJtjmVbtg_-69WwrbRGhuf5kFPNFiX1C1WADYWRMCQi63IsR6XUNw=w1920-h1080\"><\/object>\n  <object data=\"https:\/\/lh3.googleusercontent.com\/uMZZBA8rvzpB4hAlpURpb54BG-8mdPUkPKiUSOAJ-J-Sa5kOI6mmJVsNHNLBTedRcxHbEsR_t0lA9lPqvnMk1kBQmiSnHvoaa0WOchummtcP4lC36TaWzEBj_InBHOiYN-YymgZ2Iw=w1920-h1080\"><\/object>\n  <object data=\"https:\/\/lh3.googleusercontent.com\/Co5wYfC2QF1kCTUOXnt2pMwqF29xSvY--jj-AFQvz0ibK3y0MKONFH7dLJwdfJ7UYSoPDIEVP6IzXsV7BLD6qIeQB2T30kJmlwF7jBt89tVif-mH0myjS0IyFOX7B_pCd9zUWCny6A=w1920-h1080\"><\/object>\n  <object data=\"https:\/\/lh3.googleusercontent.com\/HB53yhIv0hu5xR1njLB_W6GpwpcJnRQXJRftKmJw1PAr_vDBmOi9AT90e5BT2uhfZxN9VnNM69Rn-sj8IbdDt4s84ueB8xnPQ8o4VCrBRi3kOzcHzE4UIjUFUZXKPd_ALFrfGZS_xQ=w1920-h1080\"><\/object>\n  <object data=\"https:\/\/lh3.googleusercontent.com\/pvem6llT_butpDzYNLLYnNf-S1Rnv5lTfzrFtHh2zhm9NeAGLwpgdM2oMUkdcF_IJs_CY5oRBZ_gnniUvjZ4UacqUEqdNGOfQR3rbnLV5GvLGMrUR4KccjeZXR19trgs24_T1Gmcyg=w1920-h1080\"><\/object>\n  <object data=\"https:\/\/lh3.googleusercontent.com\/UWL1zBB33IzmrecpMh2w3MEKeaDY6VvFxriaPoAV1KJuiVePofoxHA78bOT0ZHOz49tPBTMqrRwvPUGTwVmRO9a4hqRzx0dXhjHpmYxm7sUJEkaAHcYY0GjW2gKrZux67luJdEN8WA=w1920-h1080\"><\/object>\n  <object data=\"https:\/\/lh3.googleusercontent.com\/K6w3nMJCFUp5k-N4cazDXaM3beF4LpRXrePpD38JTWD4Jc3n3be1fbh_3IlKMwu-JfQnGoCwwYd2OHzVbcNTT2C9gKjaNyHBaV8WtaYJf6StoZyM0SqumJZaQuHrhrVPxf-trYuyrw=w1920-h1080\"><\/object>\n  <object data=\"https:\/\/lh3.googleusercontent.com\/K8x63OjZ8HIj-LLVxnSEjsE9P_m0mB8o3htee0vF4BRVahQQlmJ0Vh7FeRkiVmXcj4mIHDFWSa-l7gCK7s08MhqVCg2sTp5kepVgefgm6Fz81FkPvTg3TFR_nkoBDOrNXlacg_SUeA=w1920-h1080\"><\/object>\n  <object data=\"https:\/\/lh3.googleusercontent.com\/KxmNkdAylnyF2ijZR6dgEYqq1YfEDLmOXa33UbCtmjoDkwbN7anJJ7rDm-S3o0Xf048nHFi2B_oiepM_HOmrsdEmNoERspjG-we6ooiNXpHDaeD_Nc27zm8J_tpJuKU3g4Q7bpYjrQ=w1920-h1080\"><\/object>\n  <object data=\"https:\/\/lh3.googleusercontent.com\/BdKP8KP8ActbndrhMcBQh1bok5SpEwcqeCWunBSJp7mZqot99PoGt-pQ8vxS6poz_Z4okV6rs-YA4Qp5BAJv4rb3Jqu6Lwh-rJ07kheCdVDmMTu1EbxbOlMPI8QrVa-wz9rF0bwtHg=w1920-h1080\"><\/object>\n  <object data=\"https:\/\/lh3.googleusercontent.com\/7zQRBciF1gYXYZKx6ASX4Q6nJDdjZpzUhwAnJMBHFT9fTf45rqD7mWLmgbnWhgyndNpuRBVG0JwKbMMl0LNrnBcVw2Q8kZhgpxIQQnmRIbMkC74iI8nyt7cZ4afDqQlRdERFvKFLbQ=w1920-h1080\"><\/object>\n  <object data=\"https:\/\/lh3.googleusercontent.com\/ksIMdcNB4RdN-mpYs9YqXTgvFQweZNnXRRkIZDkU7ZpMsvVg7wD2Bb6MtujkUUqpq4ELM3LOGyGfprft-EvZoA8RmEONW2JYeZI6tbrmISzibc3pcHYuxwL1FuX3oX2llbA5WGxgfA=w1920-h1080\"><\/object>\n  <object data=\"https:\/\/lh3.googleusercontent.com\/hrMo1bNqH-ekgvyE_0DuZNwY0xdJApD_LKvpq2KXr2ATwOMDt1YIsA0jsUmjFfmyYc87S8NAsyObCa9KN-XlK2mlXuoYnQVIy1N8ffPXZTFmdJAKXfWGP2Y3QE9sfHXfTIxvuCRrTA=w1920-h1080\"><\/object>\n  <object data=\"https:\/\/lh3.googleusercontent.com\/2NF6TQPQtTUnJBluHnoK4giH4pEj-byrf4DLcNWZQz1JhxtfIVnlzUuq1bm1mXUs2wr1x8Q0yOu8H1IsTMkB0h3cj5LE5vbxyyryZNQ9-WeDDeIZ183j0HtKlcCwW73pqKiSQlwHag=w1920-h1080\"><\/object>\n  <object data=\"https:\/\/lh3.googleusercontent.com\/fmPIkMtxnoNh5Qq6Vnz-T9aywAiwr1PGwJYTXDZVEs3-Yvp9UP0PV-P2PIPX2WjHj2Cw3sf-iPyCk9aTe8FYFsuvoz-SoaDiZ2dqs1vs0syHTNyALNzD4Zcmp_qfm6WY10ArrSBuaw=w1920-h1080\"><\/object>\n  <object data=\"https:\/\/lh3.googleusercontent.com\/NUwcGJWMFcMC-xJhoBNZvvoj4kKcRGQa8pYbyvYQA1tUnzmq1NGZh_Vo600sfIAk-PeBAVY0dh0BGq3FXmO4KwHXcrcVKnzNZIZkU2IVzqk5jozfME4G959YOp3rXfWYg7F3hPCBLA=w1920-h1080\"><\/object>\n  <object data=\"https:\/\/lh3.googleusercontent.com\/5UjFGH5Ia5Gl1YGYtKZVHmQJZceuRZGkqfMAEv8qypAgVa0fKU4nnG5ARSR8Oh8VcA-JKPx9sJpqgk4XZNGoDYytvC3Mf8p0Sm0s3flJArnSc6cteig0UKZLtloZwU9pAuJVVOcRTw=w1920-h1080\"><\/object>\n  <object data=\"https:\/\/lh3.googleusercontent.com\/XnAcU00fVmSJ2sV4toeAMf6j0lzBLUaj_oU24nRoRnSArd_mKYURXbfBvBCWHcSiIrVtr5UR8xFxdcO2BNnXtoOWa1vefe41Kq4bZZ0R3xhPln8Rh0waPEHjRFoBYe-ojmOS4Dn2xg=w1920-h1080\"><\/object>\n  <object data=\"https:\/\/lh3.googleusercontent.com\/XP9StRKn7DkhUSgEBfLnxz_yho3EteByC2yN-EZ1t6hV6UgO9Fohntr9OVkCU95Z41_NMhEANE-FmntS0-OkX1iLGJIk2ZFiDqyD4dAIfNNgkIN4b-1ZrPD9zIykol98DXMgaDv2jA=w1920-h1080\"><\/object>\n  <object data=\"https:\/\/lh3.googleusercontent.com\/nfhsLt5B_t4C52uY8KsuCOMh1HEdYde-7RrlyquAQqwyNJYvbHf5LbED5ktY32rYDaf55drHXNQmrJket5A8HgQAfb1vOVxM1cVnEEMTceQPnfT8rpqJvEw8AfvpQZGoT2ccYZzOOA=w1920-h1080\"><\/object>\n  <object data=\"https:\/\/lh3.googleusercontent.com\/UjtqsyrpbCJ0I0w8SjtCLugjPIiTQRStCc7GUOSmuzv080ij1mtLW1r6vpyP9sn8HKRtM3dnGIhwzzjmAqQCvRVhqpsKDBp-WPttFXR8w152a1WHBoCw-tvnYbL0cAs_VywhlUAcSw=w1920-h1080\"><\/object>\n  <object data=\"https:\/\/lh3.googleusercontent.com\/Nid6DgN3Gwd8NQNYwCe71RowK1q1JkrUlSR1PhAJKGs1bCPFtqeoJe2SlrDgEePN7ZUsj6PlupSph_b3cGyfOG4gfKhgm79KCIuwCB2n0tQY93cYuh7nVMhHvCXE_5Hx3ur0c_4UvQ=w1920-h1080\"><\/object>\n  <object data=\"https:\/\/lh3.googleusercontent.com\/IfCVrK2Ipm_FcFJVzXsxvOO4Xa32EkkmsCfTCICBXRRzW2HWL6U2agmCG5REklwlJtskA4Fdl6ADT3y8ZjCUyfG_peOzyyf7VO2v7b1NNowB25skAn9YuZyPOcmcY2n5E509mSDwzQ=w1920-h1080\"><\/object>\n  <object data=\"https:\/\/lh3.googleusercontent.com\/UqxXxZOfo1H2utbH3ac2cdwEPJ2j9EP-V5Kq0rmEo89FKscH3ygwYgShGVL6nVocTFjVINH61ms_r9kAKmhx2DWJP78MiNLCwUWt3e2bqczr50Mr39WfNmnyCDZ4uuU0ly6IPha1fg=w1920-h1080\"><\/object>\n  <object data=\"https:\/\/lh3.googleusercontent.com\/_suXp4Ygl_Bb_anQHga3g31Vp_FjGP4RwUjc3MorSTSBP4zZZYG0AuzNYh_hU8w8v5RG02IfAnHKwtQB7Sn0Y-4b87OfX00r1BC37VvfacUWCOa7ZwE0IUexhtQCGgytbqSiiSVNUQ=w1920-h1080\"><\/object>\n  <object data=\"https:\/\/lh3.googleusercontent.com\/f1rBj6pSKoX4miYE6XKlvTN0O5dD6MTraI2wcrRVgBnXqi02KSsXLWmXMDA9IqKbpA2zaOudrHdhI_cYBW6VwO_4rhM80lkK9Jnr-E4jT0tVWwh7k4r_0XJx6oekgEWCtqeCkhF4mw=w1920-h1080\"><\/object>\n  <object data=\"https:\/\/lh3.googleusercontent.com\/X61JukRZQIjZf4-EQKEi8365Ag_2EhWjSt95ZSroy8LeV8aMqE8GD5r4aWLOAX-VYTyHrMAGMx0ZLH7g2vVKDd-4RWY9KWnQgoSNAZd3GChwjuRwHBVNK_NXkmujJfQzlwlU36QT3A=w1920-h1080\"><\/object>\n  <object data=\"https:\/\/lh3.googleusercontent.com\/Ak31yd5GbO6Xp4JwAXxOoQRCxf5qO0Wl-7Pxl8fYv60Vil_aj4H5PrgJJG9wtkQWPL7H6kViCMCY7d2OpCc_kJ6K7S9-_YfKwh67hWeB_G1YVwNUcf9MxwHDqOsNFOelPa3RldIDzg=w1920-h1080\"><\/object>\n  <object data=\"https:\/\/lh3.googleusercontent.com\/2BdzP_NKs5xuuJrGs4wj2cQ8dJ8kur_LHNPpXeTcfhZi1d07ns4tLufmN191asHU5GQwldGScJ0Lkii_5y54JXkGrwS1PqjcwGbUcR2gpgZLcd8I0gTPNKv1XOrqsXu6DIVrRIoB5A=w1920-h1080\"><\/object>\n  <object data=\"https:\/\/lh3.googleusercontent.com\/wwn43NeMfrQEJSgBnpkqsPiipnk7yfztErPK696PDgc44RFjf7AMUDPAHYQ8AH_8vBjuKW4hjy-fIYMzFHZRbiZimqmoa0scYYrUD324gyMDhpLlgzOPZcS4kF0QUr-aeqXwCGWvYA=w1920-h1080\"><\/object>\n  <object data=\"https:\/\/lh3.googleusercontent.com\/O5gvw_e5tW5L8USxaB_qtFMj7bL1nLVe3UfolCNB51eLIHLTfypbBOBqEIxm4Z9Umzaf5RoNi0qQ_xTCHZVnQh8IRS1MWPSlWyow1zwy9u2cnMwU0MfETr_LOvFv6uN4iqLPctyxVw=w1920-h1080\"><\/object>\n  <object data=\"https:\/\/lh3.googleusercontent.com\/YjP0VmBz5h0Z6FLaBDahWj94ihky1BGFE3MePIMF05jxc8ukpSMQQs66RDY5kW7aGKoN_iAw6I14h0G_NjWFx-2Z6v_9vrGC8o2K6ViCx8sb72sdN9u8yXr5RKSzxe20Ko5LP953Hg=w1920-h1080\"><\/object>\n  <object data=\"https:\/\/lh3.googleusercontent.com\/n3qtBUA8X-RH2PqfsulmRe8XwZakoqtoYNLIR-MUYbMw7VAcy50ubFOtG-PnMJj6EVje0vuae-6ntg5pehs_UqJcOClR6sp_Nt9z0ERhqOMhJL5BgLXgAnEKvePh3Bi0HU7K5Z1tzw=w1920-h1080\"><\/object>\n<\/div>\n\n","protected":false},"excerpt":{"rendered":"<p>R\u00e9sultats \u00c9quipe R\u00e9sultat Total point D\u00e9tail F\u00e9d\u00e9ral B 7-9 ans EQ1 2\/21 111.300 Voir F\u00e9d\u00e9ral B 7-9 ans EQ2 18\/21 101.450 Voir F\u00e9d\u00e9ral B 10-11 ans 1\/36 117.384 Voir F\u00e9d\u00e9ral B 10-13 ans EQ1 3\/23 112.300 Voir F\u00e9d\u00e9ral B 10-13 ans EQ2 6\/23 107.800 Voir F\u00e9d\u00e9ral B 10-13 ans EQ3 23\/23 96.500 Voir Photos de &hellip; <\/p>\n","protected":false},"author":1,"featured_media":0,"parent":352,"menu_order":0,"comment_status":"closed","ping_status":"closed","template":"","meta":{"footnotes":""},"class_list":["post-937","page","type-page","status-publish","hentry"],"jetpack_sharing_enabled":true,"_links":{"self":[{"href":"https:\/\/talencegymnastique.fr\/index.php?rest_route=\/wp\/v2\/pages\/937","targetHints":{"allow":["GET"]}}],"collection":[{"href":"https:\/\/talencegymnastique.fr\/index.php?rest_route=\/wp\/v2\/pages"}],"about":[{"href":"https:\/\/talencegymnastique.fr\/index.php?rest_route=\/wp\/v2\/types\/page"}],"author":[{"embeddable":true,"href":"https:\/\/talencegymnastique.fr\/index.php?rest_route=\/wp\/v2\/users\/1"}],"replies":[{"embeddable":true,"href":"https:\/\/talencegymnastique.fr\/index.php?rest_route=%2Fwp%2Fv2%2Fcomments&post=937"}],"version-history":[{"count":4,"href":"https:\/\/talencegymnastique.fr\/index.php?rest_route=\/wp\/v2\/pages\/937\/revisions"}],"predecessor-version":[{"id":949,"href":"https:\/\/talencegymnastique.fr\/index.php?rest_route=\/wp\/v2\/pages\/937\/revisions\/949"}],"up":[{"embeddable":true,"href":"https:\/\/talencegymnastique.fr\/index.php?rest_route=\/wp\/v2\/pages\/352"}],"wp:attachment":[{"href":"https:\/\/talencegymnastique.fr\/index.php?rest_route=%2Fwp%2Fv2%2Fmedia&parent=937"}],"curies":[{"name":"wp","href":"https:\/\/api.w.org\/{rel}","templated":true}]}}