{"id":998,"date":"2022-03-13T22:33:48","date_gmt":"2022-03-13T21:33:48","guid":{"rendered":"https:\/\/talencegymnastique.fr\/?page_id=998"},"modified":"2022-03-14T10:18:31","modified_gmt":"2022-03-14T09:18:31","slug":"interdepartement-equipe-federal-a-pessac-05-06-mars","status":"publish","type":"page","link":"https:\/\/talencegymnastique.fr\/?page_id=998","title":{"rendered":"InterD\u00e9partement \u00c9quipe F\u00e9d\u00e9ral A Pessac 05\/06 Mars"},"content":{"rendered":"\n<p class=\"has-text-align-center has-luminous-vivid-amber-color has-black-background-color has-text-color has-background has-medium-font-size\"><strong>R\u00e9sultats<\/strong><\/p>\n\n\n\n<figure class=\"wp-block-table is-style-stripes\"><table class=\"has-background\" style=\"background:linear-gradient(135deg,rgb(236,4,193) 0%,rgb(0,209,190) 100%)\"><tbody><tr><td><em>\u00c9quipe<\/em><\/td><td class=\"has-text-align-left\" data-align=\"left\"><em>R\u00e9sultat<\/em><\/td><td class=\"has-text-align-center\" data-align=\"center\"><em>Total point<\/em><\/td><td class=\"has-text-align-center\" data-align=\"center\"><em>D\u00e9tail<\/em><\/td><\/tr><tr><td>F\u00e9d\u00e9ral A 14 ans et + <\/td><td class=\"has-text-align-left\" data-align=\"left\">2\/11<\/td><td class=\"has-text-align-center\" data-align=\"center\">144.320<\/td><td class=\"has-text-align-center\" data-align=\"center\">Voir <\/td><\/tr><\/tbody><\/table><\/figure>\n\n\n\n<p class=\"has-text-align-center has-luminous-vivid-amber-color has-black-background-color has-text-color has-background has-medium-font-size\"><strong>Photos de la comp\u00e9tition<\/strong><\/p>\n\n\n\n<script src=\"https:\/\/cdn.jsdelivr.net\/npm\/publicalbum@latest\/embed-ui.min.js\" async><\/script>\n<div class=\"pa-carousel-widget\" style=\"width:100%; height:480px; display:none;\"\n  data-link=\"https:\/\/photos.app.goo.gl\/1m513AwHfPLeLp7GA\"\n  data-title=\"ID Fed A 14 et + Pessac 05\/06 Mars\"\n  data-description=\"13 new items \u00b7 Album by Talence GymPhoto\">\n  <object data=\"https:\/\/lh3.googleusercontent.com\/qwNHz3lmzqB9CsellPvi6YaKpfO6_m9EQuoAjjq4yKMkfwVOMX1eSEUPTE2Sup0E5DKXvzEzcTFfYEULE6gnoyVrqJUqz360HdAw9zzI4MKSCaPd44uweACTuN6FmCJzCqy1MhkeTQ=w1920-h1080\"><\/object>\n  <object data=\"https:\/\/lh3.googleusercontent.com\/zzXhTfSPEuBPnb5STugmzQEFXdhtRdPdSKxgQSgePo-mxHJZj8JXriYJV2ffkbz8Wdy2PrdK18wjvxSd1Oub0ga_MhYIFrYJAJifLz51j1j1_t1vJfYjeZjSoYJaBPSEXqe63B4M7w=w1920-h1080\"><\/object>\n  <object data=\"https:\/\/lh3.googleusercontent.com\/XXbHx2BLULeRYcMvDQR_GJgeYfJHQHivPgmuX-Ow81GX-lDQZPNjx5W1952PcjI4lfVi7VTuzwfKk75w4_S3ja0QMhp6BdMMorT24scyagaFt3G1EfhMDplV2duagASxxNxADvLBGw=w1920-h1080\"><\/object>\n  <object data=\"https:\/\/lh3.googleusercontent.com\/SbEHgcP3wO6YSCOqnCHVXsb-ioiD1SK71cSY-yhQ62I-gAhnfQOK53YE-5-9iuUpb51O6Mx3YciHdEHbpT7MrL2a3pWsUotKhXavKlXGM6naX4KpHmYyKE0ZtecmBGoqb-aZB4Jkdg=w1920-h1080\"><\/object>\n  <object data=\"https:\/\/lh3.googleusercontent.com\/r25OEWi2abZ0S0w-vygZdoyrhp_tInl-OVFPOkn_Rxr9EPhKcLGFk6ENm5bxlXw5priiwjxPQ_DO0mlmxkjk2pQXPziUQDdnsn2HR60zkVHCCFhbvjSeHs5KXa37r3xn5pRXxNBsPQ=w1920-h1080\"><\/object>\n  <object data=\"https:\/\/lh3.googleusercontent.com\/cIXNWGx-eVbPEZ7zgER0SmVsIVS83zOFueY0uX4MEwqxrrXXr8rlixLI7d0Qgw_xNdTTJwLTH7v19EQpCohY0I0wVtHg9I4xTXeNtxMDdueJuxOiqdFrtZBG8yAEKrhIvs_G-fMuYw=w1920-h1080\"><\/object>\n  <object data=\"https:\/\/lh3.googleusercontent.com\/8ce-Hw0Ew_OiLHT5-1SgsL1FA88JfetsyrogdrDCnMGQeyavrAWodTz7_VIy70xB-8uT6R6YFVcOwSlVFJpID3EeI7oUok4NdPZxkNQTm_4cu0vyOz6spmpcWOPbSz7f7tpPl1Liyw=w1920-h1080\"><\/object>\n  <object data=\"https:\/\/lh3.googleusercontent.com\/q3HUOHybwOO0LkMuST0gvsWxxbvsqxjgCGcTVvAmaKkk3gExNvh9_solRMXyxq3x0GrLW8M3NqiZWx6MI_nPkkIddXzoJdovzAUezRyWENj1j3wnNHKz3-L1icA4N-cLxkSuLADnJQ=w1920-h1080\"><\/object>\n  <object data=\"https:\/\/lh3.googleusercontent.com\/fwtbATBYieAVa6skGUssrfherBKJwThZq6z_mx3Nrp0CnomRrhrPPhoTtN9vG9rB90JQRWDuqLR7RtoX6jeED_AnEt7w4bhnXnEYVlGXwEEZxIzglMm3ZNX4JXqflSapPg9V3m77uQ=w1920-h1080\"><\/object>\n  <object data=\"https:\/\/lh3.googleusercontent.com\/SQE-yVeEiw-u4Op8OINqi74tSOu-VbxTpmo8Y0LGEW8VsG4naFrQr_tQKtR2TXMfguEFY5fJgiubToo7yGKyWvHzOxxjmJJ7aRh8Zof7lGZc4qUGKxzgeqsy_F4gTEqk0qM6lbtHsQ=w1920-h1080\"><\/object>\n  <object data=\"https:\/\/lh3.googleusercontent.com\/reup5_8Dmbxe9YmcXyOxT8s-8UxtJ1IOSbvINyH56mOhF44PXV2MM_EA-J_DACXAU7wLobA5M5qtrnNRgKxjL-671cNIwPeu0rxmXnsll_dvxSetrtKMI-CnZlzNnbKychzgU7pojQ=w1920-h1080\"><\/object>\n  <object data=\"https:\/\/lh3.googleusercontent.com\/5Io1PKeXTfwDWej6ly2w86smLWDcZce8KTu-_Joiilqblw62U-PiliMRHZJ57s0lc5VAMiNDefoF2dL6nwDa4X-v8YzRj5P4Tecm7fdKmGWH0qGUKP5g8EVjVhj1EbXgfWOimXsAgQ=w1920-h1080\"><\/object>\n  <object data=\"https:\/\/lh3.googleusercontent.com\/zIElJrvi3lpLXy0v_RudIH1uRq4mHBRibiGR50_gkUvclk3gZQhPTFfoTN7aDPLBmW05SbuhclUbpOgqSUhxh5O-QZMoEUWxUPVV61SXEvVyQsoTXRmN9EEy2qhWl2L5PlDKFNNh5Q=w1920-h1080\"><\/object>\n<\/div>\n\n","protected":false},"excerpt":{"rendered":"<p>R\u00e9sultats \u00c9quipe R\u00e9sultat Total point D\u00e9tail F\u00e9d\u00e9ral A 14 ans et + 2\/11 144.320 Voir Photos de la comp\u00e9tition<\/p>\n","protected":false},"author":1,"featured_media":0,"parent":352,"menu_order":0,"comment_status":"closed","ping_status":"closed","template":"","meta":{"footnotes":""},"class_list":["post-998","page","type-page","status-publish","hentry"],"jetpack_sharing_enabled":true,"_links":{"self":[{"href":"https:\/\/talencegymnastique.fr\/index.php?rest_route=\/wp\/v2\/pages\/998","targetHints":{"allow":["GET"]}}],"collection":[{"href":"https:\/\/talencegymnastique.fr\/index.php?rest_route=\/wp\/v2\/pages"}],"about":[{"href":"https:\/\/talencegymnastique.fr\/index.php?rest_route=\/wp\/v2\/types\/page"}],"author":[{"embeddable":true,"href":"https:\/\/talencegymnastique.fr\/index.php?rest_route=\/wp\/v2\/users\/1"}],"replies":[{"embeddable":true,"href":"https:\/\/talencegymnastique.fr\/index.php?rest_route=%2Fwp%2Fv2%2Fcomments&post=998"}],"version-history":[{"count":2,"href":"https:\/\/talencegymnastique.fr\/index.php?rest_route=\/wp\/v2\/pages\/998\/revisions"}],"predecessor-version":[{"id":1005,"href":"https:\/\/talencegymnastique.fr\/index.php?rest_route=\/wp\/v2\/pages\/998\/revisions\/1005"}],"up":[{"embeddable":true,"href":"https:\/\/talencegymnastique.fr\/index.php?rest_route=\/wp\/v2\/pages\/352"}],"wp:attachment":[{"href":"https:\/\/talencegymnastique.fr\/index.php?rest_route=%2Fwp%2Fv2%2Fmedia&parent=998"}],"curies":[{"name":"wp","href":"https:\/\/api.w.org\/{rel}","templated":true}]}}