{"id":1284,"date":"2023-11-21T19:57:58","date_gmt":"2023-11-21T18:57:58","guid":{"rendered":"https:\/\/talencegymnastique.fr\/?post_type=product&#038;p=1284"},"modified":"2024-05-30T08:37:58","modified_gmt":"2024-05-30T06:37:58","slug":"sweatshirt-noir","status":"publish","type":"product","link":"https:\/\/talencegymnastique.fr\/?product=sweatshirt-noir","title":{"rendered":"Sweatshirt noir"},"content":{"rendered":"<h1>Sweatshirt Noir Talence Gymnastique<\/h1>\n<p><strong>Il n&rsquo;y a pas de livraison possible.<\/strong><\/p>\n<p><strong>Produit \u00e0 venir r\u00e9cup\u00e9rer au club apr\u00e8s paiement sur le site ou en r\u00e9glant par esp\u00e8ce ou ch\u00e8que directement au club. (attention \u00e0 bien v\u00e9rifier les stocks disponible sur le site).\u00a0<\/strong><\/p>\n<p><em>80% coton \/ 20% polyester. <\/em><\/p>\n<p><em>Molleton gratt\u00e9. Manches mont\u00e9es. Finition bord-cot\u00e9 encolure, bas de manches et de v\u00eatement. <\/em><\/p>\n<p><em>280 g\/m\u00b2.<\/em><\/p>\n<p>&nbsp;<\/p>\n<p>PAS DE REMBOURSEMENT &#8211; ECHANGE POSSIBLE SOUS RESERVE DES STOCKS DISPONIBLES<\/p>\n<p>&nbsp;<\/p>\n","protected":false},"excerpt":{"rendered":"<p>Sweatshirt Noir Talence Gymnastique Il n&rsquo;y a pas de livraison possible. Produit \u00e0 venir r\u00e9cup\u00e9rer au club apr\u00e8s paiement sur le site ou en r\u00e9glant par esp\u00e8ce ou ch\u00e8que directement au club. (attention \u00e0 bien v\u00e9rifier les stocks disponible sur le site).\u00a0 80% coton \/ 20% polyester. Molleton gratt\u00e9. Manches mont\u00e9es. Finition bord-cot\u00e9 encolure, bas &hellip; <\/p>\n","protected":false},"featured_media":1491,"comment_status":"open","ping_status":"closed","template":"","meta":[],"product_brand":[],"product_cat":[36],"product_tag":[],"class_list":{"0":"post-1284","1":"product","2":"type-product","3":"status-publish","4":"has-post-thumbnail","6":"product_cat-sweatshirt","8":"first","9":"instock","10":"shipping-taxable","11":"purchasable","12":"product-type-variable"},"jetpack_sharing_enabled":true,"_links":{"self":[{"href":"https:\/\/talencegymnastique.fr\/index.php?rest_route=\/wp\/v2\/product\/1284","targetHints":{"allow":["GET"]}}],"collection":[{"href":"https:\/\/talencegymnastique.fr\/index.php?rest_route=\/wp\/v2\/product"}],"about":[{"href":"https:\/\/talencegymnastique.fr\/index.php?rest_route=\/wp\/v2\/types\/product"}],"replies":[{"embeddable":true,"href":"https:\/\/talencegymnastique.fr\/index.php?rest_route=%2Fwp%2Fv2%2Fcomments&post=1284"}],"wp:featuredmedia":[{"embeddable":true,"href":"https:\/\/talencegymnastique.fr\/index.php?rest_route=\/wp\/v2\/media\/1491"}],"wp:attachment":[{"href":"https:\/\/talencegymnastique.fr\/index.php?rest_route=%2Fwp%2Fv2%2Fmedia&parent=1284"}],"wp:term":[{"taxonomy":"product_brand","embeddable":true,"href":"https:\/\/talencegymnastique.fr\/index.php?rest_route=%2Fwp%2Fv2%2Fproduct_brand&post=1284"},{"taxonomy":"product_cat","embeddable":true,"href":"https:\/\/talencegymnastique.fr\/index.php?rest_route=%2Fwp%2Fv2%2Fproduct_cat&post=1284"},{"taxonomy":"product_tag","embeddable":true,"href":"https:\/\/talencegymnastique.fr\/index.php?rest_route=%2Fwp%2Fv2%2Fproduct_tag&post=1284"}],"curies":[{"name":"wp","href":"https:\/\/api.w.org\/{rel}","templated":true}]}}