{"id":1319,"date":"2023-11-21T20:20:10","date_gmt":"2023-11-21T19:20:10","guid":{"rendered":"https:\/\/talencegymnastique.fr\/?post_type=product&#038;p=1319"},"modified":"2024-04-29T14:16:33","modified_gmt":"2024-04-29T12:16:33","slug":"sweatshirt-noir-enfant","status":"publish","type":"product","link":"https:\/\/talencegymnastique.fr\/?product=sweatshirt-noir-enfant","title":{"rendered":"Sweatshirt Noir Enfant"},"content":{"rendered":"<h1>Sweatshirt Noir Enfant Talence Gymnastique<\/h1>\n<p><strong>Il n\u2019y a pas de livraison possible.<\/strong><\/p>\n<p><strong>Produit \u00e0 venir r\u00e9cup\u00e9rer au club apr\u00e8s paiement sur le site ou en r\u00e9glant par esp\u00e8ce ou ch\u00e8que directement au club. (attention \u00e0 bien v\u00e9rifier les stocks disponible sur le site).\u00a0<\/strong><\/p>\n<p><em>80% coton \/ 20% polyester.<\/em><\/p>\n<p>280 g\/m2<\/p>\n<p><em>Bande de propret\u00e9 d&rsquo;\u00e9paule \u00e0 \u00e9paule en jersey<\/em><br \/>\n<em>Taille et poignets en bord c\u00f4te coton\/Lycra\u00ae<\/em><br \/>\n<em>Fil Belcoro\u00ae pour une surface d&rsquo;impression plus propre et plus stable<\/em><\/p>\n<p>PAS DE REMBOURSEMENT &#8211; ECHANGE POSSIBLE SOUS RESERVE DES STOCKS DISPONIBLES<\/p>\n","protected":false},"excerpt":{"rendered":"<p>Sweatshirt Noir Enfant Talence Gymnastique Il n\u2019y a pas de livraison possible. Produit \u00e0 venir r\u00e9cup\u00e9rer au club apr\u00e8s paiement sur le site ou en r\u00e9glant par esp\u00e8ce ou ch\u00e8que directement au club. (attention \u00e0 bien v\u00e9rifier les stocks disponible sur le site).\u00a0 80% coton \/ 20% polyester. 280 g\/m2 Bande de propret\u00e9 d&rsquo;\u00e9paule \u00e0 &hellip; <\/p>\n","protected":false},"featured_media":1537,"comment_status":"open","ping_status":"closed","template":"","meta":[],"product_brand":[],"product_cat":[36],"product_tag":[],"class_list":{"0":"post-1319","1":"product","2":"type-product","3":"status-publish","4":"has-post-thumbnail","6":"product_cat-sweatshirt","8":"first","9":"instock","10":"shipping-taxable","11":"purchasable","12":"product-type-variable"},"jetpack_sharing_enabled":true,"_links":{"self":[{"href":"https:\/\/talencegymnastique.fr\/index.php?rest_route=\/wp\/v2\/product\/1319","targetHints":{"allow":["GET"]}}],"collection":[{"href":"https:\/\/talencegymnastique.fr\/index.php?rest_route=\/wp\/v2\/product"}],"about":[{"href":"https:\/\/talencegymnastique.fr\/index.php?rest_route=\/wp\/v2\/types\/product"}],"replies":[{"embeddable":true,"href":"https:\/\/talencegymnastique.fr\/index.php?rest_route=%2Fwp%2Fv2%2Fcomments&post=1319"}],"wp:featuredmedia":[{"embeddable":true,"href":"https:\/\/talencegymnastique.fr\/index.php?rest_route=\/wp\/v2\/media\/1537"}],"wp:attachment":[{"href":"https:\/\/talencegymnastique.fr\/index.php?rest_route=%2Fwp%2Fv2%2Fmedia&parent=1319"}],"wp:term":[{"taxonomy":"product_brand","embeddable":true,"href":"https:\/\/talencegymnastique.fr\/index.php?rest_route=%2Fwp%2Fv2%2Fproduct_brand&post=1319"},{"taxonomy":"product_cat","embeddable":true,"href":"https:\/\/talencegymnastique.fr\/index.php?rest_route=%2Fwp%2Fv2%2Fproduct_cat&post=1319"},{"taxonomy":"product_tag","embeddable":true,"href":"https:\/\/talencegymnastique.fr\/index.php?rest_route=%2Fwp%2Fv2%2Fproduct_tag&post=1319"}],"curies":[{"name":"wp","href":"https:\/\/api.w.org\/{rel}","templated":true}]}}