{"id":1381,"date":"2023-11-21T20:55:57","date_gmt":"2023-11-21T19:55:57","guid":{"rendered":"https:\/\/talencegymnastique.fr\/?post_type=product&#038;p=1381"},"modified":"2023-12-18T12:23:21","modified_gmt":"2023-12-18T11:23:21","slug":"jogging-rose-pastel","status":"publish","type":"product","link":"https:\/\/talencegymnastique.fr\/?product=jogging-rose-pastel","title":{"rendered":"Jogging Rose Pastel"},"content":{"rendered":"<h1><strong>Jogging Rose Pastel Talence Gymnastique<\/strong><\/h1>\n<p><strong>Il n\u2019y a pas de livraison possible.<\/strong><\/p>\n<p><strong>Produit \u00e0 venir r\u00e9cup\u00e9rer au club apr\u00e8s paiement sur le site ou en r\u00e9glant par esp\u00e8ce ou ch\u00e8que directement au club. (attention \u00e0 bien v\u00e9rifier les stocks disponible sur le site).\u00a0<\/strong><\/p>\n<div class=\"product-intro__description-table-item\" role=\"text\">\n<div class=\"val\"><em>Taille haute, Coupe r\u00e9guli\u00e8re, Doubl\u00e9e pour avoir plus chaud, Extensibilit\u00e9 l\u00e9g\u00e8re.<\/em><\/div>\n<div class=\"val\"><em>100% Polyester.<\/em><\/div>\n<\/div>\n<div class=\"product-intro__description-table-item\" role=\"text\">\n<div class=\"val\"><em>Lavage en machine ou nettoyage \u00e0 sec professionnel.<\/em><\/div>\n<\/div>\n<div><\/div>\n<div>PAS DE REMBOURSEMENT &#8211; ECHANGE POSSIBLE SOUS RESERVE DES STOCKS DISPONIBLES<\/div>\n<div class=\"product-intro__description-table-item\" role=\"text\"><\/div>\n<div class=\"product-intro__description-table-item\" role=\"text\">\n<div class=\"val\"><\/div>\n<\/div>\n","protected":false},"excerpt":{"rendered":"<p>Jogging Rose Pastel Talence Gymnastique Il n\u2019y a pas de livraison possible. Produit \u00e0 venir r\u00e9cup\u00e9rer au club apr\u00e8s paiement sur le site ou en r\u00e9glant par esp\u00e8ce ou ch\u00e8que directement au club. (attention \u00e0 bien v\u00e9rifier les stocks disponible sur le site).\u00a0 Taille haute, Coupe r\u00e9guli\u00e8re, Doubl\u00e9e pour avoir plus chaud, Extensibilit\u00e9 l\u00e9g\u00e8re. 100% &hellip; <\/p>\n","protected":false},"featured_media":1509,"comment_status":"open","ping_status":"closed","template":"","meta":[],"product_brand":[],"product_cat":[37],"product_tag":[],"class_list":{"0":"post-1381","1":"product","2":"type-product","3":"status-publish","4":"has-post-thumbnail","6":"product_cat-jogging","8":"first","9":"instock","10":"shipping-taxable","11":"purchasable","12":"product-type-variable"},"jetpack_sharing_enabled":true,"_links":{"self":[{"href":"https:\/\/talencegymnastique.fr\/index.php?rest_route=\/wp\/v2\/product\/1381","targetHints":{"allow":["GET"]}}],"collection":[{"href":"https:\/\/talencegymnastique.fr\/index.php?rest_route=\/wp\/v2\/product"}],"about":[{"href":"https:\/\/talencegymnastique.fr\/index.php?rest_route=\/wp\/v2\/types\/product"}],"replies":[{"embeddable":true,"href":"https:\/\/talencegymnastique.fr\/index.php?rest_route=%2Fwp%2Fv2%2Fcomments&post=1381"}],"wp:featuredmedia":[{"embeddable":true,"href":"https:\/\/talencegymnastique.fr\/index.php?rest_route=\/wp\/v2\/media\/1509"}],"wp:attachment":[{"href":"https:\/\/talencegymnastique.fr\/index.php?rest_route=%2Fwp%2Fv2%2Fmedia&parent=1381"}],"wp:term":[{"taxonomy":"product_brand","embeddable":true,"href":"https:\/\/talencegymnastique.fr\/index.php?rest_route=%2Fwp%2Fv2%2Fproduct_brand&post=1381"},{"taxonomy":"product_cat","embeddable":true,"href":"https:\/\/talencegymnastique.fr\/index.php?rest_route=%2Fwp%2Fv2%2Fproduct_cat&post=1381"},{"taxonomy":"product_tag","embeddable":true,"href":"https:\/\/talencegymnastique.fr\/index.php?rest_route=%2Fwp%2Fv2%2Fproduct_tag&post=1381"}],"curies":[{"name":"wp","href":"https:\/\/api.w.org\/{rel}","templated":true}]}}