{"id":1418,"date":"2023-11-22T14:33:57","date_gmt":"2023-11-22T13:33:57","guid":{"rendered":"https:\/\/talencegymnastique.fr\/?post_type=product&#038;p=1418"},"modified":"2024-04-29T14:15:54","modified_gmt":"2024-04-29T12:15:54","slug":"tee-shirt-rose-enfant","status":"publish","type":"product","link":"https:\/\/talencegymnastique.fr\/?product=tee-shirt-rose-enfant","title":{"rendered":"Tee Shirt Rose Enfant"},"content":{"rendered":"<h1>Tee Shirt Rose Enfant Talence Gymnastique<\/h1>\n<p><strong>Il n&rsquo;y a pas de livraison possible.<\/strong><\/p>\n<p><strong>Produit \u00e0 venir r\u00e9cup\u00e9rer au club apr\u00e8s paiement sur le site ou en r\u00e9glant par esp\u00e8ce ou ch\u00e8que directement au club. (attention \u00e0 bien v\u00e9rifier les stocks disponible sur le site).\u00a0<\/strong><\/p>\n<p><em>Maille jersey, Coupe tubulaire, Encolure ronde, Double \u00e9paisseur, Bande de propret\u00e9 dans le col, Base et bords de manche avec double surpiq\u00fbre.<\/em><\/p>\n<p><em>150 g\/m\u00b2.<\/em><\/p>\n<p>&nbsp;<\/p>\n<p>PAS DE REMBOURSEMENT &#8211; ECHANGE POSSIBLE SOUS RESERVE DES STOCKS DISPONIBLES<\/p>\n<p>&nbsp;<\/p>\n","protected":false},"excerpt":{"rendered":"<p>Tee Shirt Rose Enfant Talence Gymnastique Il n&rsquo;y a pas de livraison possible. Produit \u00e0 venir r\u00e9cup\u00e9rer au club apr\u00e8s paiement sur le site ou en r\u00e9glant par esp\u00e8ce ou ch\u00e8que directement au club. (attention \u00e0 bien v\u00e9rifier les stocks disponible sur le site).\u00a0 Maille jersey, Coupe tubulaire, Encolure ronde, Double \u00e9paisseur, Bande de propret\u00e9 &hellip; <\/p>\n","protected":false},"featured_media":1543,"comment_status":"open","ping_status":"closed","template":"","meta":[],"product_brand":[],"product_cat":[38],"product_tag":[],"class_list":{"0":"post-1418","1":"product","2":"type-product","3":"status-publish","4":"has-post-thumbnail","6":"product_cat-tee-shirt","8":"first","9":"instock","10":"shipping-taxable","11":"purchasable","12":"product-type-variable"},"jetpack_sharing_enabled":true,"_links":{"self":[{"href":"https:\/\/talencegymnastique.fr\/index.php?rest_route=\/wp\/v2\/product\/1418","targetHints":{"allow":["GET"]}}],"collection":[{"href":"https:\/\/talencegymnastique.fr\/index.php?rest_route=\/wp\/v2\/product"}],"about":[{"href":"https:\/\/talencegymnastique.fr\/index.php?rest_route=\/wp\/v2\/types\/product"}],"replies":[{"embeddable":true,"href":"https:\/\/talencegymnastique.fr\/index.php?rest_route=%2Fwp%2Fv2%2Fcomments&post=1418"}],"wp:featuredmedia":[{"embeddable":true,"href":"https:\/\/talencegymnastique.fr\/index.php?rest_route=\/wp\/v2\/media\/1543"}],"wp:attachment":[{"href":"https:\/\/talencegymnastique.fr\/index.php?rest_route=%2Fwp%2Fv2%2Fmedia&parent=1418"}],"wp:term":[{"taxonomy":"product_brand","embeddable":true,"href":"https:\/\/talencegymnastique.fr\/index.php?rest_route=%2Fwp%2Fv2%2Fproduct_brand&post=1418"},{"taxonomy":"product_cat","embeddable":true,"href":"https:\/\/talencegymnastique.fr\/index.php?rest_route=%2Fwp%2Fv2%2Fproduct_cat&post=1418"},{"taxonomy":"product_tag","embeddable":true,"href":"https:\/\/talencegymnastique.fr\/index.php?rest_route=%2Fwp%2Fv2%2Fproduct_tag&post=1418"}],"curies":[{"name":"wp","href":"https:\/\/api.w.org\/{rel}","templated":true}]}}