{"id":1718,"date":"2024-05-09T17:43:28","date_gmt":"2024-05-09T15:43:28","guid":{"rendered":"https:\/\/talencegymnastique.fr\/?post_type=product&#038;p=1718"},"modified":"2026-03-17T19:51:53","modified_gmt":"2026-03-17T18:51:53","slug":"tee-shirt-teamgym-talence","status":"publish","type":"product","link":"https:\/\/talencegymnastique.fr\/?product=tee-shirt-teamgym-talence","title":{"rendered":"Tee-Shirt TeamGym Talence"},"content":{"rendered":"<h1>Tee-Shirt TeamGym Talence<\/h1>\n<p>Attention : Taille relativement grand.<\/p>\n<p><strong>Il n&rsquo;y a pas de livraison possible.<\/strong><\/p>\n<p><strong>Produit \u00e0 venir r\u00e9cup\u00e9rer au club en r\u00e9glant par esp\u00e8ce ou ch\u00e8que directement sur place (attention \u00e0 bien v\u00e9rifier les stocks disponibles sur le site).\u00a0<\/strong><\/p>\n<p>Manches courtes, Tubulaire, 100% coton semi-peign\u00e9 Ringspun, Bande de propret\u00e9 au col, Col avec bord c\u00f4te \u00e9lasthanne.<\/p>\n<p><em>150 g\/m\u00b2.<\/em><\/p>\n","protected":false},"excerpt":{"rendered":"<p>Tee-Shirt TeamGym Talence Attention : Taille relativement grand. Il n&rsquo;y a pas de livraison possible. Produit \u00e0 venir r\u00e9cup\u00e9rer au club en r\u00e9glant par esp\u00e8ce ou ch\u00e8que directement sur place (attention \u00e0 bien v\u00e9rifier les stocks disponibles sur le site).\u00a0 Manches courtes, Tubulaire, 100% coton semi-peign\u00e9 Ringspun, Bande de propret\u00e9 au col, Col avec bord &hellip; <\/p>\n","protected":false},"featured_media":1728,"comment_status":"open","ping_status":"closed","template":"","meta":[],"product_brand":[],"product_cat":[15,38],"product_tag":[],"class_list":{"0":"post-1718","1":"product","2":"type-product","3":"status-publish","4":"has-post-thumbnail","6":"product_cat-non-classe","7":"product_cat-tee-shirt","9":"first","10":"instock","11":"featured","12":"shipping-taxable","13":"purchasable","14":"product-type-variable"},"jetpack_sharing_enabled":true,"_links":{"self":[{"href":"https:\/\/talencegymnastique.fr\/index.php?rest_route=\/wp\/v2\/product\/1718","targetHints":{"allow":["GET"]}}],"collection":[{"href":"https:\/\/talencegymnastique.fr\/index.php?rest_route=\/wp\/v2\/product"}],"about":[{"href":"https:\/\/talencegymnastique.fr\/index.php?rest_route=\/wp\/v2\/types\/product"}],"replies":[{"embeddable":true,"href":"https:\/\/talencegymnastique.fr\/index.php?rest_route=%2Fwp%2Fv2%2Fcomments&post=1718"}],"wp:featuredmedia":[{"embeddable":true,"href":"https:\/\/talencegymnastique.fr\/index.php?rest_route=\/wp\/v2\/media\/1728"}],"wp:attachment":[{"href":"https:\/\/talencegymnastique.fr\/index.php?rest_route=%2Fwp%2Fv2%2Fmedia&parent=1718"}],"wp:term":[{"taxonomy":"product_brand","embeddable":true,"href":"https:\/\/talencegymnastique.fr\/index.php?rest_route=%2Fwp%2Fv2%2Fproduct_brand&post=1718"},{"taxonomy":"product_cat","embeddable":true,"href":"https:\/\/talencegymnastique.fr\/index.php?rest_route=%2Fwp%2Fv2%2Fproduct_cat&post=1718"},{"taxonomy":"product_tag","embeddable":true,"href":"https:\/\/talencegymnastique.fr\/index.php?rest_route=%2Fwp%2Fv2%2Fproduct_tag&post=1718"}],"curies":[{"name":"wp","href":"https:\/\/api.w.org\/{rel}","templated":true}]}}